{"id":74301,"date":"2025-04-01T10:07:15","date_gmt":"2025-04-01T14:07:15","guid":{"rendered":"https:\/\/abordage.com\/terminos-y-condiciones\/"},"modified":"2026-02-01T17:34:03","modified_gmt":"2026-02-01T21:34:03","slug":"terminos-y-condiciones","status":"publish","type":"page","link":"https:\/\/abordage.com\/es\/terminos-y-condiciones\/","title":{"rendered":"T\u00e9rminos y condiciones"},"content":{"rendered":"\t\t<div data-elementor-type=\"wp-page\" data-elementor-id=\"74301\" class=\"elementor elementor-74301 elementor-57294\" data-elementor-post-type=\"page\">\n\t\t\t\t<div class=\"elementor-element elementor-element-230379de e-flex e-con-boxed e-con e-parent\" data-id=\"230379de\" data-element_type=\"container\">\n\t\t\t\t\t<div class=\"e-con-inner\">\n\t\t\t\t<div class=\"elementor-element elementor-element-5528861 elementor-widget elementor-widget-text-editor\" data-id=\"5528861\" data-element_type=\"widget\" data-widget_type=\"text-editor.default\">\n\t\t\t\t<div class=\"elementor-widget-container\">\n\t\t\t\t\t\t\t\t\t\n<h1 class=\"wp-block-heading\">Condiciones de uso<\/h1>\n\n<h3 class=\"wp-block-heading\">1 . POL\u00cdTICA GENERAL DE DEVOLUCIONES<\/h3>\n\n<p>Queremos que quedes plenamente satisfecho con la compra realizada en Abordage. Si no est\u00e1s satisfecho, aceptamos devoluciones o cambios en un plazo de 14 D\u00cdAS DESDE LA FECHA DE ENV\u00cdO ORIGINAL, siempre que se cumplan los siguientes criterios:<br>&#8211; El art\u00edculo se compr\u00f3 en ABORDAGE.<br>&#8211; El art\u00edculo est\u00e1 nuevo y sin usar, sin signos de desgaste o uso.<br>&#8211; El art\u00edculo es un producto en serie, no un producto personalizado.<br>\u00bfHas recibido un art\u00edculo da\u00f1ado o defectuoso?<\/p>\n\n<h3 class=\"wp-block-heading\">2 . EL PROCESO DE DEVOLUCI\u00d3N\/CAMBIO<br>ENV\u00cdANOS TU DEVOLUCI\u00d3N<\/h3>\n\n<p>Para tu protecci\u00f3n y para asegurarte un reembolso completo, te recomendamos lo siguiente:<br>&#8211; Utiliza los materiales de embalaje y la caja originales.<br>&#8211; Env\u00eda la devoluci\u00f3n con UPS.<\/p>\n\n<h3 class=\"wp-block-heading\">3 . OBT\u00c9N UN REEMBOLSO O CR\u00c9DITO EN LA TIENDA<\/h3>\n\n<p>1-2 semanas tras la recepci\u00f3n e inspecci\u00f3n Abordage emitir\u00e1 un reembolso del precio de compra pagado menos los gastos de env\u00edo, si procede.<br>Se emite un reembolso a la tarjeta de cr\u00e9dito de compra original en un plazo de 5 d\u00edas laborables tras la recepci\u00f3n del producto o productos. Por lo general, el reembolso tarda entre 1 y 5 d\u00edas laborables m\u00e1s en contabilizarse o aparecer en el extracto de la tarjeta de cr\u00e9dito.<br>Los art\u00edculos recibidos como regalo pueden optar a un cr\u00e9dito en la tienda o a un cambio de art\u00edculo.<br>Los gastos de env\u00edo no son reembolsables a menos que se trate de un error por nuestra parte.<br>Si el pedido que se devuelve se benefici\u00f3 de una promoci\u00f3n, por ejemplo, gastos de env\u00edo gratuitos o un cup\u00f3n, el valor de la promoci\u00f3n se deducir\u00e1 del reembolso.<br>Los env\u00edos\/pedidos rechazados estar\u00e1n sujetos a una tasa de 10 $ y se les podr\u00e1 aplicar una tasa adicional de reposici\u00f3n del 25%. La tasa se deducir\u00e1 del importe del reembolso.<br>Todos los pedidos devueltos pueden estar sujetos a una tasa de reposici\u00f3n del 25%, debido a da\u00f1os ocasionados por el cliente, o a un mal reembalaje de los art\u00edculos devueltos. La cuota se deducir\u00e1 del importe de la devoluci\u00f3n.<\/p>\n\t\t\t\t\t\t\t\t<\/div>\n\t\t\t\t<\/div>\n\t\t\t\t\t<\/div>\n\t\t\t\t<\/div>\n\t\t\t\t<\/div>\n\t\t","protected":false},"excerpt":{"rendered":"<p>Condiciones de uso 1 . POL\u00cdTICA GENERAL DE DEVOLUCIONES Queremos que quedes plenamente satisfecho con la compra realizada en Abordage. [&hellip;]<\/p>\n","protected":false},"author":1,"featured_media":0,"parent":0,"menu_order":0,"comment_status":"closed","ping_status":"closed","template":"","meta":{"site-sidebar-layout":"default","site-content-layout":"","ast-site-content-layout":"default","site-content-style":"default","site-sidebar-style":"default","ast-global-header-display":"","ast-banner-title-visibility":"","ast-main-header-display":"","ast-hfb-above-header-display":"","ast-hfb-below-header-display":"","ast-hfb-mobile-header-display":"","site-post-title":"","ast-breadcrumbs-content":"","ast-featured-img":"","footer-sml-layout":"","theme-transparent-header-meta":"","adv-header-id-meta":"","stick-header-meta":"","header-above-stick-meta":"","header-main-stick-meta":"","header-below-stick-meta":"","astra-migrate-meta-layouts":"default","ast-page-background-enabled":"default","ast-page-background-meta":{"desktop":{"background-color":"var(--ast-global-color-5)","background-image":"","background-repeat":"repeat","background-position":"center center","background-size":"auto","background-attachment":"scroll","background-type":"","background-media":"","overlay-type":"","overlay-color":"","overlay-opacity":"","overlay-gradient":""},"tablet":{"background-color":"","background-image":"","background-repeat":"repeat","background-position":"center center","background-size":"auto","background-attachment":"scroll","background-type":"","background-media":"","overlay-type":"","overlay-color":"","overlay-opacity":"","overlay-gradient":""},"mobile":{"background-color":"","background-image":"","background-repeat":"repeat","background-position":"center center","background-size":"auto","background-attachment":"scroll","background-type":"","background-media":"","overlay-type":"","overlay-color":"","overlay-opacity":"","overlay-gradient":""}},"ast-content-background-meta":{"desktop":{"background-color":"var(--ast-global-color-4)","background-image":"","background-repeat":"repeat","background-position":"center center","background-size":"auto","background-attachment":"scroll","background-type":"","background-media":"","overlay-type":"","overlay-color":"","overlay-opacity":"","overlay-gradient":""},"tablet":{"background-color":"var(--ast-global-color-4)","background-image":"","background-repeat":"repeat","background-position":"center center","background-size":"auto","background-attachment":"scroll","background-type":"","background-media":"","overlay-type":"","overlay-color":"","overlay-opacity":"","overlay-gradient":""},"mobile":{"background-color":"var(--ast-global-color-4)","background-image":"","background-repeat":"repeat","background-position":"center center","background-size":"auto","background-attachment":"scroll","background-type":"","background-media":"","overlay-type":"","overlay-color":"","overlay-opacity":"","overlay-gradient":""}},"footnotes":""},"class_list":["post-74301","page","type-page","status-publish","hentry"],"_links":{"self":[{"href":"https:\/\/abordage.com\/es\/wp-json\/wp\/v2\/pages\/74301","targetHints":{"allow":["GET"]}}],"collection":[{"href":"https:\/\/abordage.com\/es\/wp-json\/wp\/v2\/pages"}],"about":[{"href":"https:\/\/abordage.com\/es\/wp-json\/wp\/v2\/types\/page"}],"author":[{"embeddable":true,"href":"https:\/\/abordage.com\/es\/wp-json\/wp\/v2\/users\/1"}],"replies":[{"embeddable":true,"href":"https:\/\/abordage.com\/es\/wp-json\/wp\/v2\/comments?post=74301"}],"version-history":[{"count":0,"href":"https:\/\/abordage.com\/es\/wp-json\/wp\/v2\/pages\/74301\/revisions"}],"wp:attachment":[{"href":"https:\/\/abordage.com\/es\/wp-json\/wp\/v2\/media?parent=74301"}],"curies":[{"name":"wp","href":"https:\/\/api.w.org\/{rel}","templated":true}]}}