{"id":74307,"date":"2025-04-01T10:08:59","date_gmt":"2025-04-01T14:08:59","guid":{"rendered":"https:\/\/abordage.com\/privacidad\/"},"modified":"2026-02-01T17:36:57","modified_gmt":"2026-02-01T21:36:57","slug":"privacidad","status":"publish","type":"page","link":"https:\/\/abordage.com\/es\/privacidad\/","title":{"rendered":"Privacidad"},"content":{"rendered":"\n<h3 class=\"wp-block-heading\">Pol\u00edtica de privacidad<\/h3>\n\n<p>Este sitio web es operado por abordage.Com y cuya direcci\u00f3n registrada es <em>zona franca, San Crist\u00f3bal Rep\u00fablica Dominicana<\/em> (\u00abNosotros\u00bb) nos comprometemos a proteger y preservar la privacidad de nuestros visitantes cuando visitan nuestro sitio o se comunican electr\u00f3nicamente con nosotros.<\/p>\n\n<p>Esta pol\u00edtica establece c\u00f3mo procesamos los datos personales que recopilamos de ti o que nos proporcionas a trav\u00e9s de nuestro sitio web. Confirmamos que mantendremos tus datos seguros y que cumpliremos plenamente toda la legislaci\u00f3n y normativa aplicables en materia de Protecci\u00f3n de Datos. Te rogamos que leas atentamente lo siguiente para comprender qu\u00e9 ocurre con los datos personales que decidas proporcionarnos o que recojamos de ti cuando visites este sitio. Al visitar<em> https:\/\/abordage.com<\/em> (nuestro sitio web) est\u00e1s aceptando y consintiendo las pr\u00e1cticas descritas en esta pol\u00edtica.   <\/p>\n\n<h4 class=\"wp-block-heading\">Tipos de informaci\u00f3n que podemos recabar de ti<\/h4>\n\n<p>Podemos recoger, almacenar y utilizar los siguientes tipos de informaci\u00f3n personal sobre las personas que visitan y utilizan nuestro sitio web:<\/p>\n\n<p><strong>Informaci\u00f3n que nos facilitas.<\/strong>  Puedes facilitarnos informaci\u00f3n sobre ti rellenando formularios en nuestro sitio web. Esto incluye la informaci\u00f3n que nos proporcionas cuando env\u00edas un formulario de contacto\/consulta. La informaci\u00f3n que nos facilites puede incluir tu nombre, direcci\u00f3n, direcci\u00f3n de correo electr\u00f3nico y n\u00famero de tel\u00e9fono,    <\/p>\n\n<p><strong>Informaci\u00f3n que nuestro sitio web recopila autom\u00e1ticamente sobre ti.<\/strong>  Con respecto a cada una de tus visitas a nuestro sitio web, podemos recopilar autom\u00e1ticamente informaci\u00f3n, incluida la siguiente:<\/p>\n\n<ul class=\"wp-block-list\">\n<li><strong>informaci\u00f3n t\u00e9cnica<\/strong>, incluida una versi\u00f3n truncada y anonimizada de tu direcci\u00f3n de protocolo de Internet (IP), tipo y versi\u00f3n de navegador, sistema operativo y plataforma;<\/li>\n\n\n\n<li><strong>informaci\u00f3n sobre tu visita<\/strong>, incluyendo qu\u00e9 p\u00e1ginas visitas, cu\u00e1nto tiempo est\u00e1s en el sitio, c\u00f3mo llegaste al sitio (incluyendo fecha y hora); tiempos de respuesta de las p\u00e1ginas, duraci\u00f3n de la visita, en qu\u00e9 haces clic, documentos descargados y errores de descarga.<\/li>\n<\/ul>\n\n<p><strong>Cookies<\/strong><\/p>\n\n<p>Nuestro sitio web utiliza cookies para distinguirte de otros usuarios de nuestro sitio web. Esto nos ayuda a proporcionarte una buena experiencia cuando navegas por nuestro sitio web y tambi\u00e9n nos permite mejorarlo. Para obtener informaci\u00f3n detallada sobre las cookies que utilizamos y los fines para los que las utilizamos, consulta nuestra Pol\u00edtica de cookies.  <\/p>\n\n<p><\/p>\n\n<h4 class=\"wp-block-heading\">C\u00f3mo podemos utilizar la informaci\u00f3n que recogemos<\/h4>\n\n<p>Utilizamos la informaci\u00f3n de las siguientes maneras:<\/p>\n\n<p><strong>Informaci\u00f3n que nos facilitas.  <\/strong>Utilizaremos esta informaci\u00f3n:<\/p>\n\n<ul class=\"wp-block-list\">\n<li>para proporcionarte la informaci\u00f3n y\/o los servicios que nos solicites;<\/li>\n<\/ul>\n\n<p><strong>Informaci\u00f3n que recopilamos autom\u00e1ticamente sobre ti.<\/strong>  Utilizaremos esta informaci\u00f3n:<\/p>\n\n<ul class=\"wp-block-list\">\n<li>para administrar nuestro sitio, incluyendo la resoluci\u00f3n de problemas y fines estad\u00edsticos;<\/li>\n\n\n\n<li>mejorar nuestro sitio para garantizar que el contenido se presenta de la manera m\u00e1s eficaz para ti y para tu ordenador;<\/li>\n\n\n\n<li>seguridad y depuraci\u00f3n como parte de nuestros esfuerzos por mantener nuestro sitio seguro y protegido.<\/li>\n<\/ul>\n\n<p>Esta informaci\u00f3n se recoge de forma an\u00f3nima y no est\u00e1 vinculada a informaci\u00f3n que te identifique como individuo. Utilizamos Google Analytics para rastrear esta informaci\u00f3n. Averigua c\u00f3mo utiliza Google tus datos en <a href=\"https:\/\/support.google.com\/analytics\/answer\/6004245\" target=\"_blank\" rel=\"noreferrer noopener\">https:\/\/support.google.com\/analytics\/answer\/6004245.<\/a> <em>[Haz este enlace a la p\u00e1gina de GoogleAnalytics].<\/em>  <\/p>\n\n<h4 class=\"wp-block-heading\">Divulgaci\u00f3n de tu informaci\u00f3n<\/h4>\n\n<p>Cualquier informaci\u00f3n que nos proporciones se nos enviar\u00e1 directamente por correo electr\u00f3nico o se almacenar\u00e1 en un servidor seguro. Utilizamos un proveedor externo de sitios web y alojamiento de confianza (OVH) para facilitar el funcionamiento y la gesti\u00f3n de este sitio web. OVH cumple altos est\u00e1ndares de seguridad y protecci\u00f3n de datos y est\u00e1 obligado por contrato a mantener la confidencialidad de cualquier informaci\u00f3n que procese en nuestro nombre. Cualquier dato que pueda recogerse a trav\u00e9s de este sitio web y que procese OVH, se mantiene seguro y s\u00f3lo se procesa de la forma que le indicamos. OVH no puede acceder, proporcionar, rectificar o eliminar ning\u00fan dato que almacene en nuestro nombre sin permiso.    <\/p>\n\n<p>No alquilamos, vendemos ni compartimos informaci\u00f3n personal sobre ti con otras personas o empresas no afiliadas.<\/p>\n\n<p>Haremos todos los esfuerzos razonables para garantizar que tus datos personales no sean revelados a instituciones y autoridades regionales\/nacionales, a menos que lo exija la ley u otras normativas.<\/p>\n\n<p>Lamentablemente, la transmisi\u00f3n de informaci\u00f3n a trav\u00e9s de Internet no es completamente segura. Aunque haremos todo lo posible para proteger tus datos personales, no podemos garantizar la seguridad de los datos transmitidos a nuestro sitio; cualquier transmisi\u00f3n se realiza por tu cuenta y riesgo. Una vez que hayamos recibido tu informaci\u00f3n, utilizaremos procedimientos estrictos y elementos de seguridad para tratar de impedir el acceso no autorizado.  <\/p>\n\n<h4 class=\"wp-block-heading\">Enlaces de terceros<\/h4>\n\n<p>Nuestro sitio puede, de vez en cuando, contener enlaces a y desde los sitios web de terceros. Si sigues un enlace a cualquiera de estos sitios web, ten en cuenta que estos sitios web tienen sus propias pol\u00edticas de privacidad y que no aceptamos ninguna responsabilidad u obligaci\u00f3n por estas pol\u00edticas. Comprueba estas pol\u00edticas antes de enviar cualquier dato personal a estos sitios web.  <\/p>\n\n<h4 class=\"wp-block-heading\">Tus derechos: acceso a tus datos personales<\/h4>\n\n<p>Tienes derecho a asegurarte de que tus datos personales se procesan legalmente (\u00abDerecho de acceso del sujeto\u00bb). Tu derecho de acceso puede ejercerse de acuerdo con las leyes y reglamentos de protecci\u00f3n de datos. Cualquier solicitud de acceso del sujeto debe hacerse por escrito a privacy@abordage.com . Te facilitaremos tus datos personales dentro de los plazos legales. Para poder rastrear cualquiera de tus datos personales que podamos estar conservando, es posible que necesitemos solicitarte m\u00e1s informaci\u00f3n. Si tienes alguna queja sobre c\u00f3mo hemos utilizado tus datos, tienes derecho a reclamar ante la Oficina del Comisario de Informaci\u00f3n (ICO).     <\/p>\n\n<h4 class=\"wp-block-heading\">Cambios en nuestra pol\u00edtica de privacidad<\/h4>\n\n<p>Cualquier cambio que podamos hacer en nuestra pol\u00edtica de privacidad en el futuro se publicar\u00e1 en esta p\u00e1gina y, cuando proceda, se te notificar\u00e1 por correo electr\u00f3nico. Vuelve a consultar esta p\u00e1gina con frecuencia para ver las actualizaciones o cambios de nuestra pol\u00edtica de privacidad. <\/p>\n\n<h4 class=\"wp-block-heading\">Ponte en contacto con<\/h4>\n\n<p>Las preguntas, comentarios y solicitudes sobre esta pol\u00edtica de privacidad son bienvenidos y deben dirigirse a <em>privacy@abordage.com.<\/em><\/p>\n","protected":false},"excerpt":{"rendered":"<p>Pol\u00edtica de privacidad Este sitio web es operado por abordage.Com y cuya direcci\u00f3n registrada es zona franca, San Crist\u00f3bal Rep\u00fablica [&hellip;]<\/p>\n","protected":false},"author":1,"featured_media":0,"parent":0,"menu_order":0,"comment_status":"closed","ping_status":"closed","template":"elementor_theme","meta":{"site-sidebar-layout":"default","site-content-layout":"","ast-site-content-layout":"default","site-content-style":"default","site-sidebar-style":"default","ast-global-header-display":"","ast-banner-title-visibility":"","ast-main-header-display":"","ast-hfb-above-header-display":"","ast-hfb-below-header-display":"","ast-hfb-mobile-header-display":"","site-post-title":"","ast-breadcrumbs-content":"","ast-featured-img":"","footer-sml-layout":"","theme-transparent-header-meta":"","adv-header-id-meta":"","stick-header-meta":"","header-above-stick-meta":"","header-main-stick-meta":"","header-below-stick-meta":"","astra-migrate-meta-layouts":"default","ast-page-background-enabled":"default","ast-page-background-meta":{"desktop":{"background-color":"var(--ast-global-color-5)","background-image":"","background-repeat":"repeat","background-position":"center center","background-size":"auto","background-attachment":"scroll","background-type":"","background-media":"","overlay-type":"","overlay-color":"","overlay-opacity":"","overlay-gradient":""},"tablet":{"background-color":"","background-image":"","background-repeat":"repeat","background-position":"center center","background-size":"auto","background-attachment":"scroll","background-type":"","background-media":"","overlay-type":"","overlay-color":"","overlay-opacity":"","overlay-gradient":""},"mobile":{"background-color":"","background-image":"","background-repeat":"repeat","background-position":"center center","background-size":"auto","background-attachment":"scroll","background-type":"","background-media":"","overlay-type":"","overlay-color":"","overlay-opacity":"","overlay-gradient":""}},"ast-content-background-meta":{"desktop":{"background-color":"var(--ast-global-color-4)","background-image":"","background-repeat":"repeat","background-position":"center center","background-size":"auto","background-attachment":"scroll","background-type":"","background-media":"","overlay-type":"","overlay-color":"","overlay-opacity":"","overlay-gradient":""},"tablet":{"background-color":"var(--ast-global-color-4)","background-image":"","background-repeat":"repeat","background-position":"center center","background-size":"auto","background-attachment":"scroll","background-type":"","background-media":"","overlay-type":"","overlay-color":"","overlay-opacity":"","overlay-gradient":""},"mobile":{"background-color":"var(--ast-global-color-4)","background-image":"","background-repeat":"repeat","background-position":"center center","background-size":"auto","background-attachment":"scroll","background-type":"","background-media":"","overlay-type":"","overlay-color":"","overlay-opacity":"","overlay-gradient":""}},"footnotes":""},"class_list":["post-74307","page","type-page","status-publish","hentry"],"_links":{"self":[{"href":"https:\/\/abordage.com\/es\/wp-json\/wp\/v2\/pages\/74307","targetHints":{"allow":["GET"]}}],"collection":[{"href":"https:\/\/abordage.com\/es\/wp-json\/wp\/v2\/pages"}],"about":[{"href":"https:\/\/abordage.com\/es\/wp-json\/wp\/v2\/types\/page"}],"author":[{"embeddable":true,"href":"https:\/\/abordage.com\/es\/wp-json\/wp\/v2\/users\/1"}],"replies":[{"embeddable":true,"href":"https:\/\/abordage.com\/es\/wp-json\/wp\/v2\/comments?post=74307"}],"version-history":[{"count":0,"href":"https:\/\/abordage.com\/es\/wp-json\/wp\/v2\/pages\/74307\/revisions"}],"wp:attachment":[{"href":"https:\/\/abordage.com\/es\/wp-json\/wp\/v2\/media?parent=74307"}],"curies":[{"name":"wp","href":"https:\/\/api.w.org\/{rel}","templated":true}]}}