{"id":73797,"date":"2021-02-12T17:18:56","date_gmt":"2021-02-12T17:18:56","guid":{"rendered":"https:\/\/abordage.com\/shop\/sin%20categor\u00eda\/ac-75-pupitre-patriot-modelo-2021-mn-a100\/"},"modified":"2026-02-01T16:30:48","modified_gmt":"2026-02-01T20:30:48","slug":"ac-75-pupitre-patriot-modelo-2021-mn-a100","status":"publish","type":"product","link":"https:\/\/abordage.com\/es\/shop\/boutique\/modelos-de-barcos\/barcos-de-la-copa-america\/ac-75-pupitre-patriot-modelo-2021-mn-a100\/","title":{"rendered":"AC 75 Pupitre PATRIOT modelo 2021 MN-A100"},"content":{"rendered":"<div>\n<ul>\n<li><span>Formada en octubre de 2017 por Bella Mente Racing, Quantum Racing y el New York Yacht Club, American Magic representa una visi\u00f3n conjunta para ganar la 36\u00aa America&#8217;s Cup. American Magic re\u00fane dos programas de regatas de gran \u00e9xito con uno de los clubes n\u00e1uticos m\u00e1s importantes del mundo, unidos por una campa\u00f1a para recuperar la Copa, volver a conectar a la base n\u00e1utica estadounidense con el principal evento del deporte y elevar la calidad de la vela de competici\u00f3n en Estados Unidos.   <\/span><\/li>\n<\/ul><\/div>\n<div>\n<div>\n<ul>\n<li><span face=\"Metropolis, Montserrat, sans-serif\">PATRIOT es el segundo AC75 de American Magic y represent\u00f3 al equipo en la America&#8217;s Cup World Series, la Prada Cup Challenger Series.<\/span><\/li>\n<li><span face=\"Metropolis, Montserrat, sans-serif\">PATRIOT fue construido por el equipo de producci\u00f3n en Bristol, Rhode Island, y fue transportado en avi\u00f3n a Auckland, Nueva Zelanda, en septiembre de 2020.<\/span><\/li>\n<\/ul><\/div>\n<div>\n<ul>\n<li><span face=\"Metropolis, Montserrat, sans-serif\">Modelo de escritorio AC 75 PATRIOT, escala 1\/100 o 9 pulgadas LOA.<\/span><\/li>\n<li><span face=\"Metropolis, Montserrat, sans-serif\">Las dimensiones de la base son 10&#8243; L x 4,5&#8243; A<\/span><\/li>\n<li><span face=\"Metropolis, Montserrat, sans-serif\">Dimensiones de la vitrina 10,25&#8243; de largo x 4,75&#8243; de ancho x 13,5&#8243; de alto<\/span><\/li>\n<\/ul><\/div>\n<\/p><\/div>\n","protected":false},"excerpt":{"rendered":"<p>Apoya al AMERICAN MAGIC TEAM con este magn\u00edfico modelo de escritorio del AC 75 PATRIOT modelo 2021.<\/p>\n<p>Construido a escala 1\/100 o 9 pulgadas de longitud.<\/p>\n<p>Se presenta en un estuche protector.<\/p>\n","protected":false},"featured_media":18174,"comment_status":"open","ping_status":"closed","template":"","meta":{"site-sidebar-layout":"default","site-content-layout":"","ast-site-content-layout":"default","site-content-style":"default","site-sidebar-style":"default","ast-global-header-display":"","ast-banner-title-visibility":"","ast-main-header-display":"","ast-hfb-above-header-display":"","ast-hfb-below-header-display":"","ast-hfb-mobile-header-display":"","site-post-title":"","ast-breadcrumbs-content":"","ast-featured-img":"","footer-sml-layout":"","theme-transparent-header-meta":"","adv-header-id-meta":"","stick-header-meta":"","header-above-stick-meta":"","header-main-stick-meta":"","header-below-stick-meta":"","astra-migrate-meta-layouts":"default","ast-page-background-enabled":"default","ast-page-background-meta":{"desktop":{"background-color":"var(--ast-global-color-5)","background-image":"","background-repeat":"repeat","background-position":"center center","background-size":"auto","background-attachment":"scroll","background-type":"","background-media":"","overlay-type":"","overlay-color":"","overlay-opacity":"","overlay-gradient":""},"tablet":{"background-color":"","background-image":"","background-repeat":"repeat","background-position":"center center","background-size":"auto","background-attachment":"scroll","background-type":"","background-media":"","overlay-type":"","overlay-color":"","overlay-opacity":"","overlay-gradient":""},"mobile":{"background-color":"","background-image":"","background-repeat":"repeat","background-position":"center center","background-size":"auto","background-attachment":"scroll","background-type":"","background-media":"","overlay-type":"","overlay-color":"","overlay-opacity":"","overlay-gradient":""}},"ast-content-background-meta":{"desktop":{"background-color":"var(--ast-global-color-4)","background-image":"","background-repeat":"repeat","background-position":"center center","background-size":"auto","background-attachment":"scroll","background-type":"","background-media":"","overlay-type":"","overlay-color":"","overlay-opacity":"","overlay-gradient":""},"tablet":{"background-color":"var(--ast-global-color-4)","background-image":"","background-repeat":"repeat","background-position":"center center","background-size":"auto","background-attachment":"scroll","background-type":"","background-media":"","overlay-type":"","overlay-color":"","overlay-opacity":"","overlay-gradient":""},"mobile":{"background-color":"var(--ast-global-color-4)","background-image":"","background-repeat":"repeat","background-position":"center center","background-size":"auto","background-attachment":"scroll","background-type":"","background-media":"","overlay-type":"","overlay-color":"","overlay-opacity":"","overlay-gradient":""}}},"product_brand":[],"product_cat":[10323,10326,10333],"product_tag":[10364,10398,10384,10383,10385],"class_list":{"0":"post-73797","1":"product","2":"type-product","3":"status-publish","4":"has-post-thumbnail","6":"product_cat-modelos-de-barcos","7":"product_cat-barcos-de-la-copa-america","8":"product_cat-modelos-de-escritorio","9":"product_tag-abordaje","10":"product_tag-ac-75-escritorio-patriot-modelo-2021-mn-a100","11":"product_tag-americascup","12":"product_tag-boutique","13":"product_tag-modelo-de-sobremesa","14":"desktop-align-center","15":"tablet-align-left","16":"mobile-align-left","17":"ast-product-gallery-layout-horizontal-slider","18":"ast-magnify-disabled","19":"ast-product-tabs-layout-accordion","20":"ast-qv-on-image","22":"first","23":"instock","24":"shipping-taxable","25":"purchasable","26":"product-type-simple"},"_links":{"self":[{"href":"https:\/\/abordage.com\/es\/wp-json\/wp\/v2\/product\/73797","targetHints":{"allow":["GET"]}}],"collection":[{"href":"https:\/\/abordage.com\/es\/wp-json\/wp\/v2\/product"}],"about":[{"href":"https:\/\/abordage.com\/es\/wp-json\/wp\/v2\/types\/product"}],"replies":[{"embeddable":true,"href":"https:\/\/abordage.com\/es\/wp-json\/wp\/v2\/comments?post=73797"}],"version-history":[{"count":0,"href":"https:\/\/abordage.com\/es\/wp-json\/wp\/v2\/product\/73797\/revisions"}],"wp:featuredmedia":[{"embeddable":true,"href":"https:\/\/abordage.com\/es\/wp-json\/wp\/v2\/media\/18174"}],"wp:attachment":[{"href":"https:\/\/abordage.com\/es\/wp-json\/wp\/v2\/media?parent=73797"}],"wp:term":[{"taxonomy":"product_brand","embeddable":true,"href":"https:\/\/abordage.com\/es\/wp-json\/wp\/v2\/product_brand?post=73797"},{"taxonomy":"product_cat","embeddable":true,"href":"https:\/\/abordage.com\/es\/wp-json\/wp\/v2\/product_cat?post=73797"},{"taxonomy":"product_tag","embeddable":true,"href":"https:\/\/abordage.com\/es\/wp-json\/wp\/v2\/product_tag?post=73797"}],"curies":[{"name":"wp","href":"https:\/\/api.w.org\/{rel}","templated":true}]}}