{"id":73882,"date":"2017-05-24T17:42:00","date_gmt":"2017-05-24T17:42:00","guid":{"rendered":"https:\/\/abordage.com\/shop\/sin%20categor\u00eda\/emirates-team-new-zealand-catamaran-ac-50-2017-modelo-de-escritorio\/"},"modified":"2026-02-23T07:57:40","modified_gmt":"2026-02-23T11:57:40","slug":"emirates-team-new-zealand-catamaran-ac-50-2017-modelo-de-escritorio","status":"publish","type":"product","link":"https:\/\/abordage.com\/es\/shop\/boutique\/modelos-de-barcos\/barcos-de-la-copa-america\/emirates-team-new-zealand-catamaran-ac-50-2017-modelo-de-escritorio\/","title":{"rendered":"Emirates Team New Zealand &#8211; Catamar\u00e1n AC 50 &#8211; 2017 &#8211; modelo de escritorio"},"content":{"rendered":"<p>Escala 1\/64<\/p>\n<p>9,25&#8243; de largo x 5,25&#8243; de ancho x 16&#8243; de alto ( o 23,5 cm de largo x 13,4 cm de ancho x 41 cm de alto )<\/p>\n<p><span>Este modelo de sobremesa de alta gama de Catamar\u00e1n AC 50, fabricado en resina, piezas fotograbadas, base acr\u00edlica, telas North Sails, viene con soporte y una cubierta de plexigl\u00e1s 11,75&#8243; L x 8&#8243; A x18 A (o 30 cm L x 20 cm A x 46 cm A)<\/span><\/p>\n","protected":false},"excerpt":{"rendered":"<p>El Emirates Team New Zealand &#8211; Catamar\u00e1n AC 50 &#8211; 2017 &#8211; modelo de escritorio, ganador de la 35\u00aa Copa Am\u00e9rica en Bermudas.<\/p>\n","protected":false},"featured_media":15163,"comment_status":"open","ping_status":"closed","template":"","meta":{"site-sidebar-layout":"default","site-content-layout":"","ast-site-content-layout":"default","site-content-style":"default","site-sidebar-style":"default","ast-global-header-display":"","ast-banner-title-visibility":"","ast-main-header-display":"","ast-hfb-above-header-display":"","ast-hfb-below-header-display":"","ast-hfb-mobile-header-display":"","site-post-title":"","ast-breadcrumbs-content":"","ast-featured-img":"","footer-sml-layout":"","theme-transparent-header-meta":"","adv-header-id-meta":"","stick-header-meta":"","header-above-stick-meta":"","header-main-stick-meta":"","header-below-stick-meta":"","astra-migrate-meta-layouts":"default","ast-page-background-enabled":"default","ast-page-background-meta":{"desktop":{"background-color":"var(--ast-global-color-5)","background-image":"","background-repeat":"repeat","background-position":"center center","background-size":"auto","background-attachment":"scroll","background-type":"","background-media":"","overlay-type":"","overlay-color":"","overlay-opacity":"","overlay-gradient":""},"tablet":{"background-color":"","background-image":"","background-repeat":"repeat","background-position":"center center","background-size":"auto","background-attachment":"scroll","background-type":"","background-media":"","overlay-type":"","overlay-color":"","overlay-opacity":"","overlay-gradient":""},"mobile":{"background-color":"","background-image":"","background-repeat":"repeat","background-position":"center center","background-size":"auto","background-attachment":"scroll","background-type":"","background-media":"","overlay-type":"","overlay-color":"","overlay-opacity":"","overlay-gradient":""}},"ast-content-background-meta":{"desktop":{"background-color":"var(--ast-global-color-4)","background-image":"","background-repeat":"repeat","background-position":"center center","background-size":"auto","background-attachment":"scroll","background-type":"","background-media":"","overlay-type":"","overlay-color":"","overlay-opacity":"","overlay-gradient":""},"tablet":{"background-color":"var(--ast-global-color-4)","background-image":"","background-repeat":"repeat","background-position":"center center","background-size":"auto","background-attachment":"scroll","background-type":"","background-media":"","overlay-type":"","overlay-color":"","overlay-opacity":"","overlay-gradient":""},"mobile":{"background-color":"var(--ast-global-color-4)","background-image":"","background-repeat":"repeat","background-position":"center center","background-size":"auto","background-attachment":"scroll","background-type":"","background-media":"","overlay-type":"","overlay-color":"","overlay-opacity":"","overlay-gradient":""}}},"product_brand":[],"product_cat":[10326,10333],"product_tag":[10364,10384,10383,10407,10385],"class_list":{"0":"post-73882","1":"product","2":"type-product","3":"status-publish","4":"has-post-thumbnail","6":"product_cat-barcos-de-la-copa-america","7":"product_cat-modelos-de-escritorio","8":"product_tag-abordaje","9":"product_tag-americascup","10":"product_tag-boutique","11":"product_tag-equipo-emirates-nueva-zelanda-catamaran-ac-50-2017-modelo-de-escritorio","12":"product_tag-modelo-de-sobremesa","13":"desktop-align-center","14":"tablet-align-left","15":"mobile-align-left","16":"ast-product-gallery-layout-horizontal-slider","17":"ast-magnify-disabled","18":"ast-product-tabs-layout-accordion","19":"ast-qv-on-image","21":"first","22":"instock","23":"shipping-taxable","24":"purchasable","25":"product-type-simple"},"_links":{"self":[{"href":"https:\/\/abordage.com\/es\/wp-json\/wp\/v2\/product\/73882","targetHints":{"allow":["GET"]}}],"collection":[{"href":"https:\/\/abordage.com\/es\/wp-json\/wp\/v2\/product"}],"about":[{"href":"https:\/\/abordage.com\/es\/wp-json\/wp\/v2\/types\/product"}],"replies":[{"embeddable":true,"href":"https:\/\/abordage.com\/es\/wp-json\/wp\/v2\/comments?post=73882"}],"version-history":[{"count":0,"href":"https:\/\/abordage.com\/es\/wp-json\/wp\/v2\/product\/73882\/revisions"}],"wp:featuredmedia":[{"embeddable":true,"href":"https:\/\/abordage.com\/es\/wp-json\/wp\/v2\/media\/15163"}],"wp:attachment":[{"href":"https:\/\/abordage.com\/es\/wp-json\/wp\/v2\/media?parent=73882"}],"wp:term":[{"taxonomy":"product_brand","embeddable":true,"href":"https:\/\/abordage.com\/es\/wp-json\/wp\/v2\/product_brand?post=73882"},{"taxonomy":"product_cat","embeddable":true,"href":"https:\/\/abordage.com\/es\/wp-json\/wp\/v2\/product_cat?post=73882"},{"taxonomy":"product_tag","embeddable":true,"href":"https:\/\/abordage.com\/es\/wp-json\/wp\/v2\/product_tag?post=73882"}],"curies":[{"name":"wp","href":"https:\/\/api.w.org\/{rel}","templated":true}]}}