{"id":74054,"date":"2014-03-20T16:17:42","date_gmt":"2014-03-20T16:17:42","guid":{"rendered":"https:\/\/abordage.com\/shop\/sin%20categor\u00eda\/australia-ii-1983\/"},"modified":"2026-02-01T16:32:15","modified_gmt":"2026-02-01T20:32:15","slug":"australia-ii-1983","status":"publish","type":"product","link":"https:\/\/abordage.com\/es\/shop\/boutique\/modelos-de-barcos\/barcos-de-la-copa-america\/australia-ii-1983\/","title":{"rendered":"Australia II 1983"},"content":{"rendered":"<p>El Australia II (KA 6) es un yate de<strong>regatas australiano de 12 metros de eslora<\/strong> que fue botado en <strong>1982<\/strong> y gan\u00f3 la <strong>Copa Am\u00e9rica<\/strong> <strong>de 1983<\/strong> para el <strong>Royal Perth Yacht Club<\/strong>.<\/p>\n<p>Patroneado por John Bertrand, fue el<strong> primer Challenger de la Copa que triunf\u00f3<\/strong>, poniendo fin a <strong>132 a\u00f1os (con 26 defensas exitosas) del New York Yacht Club.<\/strong><\/p>\n<p>Dise\u00f1ado por <strong>Ben Lexcen<\/strong>, construido por <strong>Steve Ward,<\/strong> propiedad de <strong>Alan Bond<\/strong> y timoneado por<strong> John Bertrand.<\/strong> El dise\u00f1o del Australia II de Lexcen presentaba una eslora de flotaci\u00f3n reducida y una quilla alada de cuerda corta que daba al barco una ventaja significativa en maniobrabilidad y momento escorante (menor C de G del lastre), pero era una desventaja significativa en mar picado. El barco tambi\u00e9n era muy r\u00e1pido en estancias.La quilla alada supuso un gran avance en el dise\u00f1o, y su legalidad fue cuestionada por el Club N\u00e1utico de Nueva York.<\/p>\n<p>Durante el verano de 1983, mientras se realizaban las pruebas de selecci\u00f3n para la defensa de la Copa ese oto\u00f1o, el New York Yacht Club impugn\u00f3 la legalidad del dise\u00f1o de la quilla. La controversia se decidi\u00f3 a favor de Australia II. El Australia II presentaba otras caracter\u00edsticas innovadoras que contribuyeron a su \u00e9xito, como un dise\u00f1o radical de velas verticales, jarcia de labor totalmente de kevlar y una ligera botavara de fibra de carbono.<\/p>\n<p>De Wikipedia<\/p>\n","protected":false},"excerpt":{"rendered":"<p>Compra este modelo del Australia II que gan\u00f3 la <strong>Copa Am\u00e9rica en 1983.<\/strong><\/p>\n","protected":false},"featured_media":13402,"comment_status":"open","ping_status":"closed","template":"","meta":{"site-sidebar-layout":"default","site-content-layout":"","ast-site-content-layout":"default","site-content-style":"default","site-sidebar-style":"default","ast-global-header-display":"","ast-banner-title-visibility":"","ast-main-header-display":"","ast-hfb-above-header-display":"","ast-hfb-below-header-display":"","ast-hfb-mobile-header-display":"","site-post-title":"","ast-breadcrumbs-content":"","ast-featured-img":"","footer-sml-layout":"","theme-transparent-header-meta":"","adv-header-id-meta":"","stick-header-meta":"","header-above-stick-meta":"","header-main-stick-meta":"","header-below-stick-meta":"","astra-migrate-meta-layouts":"default","ast-page-background-enabled":"default","ast-page-background-meta":{"desktop":{"background-color":"var(--ast-global-color-5)","background-image":"","background-repeat":"repeat","background-position":"center center","background-size":"auto","background-attachment":"scroll","background-type":"","background-media":"","overlay-type":"","overlay-color":"","overlay-opacity":"","overlay-gradient":""},"tablet":{"background-color":"","background-image":"","background-repeat":"repeat","background-position":"center center","background-size":"auto","background-attachment":"scroll","background-type":"","background-media":"","overlay-type":"","overlay-color":"","overlay-opacity":"","overlay-gradient":""},"mobile":{"background-color":"","background-image":"","background-repeat":"repeat","background-position":"center center","background-size":"auto","background-attachment":"scroll","background-type":"","background-media":"","overlay-type":"","overlay-color":"","overlay-opacity":"","overlay-gradient":""}},"ast-content-background-meta":{"desktop":{"background-color":"var(--ast-global-color-4)","background-image":"","background-repeat":"repeat","background-position":"center center","background-size":"auto","background-attachment":"scroll","background-type":"","background-media":"","overlay-type":"","overlay-color":"","overlay-opacity":"","overlay-gradient":""},"tablet":{"background-color":"var(--ast-global-color-4)","background-image":"","background-repeat":"repeat","background-position":"center center","background-size":"auto","background-attachment":"scroll","background-type":"","background-media":"","overlay-type":"","overlay-color":"","overlay-opacity":"","overlay-gradient":""},"mobile":{"background-color":"var(--ast-global-color-4)","background-image":"","background-repeat":"repeat","background-position":"center center","background-size":"auto","background-attachment":"scroll","background-type":"","background-media":"","overlay-type":"","overlay-color":"","overlay-opacity":"","overlay-gradient":""}}},"product_brand":[],"product_cat":[10326],"product_tag":[10364,10384,10423,10383,10434,10421,10422],"class_list":{"0":"post-74054","1":"product","2":"type-product","3":"status-publish","4":"has-post-thumbnail","6":"product_cat-barcos-de-la-copa-america","7":"product_tag-abordaje","8":"product_tag-americascup","9":"product_tag-australia-ii-1983","10":"product_tag-boutique","11":"product_tag-copa-america-2","12":"product_tag-copa-america","13":"product_tag-replica","14":"desktop-align-center","15":"tablet-align-left","16":"mobile-align-left","17":"ast-product-gallery-layout-horizontal-slider","18":"ast-magnify-disabled","19":"ast-product-tabs-layout-accordion","20":"ast-qv-on-image","22":"first","23":"instock","24":"shipping-taxable","25":"purchasable","26":"product-type-simple"},"_links":{"self":[{"href":"https:\/\/abordage.com\/es\/wp-json\/wp\/v2\/product\/74054","targetHints":{"allow":["GET"]}}],"collection":[{"href":"https:\/\/abordage.com\/es\/wp-json\/wp\/v2\/product"}],"about":[{"href":"https:\/\/abordage.com\/es\/wp-json\/wp\/v2\/types\/product"}],"replies":[{"embeddable":true,"href":"https:\/\/abordage.com\/es\/wp-json\/wp\/v2\/comments?post=74054"}],"version-history":[{"count":0,"href":"https:\/\/abordage.com\/es\/wp-json\/wp\/v2\/product\/74054\/revisions"}],"wp:featuredmedia":[{"embeddable":true,"href":"https:\/\/abordage.com\/es\/wp-json\/wp\/v2\/media\/13402"}],"wp:attachment":[{"href":"https:\/\/abordage.com\/es\/wp-json\/wp\/v2\/media?parent=74054"}],"wp:term":[{"taxonomy":"product_brand","embeddable":true,"href":"https:\/\/abordage.com\/es\/wp-json\/wp\/v2\/product_brand?post=74054"},{"taxonomy":"product_cat","embeddable":true,"href":"https:\/\/abordage.com\/es\/wp-json\/wp\/v2\/product_cat?post=74054"},{"taxonomy":"product_tag","embeddable":true,"href":"https:\/\/abordage.com\/es\/wp-json\/wp\/v2\/product_tag?post=74054"}],"curies":[{"name":"wp","href":"https:\/\/api.w.org\/{rel}","templated":true}]}}