{"id":74083,"date":"2014-03-20T15:46:50","date_gmt":"2014-03-20T15:46:50","guid":{"rendered":"https:\/\/abordage.com\/shop\/sin categor\u00eda\/intrepid-1967\/"},"modified":"2014-03-20T15:46:50","modified_gmt":"2014-03-20T19:46:50","slug":"intrepid-1967","status":"publish","type":"product","link":"https:\/\/abordage.com\/es\/shop\/boutique\/modelos-de-barcos\/barcos-de-la-copa-america\/intrepid-1967\/","title":{"rendered":"Intrepid 1967"},"content":{"rendered":"<p>El Intrepid es un <strong>yate de clase 12 metros que gan\u00f3 la Copa Am\u00e9rica en 1967 y de nuevo en 1970.<\/strong><\/p>\n<p>El Intrepid fue dise\u00f1ado por Olin Stephens, y se construy\u00f3 con<strong>caoba de doble tabl\u00f3n<\/strong> sobre <strong>armaz\u00f3n de roble<\/strong> blanco. Present\u00f3 importantes innovaciones tanto por encima como por debajo de la l\u00ednea de flotaci\u00f3n.<\/p>\n<p>Se separ\u00f3 el tim\u00f3n de la quilla y se a\u00f1adi\u00f3 una aleta de centrado. Este nuevo tipo general de carrocer\u00eda inferior, con refinamientos relativamente menores, se utiliz\u00f3 en todos los barcos de la Copa posteriores hasta la quilla alada del Australia II de 12 metros de 1983.<\/p>\n<p>En 1967, el Intrepid estaba patroneado por Emil \u00abBus\u00bb Mosbacher, y derrot\u00f3 a la aspirante australiana Dame Pattie. Redise\u00f1ada en 1970 por Britton Chance, Jr. y patroneada por Bill Ficker ese a\u00f1o, derrot\u00f3 a otra aspirante australiana, Gretel II.<\/p>\n<p>De wikipedia<\/p>\n","protected":false},"excerpt":{"rendered":"<h4>Realmente bien hecha, esta maqueta del Intrepid en madera dura tropical gan\u00f3 la Copa Am\u00e9rica en 1967 y de nuevo en 1970.<\/h4>\n","protected":false},"featured_media":13396,"comment_status":"open","ping_status":"closed","template":"","meta":{"site-sidebar-layout":"default","site-content-layout":"","ast-site-content-layout":"default","site-content-style":"default","site-sidebar-style":"default","ast-global-header-display":"","ast-banner-title-visibility":"","ast-main-header-display":"","ast-hfb-above-header-display":"","ast-hfb-below-header-display":"","ast-hfb-mobile-header-display":"","site-post-title":"","ast-breadcrumbs-content":"","ast-featured-img":"","footer-sml-layout":"","theme-transparent-header-meta":"","adv-header-id-meta":"","stick-header-meta":"","header-above-stick-meta":"","header-main-stick-meta":"","header-below-stick-meta":"","astra-migrate-meta-layouts":"default","ast-page-background-enabled":"default","ast-page-background-meta":{"desktop":{"background-color":"var(--ast-global-color-5)","background-image":"","background-repeat":"repeat","background-position":"center center","background-size":"auto","background-attachment":"scroll","background-type":"","background-media":"","overlay-type":"","overlay-color":"","overlay-opacity":"","overlay-gradient":""},"tablet":{"background-color":"","background-image":"","background-repeat":"repeat","background-position":"center center","background-size":"auto","background-attachment":"scroll","background-type":"","background-media":"","overlay-type":"","overlay-color":"","overlay-opacity":"","overlay-gradient":""},"mobile":{"background-color":"","background-image":"","background-repeat":"repeat","background-position":"center center","background-size":"auto","background-attachment":"scroll","background-type":"","background-media":"","overlay-type":"","overlay-color":"","overlay-opacity":"","overlay-gradient":""}},"ast-content-background-meta":{"desktop":{"background-color":"var(--ast-global-color-4)","background-image":"","background-repeat":"repeat","background-position":"center center","background-size":"auto","background-attachment":"scroll","background-type":"","background-media":"","overlay-type":"","overlay-color":"","overlay-opacity":"","overlay-gradient":""},"tablet":{"background-color":"var(--ast-global-color-4)","background-image":"","background-repeat":"repeat","background-position":"center center","background-size":"auto","background-attachment":"scroll","background-type":"","background-media":"","overlay-type":"","overlay-color":"","overlay-opacity":"","overlay-gradient":""},"mobile":{"background-color":"var(--ast-global-color-4)","background-image":"","background-repeat":"repeat","background-position":"center center","background-size":"auto","background-attachment":"scroll","background-type":"","background-media":"","overlay-type":"","overlay-color":"","overlay-opacity":"","overlay-gradient":""}}},"product_brand":[10177],"product_cat":[10326],"product_tag":[10364,10384,10383,10434,10421,10435,10422],"class_list":{"0":"post-74083","1":"product","2":"type-product","3":"status-publish","4":"has-post-thumbnail","6":"product_brand-intrepid-powerboats","7":"product_cat-barcos-de-la-copa-america","8":"product_tag-abordaje","9":"product_tag-americascup","10":"product_tag-boutique","11":"product_tag-copa-america-2","12":"product_tag-copa-america","13":"product_tag-intrepido-1967","14":"product_tag-replica","15":"desktop-align-center","16":"tablet-align-left","17":"mobile-align-left","18":"ast-product-gallery-layout-horizontal-slider","19":"ast-magnify-disabled","20":"ast-product-tabs-layout-accordion","21":"ast-qv-on-image","23":"first","24":"instock","25":"shipping-taxable","26":"purchasable","27":"product-type-simple"},"_links":{"self":[{"href":"https:\/\/abordage.com\/es\/wp-json\/wp\/v2\/product\/74083","targetHints":{"allow":["GET"]}}],"collection":[{"href":"https:\/\/abordage.com\/es\/wp-json\/wp\/v2\/product"}],"about":[{"href":"https:\/\/abordage.com\/es\/wp-json\/wp\/v2\/types\/product"}],"replies":[{"embeddable":true,"href":"https:\/\/abordage.com\/es\/wp-json\/wp\/v2\/comments?post=74083"}],"version-history":[{"count":0,"href":"https:\/\/abordage.com\/es\/wp-json\/wp\/v2\/product\/74083\/revisions"}],"wp:featuredmedia":[{"embeddable":true,"href":"https:\/\/abordage.com\/es\/wp-json\/wp\/v2\/media\/13396"}],"wp:attachment":[{"href":"https:\/\/abordage.com\/es\/wp-json\/wp\/v2\/media?parent=74083"}],"wp:term":[{"taxonomy":"product_brand","embeddable":true,"href":"https:\/\/abordage.com\/es\/wp-json\/wp\/v2\/product_brand?post=74083"},{"taxonomy":"product_cat","embeddable":true,"href":"https:\/\/abordage.com\/es\/wp-json\/wp\/v2\/product_cat?post=74083"},{"taxonomy":"product_tag","embeddable":true,"href":"https:\/\/abordage.com\/es\/wp-json\/wp\/v2\/product_tag?post=74083"}],"curies":[{"name":"wp","href":"https:\/\/api.w.org\/{rel}","templated":true}]}}