{"id":74093,"date":"2014-02-19T16:49:41","date_gmt":"2014-02-19T16:49:41","guid":{"rendered":"https:\/\/abordage.com\/shop\/sin categor\u00eda\/columbia-1871\/"},"modified":"2026-02-01T16:32:27","modified_gmt":"2026-02-01T20:32:27","slug":"columbia-1871","status":"publish","type":"product","link":"https:\/\/abordage.com\/es\/shop\/boutique\/modelos-de-barcos\/barcos-de-la-copa-america\/columbia-1871\/","title":{"rendered":"Columbia 1871"},"content":{"rendered":"<p>El Columbia 1871 es una verdadera obra de arte. Construcci\u00f3n de tabl\u00f3n sobre mamparo, s\u00f3lo construimos peque\u00f1os lotes de producci\u00f3n de 10 unidades. Construcci\u00f3n artesanal exclusiva, se ha construido a partir de las mejores esencias de madera y materiales innovadores. Este modelo de Columbia combina la ejecuci\u00f3n cuidadosa de cada detalle con la alta calidad de los materiales y la artesan\u00eda. Los accesorios de cubierta son asombrosos y muy detallados. El modelo tiene la parte superior blanca, la banda de cala dorada y el fondo de madera te\u00f1ida y barnizada. El modelo viene con velas de algod\u00f3n y est\u00e1 listo para exponer.      <\/p>\n<p>El Columbia fue uno de los dos yates que defendieron con \u00e9xito la segunda regata de la Copa Am\u00e9rica en 1871 contra el desaf\u00edo ingl\u00e9s Livonia.<\/p>\n<p>Dise\u00f1o:Columbia era una goleta de orza de madera dise\u00f1ada y construida en 1871 por Joseph B. Van Deusen en Chester, Pensilvania, para el propietario Franklin Osgood, del Club N\u00e1utico de Nueva York.<\/p>\n<p>Carrera: Patroneado por Andrew J. Comstock, el Columbia gan\u00f3 las dos primeras regatas al mejor de siete contra el Livonia en 1871. Fue derrotado por el Livonia en la tercera regata, en la que el Columbia, da\u00f1ado desde la segunda regata, estaba patroneado por Horatio Nelson \u00abNelse\u00bb Comstock. Fue el primer defensor de la Copa Am\u00e9rica que cedi\u00f3 la victoria al retador. Como el Columbia sufri\u00f3 m\u00e1s da\u00f1os en esta tercera regata, no pudo competir en las regatas finales. El yate Sappho le sustituy\u00f3 y gan\u00f3 la Copa Am\u00e9rica por segunda vez para EE.UU. El Columbia puso fin a su carrera en las regatas en 1908, cuando fue desarbolado y utilizado como casa flotante en el puerto de Brooklyn, en el East River. Tres a\u00f1os m\u00e1s tarde fue reconstruido y naveg\u00f3 como crucero desde Newport News, Virginia. En 1920, el Columbia fue comprado por un pescador. Fue declarado perdido en 1923.       <\/p>\n<p>De Wikipedia<\/p>\n","protected":false},"excerpt":{"rendered":"<p><strong>Descubre nuestro nuevo modelo de barco Columbia 1871.  <\/strong><\/p>\n<p><strong>  Defensor de la Copa Am\u00e9rica, dise\u00f1ado por J.B. Deusen.<\/strong><\/p>\n","protected":false},"featured_media":13383,"comment_status":"open","ping_status":"closed","template":"","meta":{"site-sidebar-layout":"default","site-content-layout":"","ast-site-content-layout":"default","site-content-style":"default","site-sidebar-style":"default","ast-global-header-display":"","ast-banner-title-visibility":"","ast-main-header-display":"","ast-hfb-above-header-display":"","ast-hfb-below-header-display":"","ast-hfb-mobile-header-display":"","site-post-title":"","ast-breadcrumbs-content":"","ast-featured-img":"","footer-sml-layout":"","theme-transparent-header-meta":"","adv-header-id-meta":"","stick-header-meta":"","header-above-stick-meta":"","header-main-stick-meta":"","header-below-stick-meta":"","astra-migrate-meta-layouts":"default","ast-page-background-enabled":"default","ast-page-background-meta":{"desktop":{"background-color":"var(--ast-global-color-5)","background-image":"","background-repeat":"repeat","background-position":"center center","background-size":"auto","background-attachment":"scroll","background-type":"","background-media":"","overlay-type":"","overlay-color":"","overlay-opacity":"","overlay-gradient":""},"tablet":{"background-color":"","background-image":"","background-repeat":"repeat","background-position":"center center","background-size":"auto","background-attachment":"scroll","background-type":"","background-media":"","overlay-type":"","overlay-color":"","overlay-opacity":"","overlay-gradient":""},"mobile":{"background-color":"","background-image":"","background-repeat":"repeat","background-position":"center center","background-size":"auto","background-attachment":"scroll","background-type":"","background-media":"","overlay-type":"","overlay-color":"","overlay-opacity":"","overlay-gradient":""}},"ast-content-background-meta":{"desktop":{"background-color":"var(--ast-global-color-4)","background-image":"","background-repeat":"repeat","background-position":"center center","background-size":"auto","background-attachment":"scroll","background-type":"","background-media":"","overlay-type":"","overlay-color":"","overlay-opacity":"","overlay-gradient":""},"tablet":{"background-color":"var(--ast-global-color-4)","background-image":"","background-repeat":"repeat","background-position":"center center","background-size":"auto","background-attachment":"scroll","background-type":"","background-media":"","overlay-type":"","overlay-color":"","overlay-opacity":"","overlay-gradient":""},"mobile":{"background-color":"var(--ast-global-color-4)","background-image":"","background-repeat":"repeat","background-position":"center center","background-size":"auto","background-attachment":"scroll","background-type":"","background-media":"","overlay-type":"","overlay-color":"","overlay-opacity":"","overlay-gradient":""}}},"product_brand":[],"product_cat":[10326],"product_tag":[10364,10384,10383,10437,10421,10434,10422],"class_list":{"0":"post-74093","1":"product","2":"type-product","3":"status-publish","4":"has-post-thumbnail","6":"product_cat-barcos-de-la-copa-america","7":"product_tag-abordaje","8":"product_tag-americascup","9":"product_tag-boutique","10":"product_tag-columbia-1871","11":"product_tag-copa-america","12":"product_tag-copa-america-2","13":"product_tag-replica","14":"desktop-align-center","15":"tablet-align-left","16":"mobile-align-left","17":"ast-product-gallery-layout-horizontal-slider","18":"ast-magnify-disabled","19":"ast-product-tabs-layout-accordion","20":"ast-qv-on-image","22":"first","23":"instock","24":"shipping-taxable","25":"purchasable","26":"product-type-simple"},"_links":{"self":[{"href":"https:\/\/abordage.com\/es\/wp-json\/wp\/v2\/product\/74093","targetHints":{"allow":["GET"]}}],"collection":[{"href":"https:\/\/abordage.com\/es\/wp-json\/wp\/v2\/product"}],"about":[{"href":"https:\/\/abordage.com\/es\/wp-json\/wp\/v2\/types\/product"}],"replies":[{"embeddable":true,"href":"https:\/\/abordage.com\/es\/wp-json\/wp\/v2\/comments?post=74093"}],"version-history":[{"count":0,"href":"https:\/\/abordage.com\/es\/wp-json\/wp\/v2\/product\/74093\/revisions"}],"wp:featuredmedia":[{"embeddable":true,"href":"https:\/\/abordage.com\/es\/wp-json\/wp\/v2\/media\/13383"}],"wp:attachment":[{"href":"https:\/\/abordage.com\/es\/wp-json\/wp\/v2\/media?parent=74093"}],"wp:term":[{"taxonomy":"product_brand","embeddable":true,"href":"https:\/\/abordage.com\/es\/wp-json\/wp\/v2\/product_brand?post=74093"},{"taxonomy":"product_cat","embeddable":true,"href":"https:\/\/abordage.com\/es\/wp-json\/wp\/v2\/product_cat?post=74093"},{"taxonomy":"product_tag","embeddable":true,"href":"https:\/\/abordage.com\/es\/wp-json\/wp\/v2\/product_tag?post=74093"}],"curies":[{"name":"wp","href":"https:\/\/api.w.org\/{rel}","templated":true}]}}