{"id":74126,"date":"2013-07-18T22:10:26","date_gmt":"2013-07-18T22:10:26","guid":{"rendered":"https:\/\/abordage.com\/shop\/sin categor\u00eda\/equipo-oracle-ee-uu-17-ac-72-2013\/"},"modified":"2026-02-01T16:32:28","modified_gmt":"2026-02-01T20:32:28","slug":"equipo-oracle-ee-uu-17-ac-72-2013","status":"publish","type":"product","link":"https:\/\/abordage.com\/es\/shop\/boutique\/modelos-de-barcos\/barcos-de-la-copa-america\/equipo-oracle-ee-uu-17-ac-72-2013\/","title":{"rendered":"EQUIPO ORACLE EE.UU. 17 &#8211; AC 72 &#8211; 2013"},"content":{"rendered":"<p>  Abordage se enorgullece de ser el Proveedor Preferente de ORACLE TEAM USA y quiere compartir contigo su \u00faltimo modelo a escala: ORACLE TEAM USA &#8217;17&#8217;, Defensor de la 34\u00aa Copa Am\u00e9rica &#8211; San Francisco 2013.<\/p>\n<p>Escala 1\/100<\/p>\n<p>9,75&#8243; de largo x 5,5&#8243; de ancho x 16&#8243; de alto (o 25 cm de largo x 14 cm de ancho x 41 cm de alto)<\/p>\n<p>Este modelo de sobremesa de Catamar\u00e1n AC 72 de alta gama, fabricado en resina, piezas fotograbadas, base acr\u00edlica, telas North Sails, viene con soporte y una cubierta de plexigl\u00e1s 11,75&#8243; L x 8&#8243; A x18 A (o 30 cm L x 20 cm A x 46 cm A).<\/p><\/p>\n","protected":false},"excerpt":{"rendered":"<h4>Descubre el <strong>modelo de escritorio ORACLE TEAM USA &#8217;17&#8217; <\/strong>y su vitrina.<\/h4>\n<p>  Abordage se enorgullece de ser el Proveedor Preferente de ORACLE TEAM USA y quiere compartir contigo su \u00faltimo modelo a escala: ORACLE TEAM USA &#8217;17&#8217;, Defensor de la 34\u00aa Copa Am\u00e9rica &#8211; San Francisco 2013.<\/p>\n<p>Escala 1\/100<\/p>\n<p>9,75&#8243; de largo x 5,5&#8243; de ancho x 16&#8243; de alto (o 25 cm de largo x 14 cm de ancho x 41 cm de alto)<\/p>\n","protected":false},"featured_media":13341,"comment_status":"open","ping_status":"closed","template":"","meta":{"site-sidebar-layout":"default","site-content-layout":"","ast-site-content-layout":"default","site-content-style":"default","site-sidebar-style":"default","ast-global-header-display":"","ast-banner-title-visibility":"","ast-main-header-display":"","ast-hfb-above-header-display":"","ast-hfb-below-header-display":"","ast-hfb-mobile-header-display":"","site-post-title":"","ast-breadcrumbs-content":"","ast-featured-img":"","footer-sml-layout":"","theme-transparent-header-meta":"","adv-header-id-meta":"","stick-header-meta":"","header-above-stick-meta":"","header-main-stick-meta":"","header-below-stick-meta":"","astra-migrate-meta-layouts":"default","ast-page-background-enabled":"default","ast-page-background-meta":{"desktop":{"background-color":"var(--ast-global-color-5)","background-image":"","background-repeat":"repeat","background-position":"center center","background-size":"auto","background-attachment":"scroll","background-type":"","background-media":"","overlay-type":"","overlay-color":"","overlay-opacity":"","overlay-gradient":""},"tablet":{"background-color":"","background-image":"","background-repeat":"repeat","background-position":"center center","background-size":"auto","background-attachment":"scroll","background-type":"","background-media":"","overlay-type":"","overlay-color":"","overlay-opacity":"","overlay-gradient":""},"mobile":{"background-color":"","background-image":"","background-repeat":"repeat","background-position":"center center","background-size":"auto","background-attachment":"scroll","background-type":"","background-media":"","overlay-type":"","overlay-color":"","overlay-opacity":"","overlay-gradient":""}},"ast-content-background-meta":{"desktop":{"background-color":"var(--ast-global-color-4)","background-image":"","background-repeat":"repeat","background-position":"center center","background-size":"auto","background-attachment":"scroll","background-type":"","background-media":"","overlay-type":"","overlay-color":"","overlay-opacity":"","overlay-gradient":""},"tablet":{"background-color":"var(--ast-global-color-4)","background-image":"","background-repeat":"repeat","background-position":"center center","background-size":"auto","background-attachment":"scroll","background-type":"","background-media":"","overlay-type":"","overlay-color":"","overlay-opacity":"","overlay-gradient":""},"mobile":{"background-color":"var(--ast-global-color-4)","background-image":"","background-repeat":"repeat","background-position":"center center","background-size":"auto","background-attachment":"scroll","background-type":"","background-media":"","overlay-type":"","overlay-color":"","overlay-opacity":"","overlay-gradient":""}}},"product_brand":[],"product_cat":[10326,10333],"product_tag":[10364,10384,10383,10443,10385],"class_list":{"0":"post-74126","1":"product","2":"type-product","3":"status-publish","4":"has-post-thumbnail","6":"product_cat-barcos-de-la-copa-america","7":"product_cat-modelos-de-escritorio","8":"product_tag-abordaje","9":"product_tag-americascup","10":"product_tag-boutique","11":"product_tag-equipo-oracle-ee-uu-17-ac-72-2013","12":"product_tag-modelo-de-sobremesa","13":"desktop-align-center","14":"tablet-align-left","15":"mobile-align-left","16":"ast-product-gallery-layout-horizontal-slider","17":"ast-magnify-disabled","18":"ast-product-tabs-layout-accordion","19":"ast-qv-on-image","21":"first","22":"instock","23":"shipping-taxable","24":"purchasable","25":"product-type-simple"},"_links":{"self":[{"href":"https:\/\/abordage.com\/es\/wp-json\/wp\/v2\/product\/74126","targetHints":{"allow":["GET"]}}],"collection":[{"href":"https:\/\/abordage.com\/es\/wp-json\/wp\/v2\/product"}],"about":[{"href":"https:\/\/abordage.com\/es\/wp-json\/wp\/v2\/types\/product"}],"replies":[{"embeddable":true,"href":"https:\/\/abordage.com\/es\/wp-json\/wp\/v2\/comments?post=74126"}],"version-history":[{"count":0,"href":"https:\/\/abordage.com\/es\/wp-json\/wp\/v2\/product\/74126\/revisions"}],"wp:featuredmedia":[{"embeddable":true,"href":"https:\/\/abordage.com\/es\/wp-json\/wp\/v2\/media\/13341"}],"wp:attachment":[{"href":"https:\/\/abordage.com\/es\/wp-json\/wp\/v2\/media?parent=74126"}],"wp:term":[{"taxonomy":"product_brand","embeddable":true,"href":"https:\/\/abordage.com\/es\/wp-json\/wp\/v2\/product_brand?post=74126"},{"taxonomy":"product_cat","embeddable":true,"href":"https:\/\/abordage.com\/es\/wp-json\/wp\/v2\/product_cat?post=74126"},{"taxonomy":"product_tag","embeddable":true,"href":"https:\/\/abordage.com\/es\/wp-json\/wp\/v2\/product_tag?post=74126"}],"curies":[{"name":"wp","href":"https:\/\/api.w.org\/{rel}","templated":true}]}}