{"id":74174,"date":"2009-08-26T18:22:50","date_gmt":"2009-08-26T18:22:50","guid":{"rendered":"https:\/\/abordage.com\/shop\/sin categor\u00eda\/ranger-1937\/"},"modified":"2026-02-01T16:32:51","modified_gmt":"2026-02-01T20:32:51","slug":"ranger-1937","status":"publish","type":"product","link":"https:\/\/abordage.com\/es\/shop\/boutique\/modelos-de-barcos\/barcos-de-la-copa-america\/ranger-1937\/","title":{"rendered":"Ranger 1937"},"content":{"rendered":"<p><strong>El Ranger es una verdadera obra de arte.<\/strong><\/p>\n<p>De construcci\u00f3n artesanal exclusiva, se ha construido con las mejores esencias de madera y materiales innovadores.<\/p>\n<p>Este modelo de Ranger combina la ejecuci\u00f3n cuidadosa de cada detalle con la alta calidad de los materiales y la artesan\u00eda. Los accesorios de cubierta son incre\u00edbles y muy detallados.<\/p>\n<p>El modelo tiene <strong>la parte superior<\/strong> <strong>blanca<\/strong>, <strong>una raya<\/strong> <strong>dorada<\/strong> <strong>en la cala<\/strong> y <strong>pintura<\/strong> <strong>roja osc<\/strong> <strong>ura<\/strong> <strong>en el fondo<\/strong>.<br \/>Tambi\u00e9n se puede solicitar con <strong>el fondo barnizado.<br \/><\/strong>El modelo se entrega <strong>con o sin velas de dacr\u00f3n y est\u00e1 listo para exponer<\/strong>. Est\u00e1 montada con <strong>pedestales de lat\u00f3n sobre una base expositora de madera dura de alta calidad con un ribete dorado<\/strong>.<br \/>La parte inferior forrada de fieltro no rayar\u00e1 tus muebles.<\/p>\n<p>Construcci\u00f3n de tabl\u00f3n sobre mamparo, s\u00f3lo construimos peque\u00f1os lotes de producci\u00f3n de 10 unidades.<\/p>\n","protected":false},"excerpt":{"rendered":"<h4>J Class Ranger 1937, Defensor de la Copa Am\u00e9rica. Dise\u00f1ado por William Starling Burgess.<\/h4>\n","protected":false},"featured_media":11751,"comment_status":"open","ping_status":"closed","template":"","meta":{"site-sidebar-layout":"default","site-content-layout":"","ast-site-content-layout":"default","site-content-style":"default","site-sidebar-style":"default","ast-global-header-display":"","ast-banner-title-visibility":"","ast-main-header-display":"","ast-hfb-above-header-display":"","ast-hfb-below-header-display":"","ast-hfb-mobile-header-display":"","site-post-title":"","ast-breadcrumbs-content":"","ast-featured-img":"","footer-sml-layout":"","theme-transparent-header-meta":"","adv-header-id-meta":"","stick-header-meta":"","header-above-stick-meta":"","header-main-stick-meta":"","header-below-stick-meta":"","astra-migrate-meta-layouts":"default","ast-page-background-enabled":"default","ast-page-background-meta":{"desktop":{"background-color":"var(--ast-global-color-5)","background-image":"","background-repeat":"repeat","background-position":"center center","background-size":"auto","background-attachment":"scroll","background-type":"","background-media":"","overlay-type":"","overlay-color":"","overlay-opacity":"","overlay-gradient":""},"tablet":{"background-color":"","background-image":"","background-repeat":"repeat","background-position":"center center","background-size":"auto","background-attachment":"scroll","background-type":"","background-media":"","overlay-type":"","overlay-color":"","overlay-opacity":"","overlay-gradient":""},"mobile":{"background-color":"","background-image":"","background-repeat":"repeat","background-position":"center center","background-size":"auto","background-attachment":"scroll","background-type":"","background-media":"","overlay-type":"","overlay-color":"","overlay-opacity":"","overlay-gradient":""}},"ast-content-background-meta":{"desktop":{"background-color":"var(--ast-global-color-4)","background-image":"","background-repeat":"repeat","background-position":"center center","background-size":"auto","background-attachment":"scroll","background-type":"","background-media":"","overlay-type":"","overlay-color":"","overlay-opacity":"","overlay-gradient":""},"tablet":{"background-color":"var(--ast-global-color-4)","background-image":"","background-repeat":"repeat","background-position":"center center","background-size":"auto","background-attachment":"scroll","background-type":"","background-media":"","overlay-type":"","overlay-color":"","overlay-opacity":"","overlay-gradient":""},"mobile":{"background-color":"var(--ast-global-color-4)","background-image":"","background-repeat":"repeat","background-position":"center center","background-size":"auto","background-attachment":"scroll","background-type":"","background-media":"","overlay-type":"","overlay-color":"","overlay-opacity":"","overlay-gradient":""}}},"product_brand":[],"product_cat":[10326],"product_tag":[10364,10384,10383,10434,10421,10454,10422],"class_list":{"0":"post-74174","1":"product","2":"type-product","3":"status-publish","4":"has-post-thumbnail","6":"product_cat-barcos-de-la-copa-america","7":"product_tag-abordaje","8":"product_tag-americascup","9":"product_tag-boutique","10":"product_tag-copa-america-2","11":"product_tag-copa-america","12":"product_tag-guardabosques-1937","13":"product_tag-replica","14":"desktop-align-center","15":"tablet-align-left","16":"mobile-align-left","17":"ast-product-gallery-layout-horizontal-slider","18":"ast-magnify-disabled","19":"ast-product-tabs-layout-accordion","20":"ast-qv-on-image","22":"first","23":"instock","24":"shipping-taxable","25":"purchasable","26":"product-type-simple"},"_links":{"self":[{"href":"https:\/\/abordage.com\/es\/wp-json\/wp\/v2\/product\/74174","targetHints":{"allow":["GET"]}}],"collection":[{"href":"https:\/\/abordage.com\/es\/wp-json\/wp\/v2\/product"}],"about":[{"href":"https:\/\/abordage.com\/es\/wp-json\/wp\/v2\/types\/product"}],"replies":[{"embeddable":true,"href":"https:\/\/abordage.com\/es\/wp-json\/wp\/v2\/comments?post=74174"}],"version-history":[{"count":0,"href":"https:\/\/abordage.com\/es\/wp-json\/wp\/v2\/product\/74174\/revisions"}],"wp:featuredmedia":[{"embeddable":true,"href":"https:\/\/abordage.com\/es\/wp-json\/wp\/v2\/media\/11751"}],"wp:attachment":[{"href":"https:\/\/abordage.com\/es\/wp-json\/wp\/v2\/media?parent=74174"}],"wp:term":[{"taxonomy":"product_brand","embeddable":true,"href":"https:\/\/abordage.com\/es\/wp-json\/wp\/v2\/product_brand?post=74174"},{"taxonomy":"product_cat","embeddable":true,"href":"https:\/\/abordage.com\/es\/wp-json\/wp\/v2\/product_cat?post=74174"},{"taxonomy":"product_tag","embeddable":true,"href":"https:\/\/abordage.com\/es\/wp-json\/wp\/v2\/product_tag?post=74174"}],"curies":[{"name":"wp","href":"https:\/\/api.w.org\/{rel}","templated":true}]}}