{"id":74332,"date":"2009-09-07T20:17:06","date_gmt":"2009-09-07T20:17:06","guid":{"rendered":"https:\/\/abordage.com\/shop\/sin categor\u00eda\/tuiga-1909\/"},"modified":"2009-09-07T20:17:06","modified_gmt":"2009-09-08T00:17:06","slug":"tuiga-1909","status":"publish","type":"product","link":"https:\/\/abordage.com\/es\/shop\/boutique\/modelos-de-barcos\/yates-clasicos\/tuiga-1909\/","title":{"rendered":"Tuiga 1909"},"content":{"rendered":"<p> <span style=\"font-size: larger;\">M\u00e1s de noventa a\u00f1os de historia han acompa\u00f1ado a esta elegante Regla Internacional <strong>William Fife<\/strong> de 15 metros en su maravilloso viaje desde el d\u00eda de su botadura hasta nuestros d\u00edas.  <\/span><\/p>\n<p><span style=\"font-size: larger;\">Ahora, gracias a la pasi\u00f3n <strong>del Pr\u00edncipe Alberto<\/strong> por el mar, <strong>Tuiga<\/strong> revive su apogeo, compitiendo bajo la bandera del <strong>Club N\u00e1utico de M\u00f3naco<\/strong>.  <\/span><\/p>\n<p><span style=\"font-size: larger;\">Tras su botadura en <strong>1909<\/strong>, <strong>el Tuiga<\/strong> se convirti\u00f3 r\u00e1pidamente en una de las estrellas de los grandes rallies y posteriormente fue objeto de toda una serie de cambios. Sus elegantes l\u00edneas son obra del genio del dise\u00f1o, William Fife, y fueron encargadas por el <strong>duque espa\u00f1ol de Medinacelli<\/strong>.<br \/>El duque ten\u00eda muy claro lo que quer\u00eda: \u00abun barco capaz de competir en igualdad de condiciones con el Hispania, la embarcaci\u00f3n del rey Alfonso XIII de Espa\u00f1a\u00bb. Y as\u00ed fue.    <\/span><span style=\"font-size: larger;\">Durante m\u00e1s de cuatro a\u00f1os, los dos barcos compitieron en aguas espa\u00f1olas, francesas e inglesas.  <\/span><\/p>\n<p><span style=\"font-size: larger;\">En 1913 se vendi\u00f3 el Tuiga, que fue pasando de propietario en propietario, y cada uno hizo un cambio aqu\u00ed y all\u00e1 para adaptarlo mejor a sus necesidades. El primero instal\u00f3 electricidad y redujo su superficie v\u00e9lica un 20% en 1923. En 1934, otro propietario de Tuiga le mont\u00f3 un motor Bergius de 35 CV y cambi\u00f3 su plano v\u00e9lico de proa y popa a Marconi. El \u00faltimo acto de idiotez lleg\u00f3 en 1970, cuando otro propietario decidi\u00f3 deshacerse del maravilloso rastrillo de su popa.   <br \/><\/span><\/p>\n<p><span style=\"font-size: larger;\">Esto marc\u00f3 el inicio de un declive que dur\u00f3 hasta 1989, cuando fue redescubierta por <strong>Albert Obrist<\/strong>, propietario de Altair. Tuiga pas\u00f3 entonces cuatro a\u00f1os en el astillero Fairline Restorations de Inglaterra. Durante este tiempo fue desmontada y <strong>reconstruida<\/strong> meticulosamente <strong>pieza a pieza utilizando los planos originales de Fife<\/strong>. Ahora est\u00e1 totalmente restaurada y disfruta de una nueva vida m\u00e1gica en las aguas del principado con su nuevo propietario, el<strong> Club N\u00e1utico de M\u00f3naco<\/strong>, presidido por el pr\u00edncipe Alberto Grimaldi.   <\/span><\/p>\n","protected":false},"excerpt":{"rendered":"<h4>Modelo de barco Tuiga dise\u00f1ado por William Fife en 1909 y restaurado por el Club N\u00e1utico de M\u00f3naco.<\/h4>\n","protected":false},"featured_media":11953,"comment_status":"open","ping_status":"closed","template":"","meta":{"site-sidebar-layout":"default","site-content-layout":"","ast-site-content-layout":"default","site-content-style":"default","site-sidebar-style":"default","ast-global-header-display":"","ast-banner-title-visibility":"","ast-main-header-display":"","ast-hfb-above-header-display":"","ast-hfb-below-header-display":"","ast-hfb-mobile-header-display":"","site-post-title":"","ast-breadcrumbs-content":"","ast-featured-img":"","footer-sml-layout":"","theme-transparent-header-meta":"","adv-header-id-meta":"","stick-header-meta":"","header-above-stick-meta":"","header-main-stick-meta":"","header-below-stick-meta":"","astra-migrate-meta-layouts":"default","ast-page-background-enabled":"default","ast-page-background-meta":{"desktop":{"background-color":"var(--ast-global-color-5)","background-image":"","background-repeat":"repeat","background-position":"center center","background-size":"auto","background-attachment":"scroll","background-type":"","background-media":"","overlay-type":"","overlay-color":"","overlay-opacity":"","overlay-gradient":""},"tablet":{"background-color":"","background-image":"","background-repeat":"repeat","background-position":"center center","background-size":"auto","background-attachment":"scroll","background-type":"","background-media":"","overlay-type":"","overlay-color":"","overlay-opacity":"","overlay-gradient":""},"mobile":{"background-color":"","background-image":"","background-repeat":"repeat","background-position":"center center","background-size":"auto","background-attachment":"scroll","background-type":"","background-media":"","overlay-type":"","overlay-color":"","overlay-opacity":"","overlay-gradient":""}},"ast-content-background-meta":{"desktop":{"background-color":"var(--ast-global-color-4)","background-image":"","background-repeat":"repeat","background-position":"center center","background-size":"auto","background-attachment":"scroll","background-type":"","background-media":"","overlay-type":"","overlay-color":"","overlay-opacity":"","overlay-gradient":""},"tablet":{"background-color":"var(--ast-global-color-4)","background-image":"","background-repeat":"repeat","background-position":"center center","background-size":"auto","background-attachment":"scroll","background-type":"","background-media":"","overlay-type":"","overlay-color":"","overlay-opacity":"","overlay-gradient":""},"mobile":{"background-color":"var(--ast-global-color-4)","background-image":"","background-repeat":"repeat","background-position":"center center","background-size":"auto","background-attachment":"scroll","background-type":"","background-media":"","overlay-type":"","overlay-color":"","overlay-opacity":"","overlay-gradient":""}}},"product_brand":[],"product_cat":[10330],"product_tag":[10364,10383,10467,10446],"class_list":{"0":"post-74332","1":"product","2":"type-product","3":"status-publish","4":"has-post-thumbnail","6":"product_cat-yates-clasicos","7":"product_tag-abordaje","8":"product_tag-boutique","9":"product_tag-tuiga-1909","10":"product_tag-yate-clasico","11":"desktop-align-center","12":"tablet-align-left","13":"mobile-align-left","14":"ast-product-gallery-layout-horizontal-slider","15":"ast-magnify-disabled","16":"ast-product-tabs-layout-accordion","17":"ast-qv-on-image","19":"first","20":"instock","21":"shipping-taxable","22":"purchasable","23":"product-type-simple"},"_links":{"self":[{"href":"https:\/\/abordage.com\/es\/wp-json\/wp\/v2\/product\/74332","targetHints":{"allow":["GET"]}}],"collection":[{"href":"https:\/\/abordage.com\/es\/wp-json\/wp\/v2\/product"}],"about":[{"href":"https:\/\/abordage.com\/es\/wp-json\/wp\/v2\/types\/product"}],"replies":[{"embeddable":true,"href":"https:\/\/abordage.com\/es\/wp-json\/wp\/v2\/comments?post=74332"}],"version-history":[{"count":0,"href":"https:\/\/abordage.com\/es\/wp-json\/wp\/v2\/product\/74332\/revisions"}],"wp:featuredmedia":[{"embeddable":true,"href":"https:\/\/abordage.com\/es\/wp-json\/wp\/v2\/media\/11953"}],"wp:attachment":[{"href":"https:\/\/abordage.com\/es\/wp-json\/wp\/v2\/media?parent=74332"}],"wp:term":[{"taxonomy":"product_brand","embeddable":true,"href":"https:\/\/abordage.com\/es\/wp-json\/wp\/v2\/product_brand?post=74332"},{"taxonomy":"product_cat","embeddable":true,"href":"https:\/\/abordage.com\/es\/wp-json\/wp\/v2\/product_cat?post=74332"},{"taxonomy":"product_tag","embeddable":true,"href":"https:\/\/abordage.com\/es\/wp-json\/wp\/v2\/product_tag?post=74332"}],"curies":[{"name":"wp","href":"https:\/\/api.w.org\/{rel}","templated":true}]}}