{"id":74377,"date":"2009-09-07T19:54:02","date_gmt":"2009-09-07T19:54:02","guid":{"rendered":"https:\/\/abordage.com\/shop\/sin%20categor\u00eda\/dragon-1929\/"},"modified":"2026-02-01T17:56:04","modified_gmt":"2026-02-01T21:56:04","slug":"dragon-1929","status":"publish","type":"product","link":"https:\/\/abordage.com\/es\/shop\/boutique\/modelos-de-barcos\/yates-clasicos\/dragon-1929\/","title":{"rendered":"Drag\u00f3n 1929"},"content":{"rendered":"<p> <span style=\"font-size: larger;\">El primer<strong> Dragon<\/strong> se construy\u00f3 en 1929 en Gotemburgo (Suecia). Las <strong>cualidades de navegaci\u00f3n del Drag\u00f3n<\/strong> son tan buenas que el barco se utiliza pr\u00e1cticamente para cruceros y regatas en todo el mundo, y especialmente en Europa, donde se ha hecho extremadamente popular. Con el paso del tiempo, el <strong>Drag\u00f3n<\/strong> se <strong>ha ido transformando gradualmente en un barco de regatas<\/strong>, y ya no se construye de acuerdo con las especificaciones originales.<br \/>Tanto la cabina como la lona se han cambiado, por lo que hoy en d\u00eda s\u00f3lo es original el casco. En 1948 el <strong>Drag\u00f3n se convirti\u00f3 en una clase ol\u00edmpica de barcos<\/strong>, y todas las medidas fueron estipuladas por la <strong>Uni\u00f3n N\u00e1utica<\/strong> Internacional. Desde 1929 este tipo de barco ha participado en numerosas regatas escandinavas e internacionales y sigue siendo uno de los barcos m\u00e1s populares.    <\/span><\/p>\n","protected":false},"excerpt":{"rendered":"<h4>Modelo Drag\u00f3n ( 1929 )<\/h4>\n","protected":false},"featured_media":11922,"comment_status":"open","ping_status":"closed","template":"","meta":{"site-sidebar-layout":"default","site-content-layout":"","ast-site-content-layout":"default","site-content-style":"default","site-sidebar-style":"default","ast-global-header-display":"","ast-banner-title-visibility":"","ast-main-header-display":"","ast-hfb-above-header-display":"","ast-hfb-below-header-display":"","ast-hfb-mobile-header-display":"","site-post-title":"","ast-breadcrumbs-content":"","ast-featured-img":"","footer-sml-layout":"","theme-transparent-header-meta":"","adv-header-id-meta":"","stick-header-meta":"","header-above-stick-meta":"","header-main-stick-meta":"","header-below-stick-meta":"","astra-migrate-meta-layouts":"default","ast-page-background-enabled":"default","ast-page-background-meta":{"desktop":{"background-color":"var(--ast-global-color-5)","background-image":"","background-repeat":"repeat","background-position":"center center","background-size":"auto","background-attachment":"scroll","background-type":"","background-media":"","overlay-type":"","overlay-color":"","overlay-opacity":"","overlay-gradient":""},"tablet":{"background-color":"","background-image":"","background-repeat":"repeat","background-position":"center center","background-size":"auto","background-attachment":"scroll","background-type":"","background-media":"","overlay-type":"","overlay-color":"","overlay-opacity":"","overlay-gradient":""},"mobile":{"background-color":"","background-image":"","background-repeat":"repeat","background-position":"center center","background-size":"auto","background-attachment":"scroll","background-type":"","background-media":"","overlay-type":"","overlay-color":"","overlay-opacity":"","overlay-gradient":""}},"ast-content-background-meta":{"desktop":{"background-color":"var(--ast-global-color-4)","background-image":"","background-repeat":"repeat","background-position":"center center","background-size":"auto","background-attachment":"scroll","background-type":"","background-media":"","overlay-type":"","overlay-color":"","overlay-opacity":"","overlay-gradient":""},"tablet":{"background-color":"var(--ast-global-color-4)","background-image":"","background-repeat":"repeat","background-position":"center center","background-size":"auto","background-attachment":"scroll","background-type":"","background-media":"","overlay-type":"","overlay-color":"","overlay-opacity":"","overlay-gradient":""},"mobile":{"background-color":"var(--ast-global-color-4)","background-image":"","background-repeat":"repeat","background-position":"center center","background-size":"auto","background-attachment":"scroll","background-type":"","background-media":"","overlay-type":"","overlay-color":"","overlay-opacity":"","overlay-gradient":""}}},"product_brand":[],"product_cat":[10330],"product_tag":[10364,10383,10474,10446],"class_list":{"0":"post-74377","1":"product","2":"type-product","3":"status-publish","4":"has-post-thumbnail","6":"product_cat-yates-clasicos","7":"product_tag-abordaje","8":"product_tag-boutique","9":"product_tag-dragon-1929","10":"product_tag-yate-clasico","11":"desktop-align-center","12":"tablet-align-left","13":"mobile-align-left","14":"ast-product-gallery-layout-horizontal-slider","15":"ast-magnify-disabled","16":"ast-product-tabs-layout-accordion","17":"ast-qv-on-image","19":"first","20":"instock","21":"shipping-taxable","22":"purchasable","23":"product-type-simple"},"_links":{"self":[{"href":"https:\/\/abordage.com\/es\/wp-json\/wp\/v2\/product\/74377","targetHints":{"allow":["GET"]}}],"collection":[{"href":"https:\/\/abordage.com\/es\/wp-json\/wp\/v2\/product"}],"about":[{"href":"https:\/\/abordage.com\/es\/wp-json\/wp\/v2\/types\/product"}],"replies":[{"embeddable":true,"href":"https:\/\/abordage.com\/es\/wp-json\/wp\/v2\/comments?post=74377"}],"version-history":[{"count":0,"href":"https:\/\/abordage.com\/es\/wp-json\/wp\/v2\/product\/74377\/revisions"}],"wp:featuredmedia":[{"embeddable":true,"href":"https:\/\/abordage.com\/es\/wp-json\/wp\/v2\/media\/11922"}],"wp:attachment":[{"href":"https:\/\/abordage.com\/es\/wp-json\/wp\/v2\/media?parent=74377"}],"wp:term":[{"taxonomy":"product_brand","embeddable":true,"href":"https:\/\/abordage.com\/es\/wp-json\/wp\/v2\/product_brand?post=74377"},{"taxonomy":"product_cat","embeddable":true,"href":"https:\/\/abordage.com\/es\/wp-json\/wp\/v2\/product_cat?post=74377"},{"taxonomy":"product_tag","embeddable":true,"href":"https:\/\/abordage.com\/es\/wp-json\/wp\/v2\/product_tag?post=74377"}],"curies":[{"name":"wp","href":"https:\/\/api.w.org\/{rel}","templated":true}]}}