{"id":74379,"date":"2009-09-07T19:58:35","date_gmt":"2009-09-07T19:58:35","guid":{"rendered":"https:\/\/abordage.com\/shop\/sin%20categor\u00eda\/ticonderoga-1936\/"},"modified":"2026-02-01T17:56:00","modified_gmt":"2026-02-01T21:56:00","slug":"ticonderoga-1936","status":"publish","type":"product","link":"https:\/\/abordage.com\/es\/shop\/boutique\/modelos-de-barcos\/yates-clasicos\/ticonderoga-1936\/","title":{"rendered":"Ticonderoga 1936"},"content":{"rendered":"<\/p>\n<p><span style=\"font-size: larger;\">Botado en <strong>1936<\/strong>. Muchos consideran <strong>el Ticonderoga<\/strong> el mayor logro de dise\u00f1o de <strong>L. Francis Herreshoff.<\/strong> <br \/><\/span><\/p>\n<p><span style=\"font-size: larger;\">Francis Herreshoff dise\u00f1\u00f3 el <strong>ketch de 72 pies Ticonderoga<\/strong> para que fuera un barco r\u00e1pido de d\u00eda para Harry Noyes y su familia. Pero lo dise\u00f1\u00f3 con l\u00edneas fluidas bajo el agua y una impresionante est\u00e9tica de yate cl\u00edper por encima.   <\/span><\/p>\n<p><span style=\"font-size: larger;\"><strong>Big Ti<\/strong>, como se la conoc\u00eda, sorprendi\u00f3 a propios y extra\u00f1os con su velocidad en todos los puntos de vela. Las regatas no tardaron en ocupar un lugar central. Muchos entendidos en n\u00e1utica lo consideran el barco de carreras oce\u00e1nico m\u00e1s bello jam\u00e1s construido.    <\/span><\/p>\n<p><span style=\"font-size: larger;\">Desde su botadura en 1936 como Tioga II, ha conseguido m\u00e1s victorias en regatas oce\u00e1nicas, especialmente el primer puesto, que ning\u00fan otro yate de la historia.<br \/>Ha sido reformado como lujoso barco de crucero, pero su actual propietario compite con frecuencia. Junto con   <\/span><span style=\"font-size: larger;\">Endeavour<\/span><span style=\"font-size: larger;\"> y<\/span><span style=\"font-size: larger;\">Shamrock V<\/span><span style=\"font-size: larger;\"><strong>El Ticonderoga es el yate de regatas m\u00e1s famoso que sigue navegando hoy en d\u00eda<\/strong>.<\/span><\/p>\n","protected":false},"excerpt":{"rendered":"<h4>Clipper-Bowed 72&#8242; Ketch modelo original dise\u00f1ado por Francis L. Herreshoff ( 1936 ).<\/h4>\n<p>Viene en casco verde o rojo.<\/p>\n","protected":false},"featured_media":11929,"comment_status":"open","ping_status":"closed","template":"","meta":{"site-sidebar-layout":"default","site-content-layout":"","ast-site-content-layout":"default","site-content-style":"default","site-sidebar-style":"default","ast-global-header-display":"","ast-banner-title-visibility":"","ast-main-header-display":"","ast-hfb-above-header-display":"","ast-hfb-below-header-display":"","ast-hfb-mobile-header-display":"","site-post-title":"","ast-breadcrumbs-content":"","ast-featured-img":"","footer-sml-layout":"","theme-transparent-header-meta":"","adv-header-id-meta":"","stick-header-meta":"","header-above-stick-meta":"","header-main-stick-meta":"","header-below-stick-meta":"","astra-migrate-meta-layouts":"default","ast-page-background-enabled":"default","ast-page-background-meta":{"desktop":{"background-color":"var(--ast-global-color-5)","background-image":"","background-repeat":"repeat","background-position":"center center","background-size":"auto","background-attachment":"scroll","background-type":"","background-media":"","overlay-type":"","overlay-color":"","overlay-opacity":"","overlay-gradient":""},"tablet":{"background-color":"","background-image":"","background-repeat":"repeat","background-position":"center center","background-size":"auto","background-attachment":"scroll","background-type":"","background-media":"","overlay-type":"","overlay-color":"","overlay-opacity":"","overlay-gradient":""},"mobile":{"background-color":"","background-image":"","background-repeat":"repeat","background-position":"center center","background-size":"auto","background-attachment":"scroll","background-type":"","background-media":"","overlay-type":"","overlay-color":"","overlay-opacity":"","overlay-gradient":""}},"ast-content-background-meta":{"desktop":{"background-color":"var(--ast-global-color-4)","background-image":"","background-repeat":"repeat","background-position":"center center","background-size":"auto","background-attachment":"scroll","background-type":"","background-media":"","overlay-type":"","overlay-color":"","overlay-opacity":"","overlay-gradient":""},"tablet":{"background-color":"var(--ast-global-color-4)","background-image":"","background-repeat":"repeat","background-position":"center center","background-size":"auto","background-attachment":"scroll","background-type":"","background-media":"","overlay-type":"","overlay-color":"","overlay-opacity":"","overlay-gradient":""},"mobile":{"background-color":"var(--ast-global-color-4)","background-image":"","background-repeat":"repeat","background-position":"center center","background-size":"auto","background-attachment":"scroll","background-type":"","background-media":"","overlay-type":"","overlay-color":"","overlay-opacity":"","overlay-gradient":""}}},"product_brand":[],"product_cat":[10330],"product_tag":[10364,10383,10475,10446],"class_list":{"0":"post-74379","1":"product","2":"type-product","3":"status-publish","4":"has-post-thumbnail","6":"product_cat-yates-clasicos","7":"product_tag-abordaje","8":"product_tag-boutique","9":"product_tag-ticonderoga-1936","10":"product_tag-yate-clasico","11":"desktop-align-center","12":"tablet-align-left","13":"mobile-align-left","14":"ast-product-gallery-layout-horizontal-slider","15":"ast-magnify-disabled","16":"ast-product-tabs-layout-accordion","17":"ast-qv-on-image","19":"first","20":"instock","21":"shipping-taxable","22":"purchasable","23":"product-type-simple"},"_links":{"self":[{"href":"https:\/\/abordage.com\/es\/wp-json\/wp\/v2\/product\/74379","targetHints":{"allow":["GET"]}}],"collection":[{"href":"https:\/\/abordage.com\/es\/wp-json\/wp\/v2\/product"}],"about":[{"href":"https:\/\/abordage.com\/es\/wp-json\/wp\/v2\/types\/product"}],"replies":[{"embeddable":true,"href":"https:\/\/abordage.com\/es\/wp-json\/wp\/v2\/comments?post=74379"}],"version-history":[{"count":0,"href":"https:\/\/abordage.com\/es\/wp-json\/wp\/v2\/product\/74379\/revisions"}],"wp:featuredmedia":[{"embeddable":true,"href":"https:\/\/abordage.com\/es\/wp-json\/wp\/v2\/media\/11929"}],"wp:attachment":[{"href":"https:\/\/abordage.com\/es\/wp-json\/wp\/v2\/media?parent=74379"}],"wp:term":[{"taxonomy":"product_brand","embeddable":true,"href":"https:\/\/abordage.com\/es\/wp-json\/wp\/v2\/product_brand?post=74379"},{"taxonomy":"product_cat","embeddable":true,"href":"https:\/\/abordage.com\/es\/wp-json\/wp\/v2\/product_cat?post=74379"},{"taxonomy":"product_tag","embeddable":true,"href":"https:\/\/abordage.com\/es\/wp-json\/wp\/v2\/product_tag?post=74379"}],"curies":[{"name":"wp","href":"https:\/\/api.w.org\/{rel}","templated":true}]}}