{"id":74431,"date":"2009-09-07T19:23:48","date_gmt":"2009-09-07T19:23:48","guid":{"rendered":"https:\/\/abordage.com\/shop\/sin categor\u00eda\/royal-yacht-britannia-1893\/"},"modified":"2009-09-07T19:23:48","modified_gmt":"2009-09-07T23:23:48","slug":"royal-yacht-britannia-1893","status":"publish","type":"product","link":"https:\/\/abordage.com\/es\/shop\/boutique\/modelos-de-barcos\/yates-clasicos\/royal-yacht-britannia-1893\/","title":{"rendered":"Royal Yacht Britannia 1893"},"content":{"rendered":"<p>  El Yate Britannia de Su Majestad era un c\u00fater con aparejo de foque construido en 1893 para el comodoro Alberto Eduardo, Pr\u00edncipe de Gales. Le sirvi\u00f3 a \u00e9l y a su hijo, el rey Jorge V, una larga carrera de regatas. <\/p>\n<p>  Despu\u00e9s de que el sobrino del pr\u00edncipe de Gales, el k\u00e1iser Guillermo II, adquiriera el c\u00fater de regatas Thistle en 1891, su dise\u00f1ador escoc\u00e9s, George Lennox Watson, recibi\u00f3 un encargo de Eduardo VII para construir un velero en 1892. Dise\u00f1\u00f3 el yate Britannia de Su Alteza Real seg\u00fan la \u00abRegla de eslora y superficie v\u00e9lica\u00bb como c\u00fater de primera clase y lo hizo construir junto a su aspirante a la Copa Am\u00e9rica Valkyrie II en el astillero D &amp; W Henderson del r\u00edo Clyde. Fue botado el 20 de abril de 1893, una semana antes que el Valkyrie II.  <\/p>\n<p>  Al final de su primer a\u00f1o de regatas, el Britannia hab\u00eda conseguido treinta y tres victorias en cuarenta y tres salidas. En su segunda temporada, gan\u00f3 las siete regatas de los grandes veleros en la Riviera francesa, y luego venci\u00f3 al Vigilant, defensor de la Copa Am\u00e9rica de 1893, en aguas de su pa\u00eds. <\/p>\n<p>  El \u00faltimo deseo del rey Jorge V era que su amado yate le siguiera a la tumba. El 10 de julio de 1936, tras despojar al Britannia de sus varas y accesorios, su casco fue remolcado hasta St Catherine Deep, cerca de la isla de Wight, y fue hundido por el HMS Winchester. <\/p>\n","protected":false},"excerpt":{"rendered":"<h4>Modelo de barco Royal Yacht Britannia ( 1893 ), construcci\u00f3n de tabl\u00f3n sobre mamparo.<\/h4>\n","protected":false},"featured_media":11914,"comment_status":"open","ping_status":"closed","template":"","meta":{"site-sidebar-layout":"default","site-content-layout":"","ast-site-content-layout":"default","site-content-style":"default","site-sidebar-style":"default","ast-global-header-display":"","ast-banner-title-visibility":"","ast-main-header-display":"","ast-hfb-above-header-display":"","ast-hfb-below-header-display":"","ast-hfb-mobile-header-display":"","site-post-title":"","ast-breadcrumbs-content":"","ast-featured-img":"","footer-sml-layout":"","theme-transparent-header-meta":"","adv-header-id-meta":"","stick-header-meta":"","header-above-stick-meta":"","header-main-stick-meta":"","header-below-stick-meta":"","astra-migrate-meta-layouts":"default","ast-page-background-enabled":"default","ast-page-background-meta":{"desktop":{"background-color":"var(--ast-global-color-5)","background-image":"","background-repeat":"repeat","background-position":"center center","background-size":"auto","background-attachment":"scroll","background-type":"","background-media":"","overlay-type":"","overlay-color":"","overlay-opacity":"","overlay-gradient":""},"tablet":{"background-color":"","background-image":"","background-repeat":"repeat","background-position":"center center","background-size":"auto","background-attachment":"scroll","background-type":"","background-media":"","overlay-type":"","overlay-color":"","overlay-opacity":"","overlay-gradient":""},"mobile":{"background-color":"","background-image":"","background-repeat":"repeat","background-position":"center center","background-size":"auto","background-attachment":"scroll","background-type":"","background-media":"","overlay-type":"","overlay-color":"","overlay-opacity":"","overlay-gradient":""}},"ast-content-background-meta":{"desktop":{"background-color":"var(--ast-global-color-4)","background-image":"","background-repeat":"repeat","background-position":"center center","background-size":"auto","background-attachment":"scroll","background-type":"","background-media":"","overlay-type":"","overlay-color":"","overlay-opacity":"","overlay-gradient":""},"tablet":{"background-color":"var(--ast-global-color-4)","background-image":"","background-repeat":"repeat","background-position":"center center","background-size":"auto","background-attachment":"scroll","background-type":"","background-media":"","overlay-type":"","overlay-color":"","overlay-opacity":"","overlay-gradient":""},"mobile":{"background-color":"var(--ast-global-color-4)","background-image":"","background-repeat":"repeat","background-position":"center center","background-size":"auto","background-attachment":"scroll","background-type":"","background-media":"","overlay-type":"","overlay-color":"","overlay-opacity":"","overlay-gradient":""}}},"product_brand":[],"product_cat":[10330],"product_tag":[10364,10383,10478,10446],"class_list":{"0":"post-74431","1":"product","2":"type-product","3":"status-publish","4":"has-post-thumbnail","6":"product_cat-yates-clasicos","7":"product_tag-abordaje","8":"product_tag-boutique","9":"product_tag-royal-yacht-britannia-1893","10":"product_tag-yate-clasico","11":"desktop-align-center","12":"tablet-align-left","13":"mobile-align-left","14":"ast-product-gallery-layout-horizontal-slider","15":"ast-magnify-disabled","16":"ast-product-tabs-layout-accordion","17":"ast-qv-on-image","19":"first","20":"instock","21":"shipping-taxable","22":"purchasable","23":"product-type-simple"},"_links":{"self":[{"href":"https:\/\/abordage.com\/es\/wp-json\/wp\/v2\/product\/74431","targetHints":{"allow":["GET"]}}],"collection":[{"href":"https:\/\/abordage.com\/es\/wp-json\/wp\/v2\/product"}],"about":[{"href":"https:\/\/abordage.com\/es\/wp-json\/wp\/v2\/types\/product"}],"replies":[{"embeddable":true,"href":"https:\/\/abordage.com\/es\/wp-json\/wp\/v2\/comments?post=74431"}],"version-history":[{"count":0,"href":"https:\/\/abordage.com\/es\/wp-json\/wp\/v2\/product\/74431\/revisions"}],"wp:featuredmedia":[{"embeddable":true,"href":"https:\/\/abordage.com\/es\/wp-json\/wp\/v2\/media\/11914"}],"wp:attachment":[{"href":"https:\/\/abordage.com\/es\/wp-json\/wp\/v2\/media?parent=74431"}],"wp:term":[{"taxonomy":"product_brand","embeddable":true,"href":"https:\/\/abordage.com\/es\/wp-json\/wp\/v2\/product_brand?post=74431"},{"taxonomy":"product_cat","embeddable":true,"href":"https:\/\/abordage.com\/es\/wp-json\/wp\/v2\/product_cat?post=74431"},{"taxonomy":"product_tag","embeddable":true,"href":"https:\/\/abordage.com\/es\/wp-json\/wp\/v2\/product_tag?post=74431"}],"curies":[{"name":"wp","href":"https:\/\/api.w.org\/{rel}","templated":true}]}}