{"id":74545,"date":"2021-04-25T23:20:01","date_gmt":"2021-04-25T23:20:01","guid":{"rendered":"https:\/\/abordage.com\/shop\/sin categor\u00eda\/modelo-de-escritorio-sailgp-nueva-zelanda\/"},"modified":"2021-04-25T23:20:01","modified_gmt":"2021-04-26T03:20:01","slug":"modelo-de-escritorio-sailgp-nueva-zelanda","status":"publish","type":"product","link":"https:\/\/abordage.com\/es\/shop\/boutique\/modelos-de-barcos\/modelos-de-escritorio\/modelo-de-escritorio-sailgp-nueva-zelanda\/","title":{"rendered":"Modelo de escritorio SailGP Nueva Zelanda"},"content":{"rendered":"<p align=\"justify\">Los aficionados ya pueden tener en sus manos su propio F50, el revolucionario catamar\u00e1n volador utilizado en el nuevo campeonato deportivo mundial SailGP.<\/p>\n<p align=\"justify\">\n<p align=\"justify\">Con m\u00e1s de 30 a\u00f1os de experiencia, Abordage est\u00e1 perfectamente situada para trabajar con SailGP, creando una gama de modelos de escritorio SailGP F50 hechos a mano y a medida, r\u00e9plicas exactas de los barcos m\u00e1s r\u00e1pidos y tecnol\u00f3gicamente avanzados del mundo.<\/p>\n<p align=\"justify\">\n<p align=\"justify\">Los modelos est\u00e1n disponibles a escala 1\/64 y se presentan en una vitrina.  <\/p>\n<p align=\"justify\">Con una reputaci\u00f3n de construir modelos de gran calidad, incluidas r\u00e9plicas de la Copa Am\u00e9rica, yates cl\u00e1sicos, barcos hist\u00f3ricos y lanchas motoras, se dedican cientos de horas a fabricar cada modelo a mano, desde la planificaci\u00f3n inicial hasta los toques finales. Utilizando los mejores materiales y artesanos altamente cualificados, los modelos son r\u00e9plicas exactas hasta el m\u00e1s m\u00ednimo dise\u00f1o y detalle. <\/p>\n<p align=\"justify\">Estos modelos de escritorio de alta gama F50 est\u00e1n fabricados con resina, piezas fotograbadas, base acr\u00edlica y telas North Sails, e incluyen un soporte y una cubierta de plexigl\u00e1s.<\/p>\n","protected":false},"excerpt":{"rendered":"<p align=\"justify\">Los aficionados ya pueden tener en sus manos su propio F50, el revolucionario catamar\u00e1n volador utilizado en el nuevo campeonato deportivo mundial SailGP.<\/p>\n<p>Modelo Escala 1\/64 o 9-10&#8243; LOA.<\/p>\n<div class=\"gmail_default\">Vitrina:<\/div>\n<div class=\"gmail_default\">11,25&#8243; de largo x 7,75&#8243; de ancho x 18&#8243; de alto<\/div>\n<div class=\"gmail_default\">28 cm de largo x 19 cm de ancho x 45 cm de alto.<\/div>\n","protected":false},"featured_media":18450,"comment_status":"open","ping_status":"closed","template":"","meta":{"site-sidebar-layout":"default","site-content-layout":"","ast-site-content-layout":"default","site-content-style":"default","site-sidebar-style":"default","ast-global-header-display":"","ast-banner-title-visibility":"","ast-main-header-display":"","ast-hfb-above-header-display":"","ast-hfb-below-header-display":"","ast-hfb-mobile-header-display":"","site-post-title":"","ast-breadcrumbs-content":"","ast-featured-img":"","footer-sml-layout":"","theme-transparent-header-meta":"","adv-header-id-meta":"","stick-header-meta":"","header-above-stick-meta":"","header-main-stick-meta":"","header-below-stick-meta":"","astra-migrate-meta-layouts":"default","ast-page-background-enabled":"default","ast-page-background-meta":{"desktop":{"background-color":"var(--ast-global-color-5)","background-image":"","background-repeat":"repeat","background-position":"center center","background-size":"auto","background-attachment":"scroll","background-type":"","background-media":"","overlay-type":"","overlay-color":"","overlay-opacity":"","overlay-gradient":""},"tablet":{"background-color":"","background-image":"","background-repeat":"repeat","background-position":"center center","background-size":"auto","background-attachment":"scroll","background-type":"","background-media":"","overlay-type":"","overlay-color":"","overlay-opacity":"","overlay-gradient":""},"mobile":{"background-color":"","background-image":"","background-repeat":"repeat","background-position":"center center","background-size":"auto","background-attachment":"scroll","background-type":"","background-media":"","overlay-type":"","overlay-color":"","overlay-opacity":"","overlay-gradient":""}},"ast-content-background-meta":{"desktop":{"background-color":"var(--ast-global-color-4)","background-image":"","background-repeat":"repeat","background-position":"center center","background-size":"auto","background-attachment":"scroll","background-type":"","background-media":"","overlay-type":"","overlay-color":"","overlay-opacity":"","overlay-gradient":""},"tablet":{"background-color":"var(--ast-global-color-4)","background-image":"","background-repeat":"repeat","background-position":"center center","background-size":"auto","background-attachment":"scroll","background-type":"","background-media":"","overlay-type":"","overlay-color":"","overlay-opacity":"","overlay-gradient":""},"mobile":{"background-color":"var(--ast-global-color-4)","background-image":"","background-repeat":"repeat","background-position":"center center","background-size":"auto","background-attachment":"scroll","background-type":"","background-media":"","overlay-type":"","overlay-color":"","overlay-opacity":"","overlay-gradient":""}}},"product_brand":[],"product_cat":[10323,10333],"product_tag":[10364,10496,10385,10487],"class_list":{"0":"post-74545","1":"product","2":"type-product","3":"status-publish","4":"has-post-thumbnail","6":"product_cat-modelos-de-barcos","7":"product_cat-modelos-de-escritorio","8":"product_tag-abordaje","9":"product_tag-modelo-de-escritorio-sail-gp-nueva-zelanda","10":"product_tag-modelo-de-sobremesa","11":"product_tag-sailgp","12":"desktop-align-center","13":"tablet-align-left","14":"mobile-align-left","15":"ast-product-gallery-layout-horizontal-slider","16":"ast-magnify-disabled","17":"ast-product-tabs-layout-accordion","18":"ast-qv-on-image","20":"first","21":"instock","22":"shipping-taxable","23":"purchasable","24":"product-type-simple"},"_links":{"self":[{"href":"https:\/\/abordage.com\/es\/wp-json\/wp\/v2\/product\/74545","targetHints":{"allow":["GET"]}}],"collection":[{"href":"https:\/\/abordage.com\/es\/wp-json\/wp\/v2\/product"}],"about":[{"href":"https:\/\/abordage.com\/es\/wp-json\/wp\/v2\/types\/product"}],"replies":[{"embeddable":true,"href":"https:\/\/abordage.com\/es\/wp-json\/wp\/v2\/comments?post=74545"}],"version-history":[{"count":0,"href":"https:\/\/abordage.com\/es\/wp-json\/wp\/v2\/product\/74545\/revisions"}],"wp:featuredmedia":[{"embeddable":true,"href":"https:\/\/abordage.com\/es\/wp-json\/wp\/v2\/media\/18450"}],"wp:attachment":[{"href":"https:\/\/abordage.com\/es\/wp-json\/wp\/v2\/media?parent=74545"}],"wp:term":[{"taxonomy":"product_brand","embeddable":true,"href":"https:\/\/abordage.com\/es\/wp-json\/wp\/v2\/product_brand?post=74545"},{"taxonomy":"product_cat","embeddable":true,"href":"https:\/\/abordage.com\/es\/wp-json\/wp\/v2\/product_cat?post=74545"},{"taxonomy":"product_tag","embeddable":true,"href":"https:\/\/abordage.com\/es\/wp-json\/wp\/v2\/product_tag?post=74545"}],"curies":[{"name":"wp","href":"https:\/\/api.w.org\/{rel}","templated":true}]}}