{"id":74814,"date":"2013-01-24T12:54:27","date_gmt":"2013-01-24T12:54:27","guid":{"rendered":"https:\/\/abordage.com\/shop\/sin categor\u00eda\/endeavour-i-1934\/"},"modified":"2026-02-01T18:00:16","modified_gmt":"2026-02-01T22:00:16","slug":"endeavour-i-1934","status":"publish","type":"product","link":"https:\/\/abordage.com\/es\/shop\/boutique\/modelos-de-barcos\/modelos-de-escritorio\/endeavour-i-1934\/","title":{"rendered":"Endeavour I 1934"},"content":{"rendered":"<p>Despu\u00e9s del modelo a gran escala de 24&#8243; LOA ( 60cm ), Abordage te presenta su \u00faltima versi\u00f3n del Endeavour I.<\/p>\n","protected":false},"excerpt":{"rendered":"<h4>Compra este nuevo modelo del Endeavour I que viene en una peque\u00f1a vitrina. Perfecto para tu escritorio. <\/h4>\n","protected":false},"featured_media":13289,"comment_status":"open","ping_status":"closed","template":"","meta":{"site-sidebar-layout":"default","site-content-layout":"","ast-site-content-layout":"default","site-content-style":"default","site-sidebar-style":"default","ast-global-header-display":"","ast-banner-title-visibility":"","ast-main-header-display":"","ast-hfb-above-header-display":"","ast-hfb-below-header-display":"","ast-hfb-mobile-header-display":"","site-post-title":"","ast-breadcrumbs-content":"","ast-featured-img":"","footer-sml-layout":"","theme-transparent-header-meta":"","adv-header-id-meta":"","stick-header-meta":"","header-above-stick-meta":"","header-main-stick-meta":"","header-below-stick-meta":"","astra-migrate-meta-layouts":"default","ast-page-background-enabled":"default","ast-page-background-meta":{"desktop":{"background-color":"var(--ast-global-color-5)","background-image":"","background-repeat":"repeat","background-position":"center center","background-size":"auto","background-attachment":"scroll","background-type":"","background-media":"","overlay-type":"","overlay-color":"","overlay-opacity":"","overlay-gradient":""},"tablet":{"background-color":"","background-image":"","background-repeat":"repeat","background-position":"center center","background-size":"auto","background-attachment":"scroll","background-type":"","background-media":"","overlay-type":"","overlay-color":"","overlay-opacity":"","overlay-gradient":""},"mobile":{"background-color":"","background-image":"","background-repeat":"repeat","background-position":"center center","background-size":"auto","background-attachment":"scroll","background-type":"","background-media":"","overlay-type":"","overlay-color":"","overlay-opacity":"","overlay-gradient":""}},"ast-content-background-meta":{"desktop":{"background-color":"var(--ast-global-color-4)","background-image":"","background-repeat":"repeat","background-position":"center center","background-size":"auto","background-attachment":"scroll","background-type":"","background-media":"","overlay-type":"","overlay-color":"","overlay-opacity":"","overlay-gradient":""},"tablet":{"background-color":"var(--ast-global-color-4)","background-image":"","background-repeat":"repeat","background-position":"center center","background-size":"auto","background-attachment":"scroll","background-type":"","background-media":"","overlay-type":"","overlay-color":"","overlay-opacity":"","overlay-gradient":""},"mobile":{"background-color":"var(--ast-global-color-4)","background-image":"","background-repeat":"repeat","background-position":"center center","background-size":"auto","background-attachment":"scroll","background-type":"","background-media":"","overlay-type":"","overlay-color":"","overlay-opacity":"","overlay-gradient":""}}},"product_brand":[],"product_cat":[10333],"product_tag":[10364,10383,10536,10385],"class_list":{"0":"post-74814","1":"product","2":"type-product","3":"status-publish","4":"has-post-thumbnail","6":"product_cat-modelos-de-escritorio","7":"product_tag-abordaje","8":"product_tag-boutique","9":"product_tag-esfuerzo-i-1934","10":"product_tag-modelo-de-sobremesa","11":"desktop-align-center","12":"tablet-align-left","13":"mobile-align-left","14":"ast-product-gallery-layout-horizontal-slider","15":"ast-magnify-disabled","16":"ast-product-tabs-layout-accordion","17":"ast-qv-on-image","19":"first","20":"instock","21":"shipping-taxable","22":"purchasable","23":"product-type-simple"},"_links":{"self":[{"href":"https:\/\/abordage.com\/es\/wp-json\/wp\/v2\/product\/74814","targetHints":{"allow":["GET"]}}],"collection":[{"href":"https:\/\/abordage.com\/es\/wp-json\/wp\/v2\/product"}],"about":[{"href":"https:\/\/abordage.com\/es\/wp-json\/wp\/v2\/types\/product"}],"replies":[{"embeddable":true,"href":"https:\/\/abordage.com\/es\/wp-json\/wp\/v2\/comments?post=74814"}],"version-history":[{"count":0,"href":"https:\/\/abordage.com\/es\/wp-json\/wp\/v2\/product\/74814\/revisions"}],"wp:featuredmedia":[{"embeddable":true,"href":"https:\/\/abordage.com\/es\/wp-json\/wp\/v2\/media\/13289"}],"wp:attachment":[{"href":"https:\/\/abordage.com\/es\/wp-json\/wp\/v2\/media?parent=74814"}],"wp:term":[{"taxonomy":"product_brand","embeddable":true,"href":"https:\/\/abordage.com\/es\/wp-json\/wp\/v2\/product_brand?post=74814"},{"taxonomy":"product_cat","embeddable":true,"href":"https:\/\/abordage.com\/es\/wp-json\/wp\/v2\/product_cat?post=74814"},{"taxonomy":"product_tag","embeddable":true,"href":"https:\/\/abordage.com\/es\/wp-json\/wp\/v2\/product_tag?post=74814"}],"curies":[{"name":"wp","href":"https:\/\/api.w.org\/{rel}","templated":true}]}}