{"id":74836,"date":"2013-01-24T13:22:08","date_gmt":"2013-01-24T13:22:08","guid":{"rendered":"https:\/\/abordage.com\/shop\/sin categor\u00eda\/galway-hooker\/"},"modified":"2026-02-01T18:00:26","modified_gmt":"2026-02-01T22:00:26","slug":"galway-hooker","status":"publish","type":"product","link":"https:\/\/abordage.com\/es\/shop\/boutique\/modelos-de-barcos\/modelos-de-escritorio\/galway-hooker\/","title":{"rendered":"Galway Hooker"},"content":{"rendered":"<p>Abordage se enorgullece de presentarte esta novedad de su serie de modelos de escritorio, el Galway Hooker.<\/p>\n<p>El Galway hooker (en irland\u00e9s: b\u00e1d m\u00f3r o h\u00faic\u00e9ir) es una embarcaci\u00f3n de pesca tradicional utilizada en la bah\u00eda de Galway, frente a la costa occidental de Irlanda. El hooker se desarroll\u00f3 para los fuertes mares de la zona. Se identifica por la caracter\u00edstica formaci\u00f3n de sus velas. Consiste en un solo m\u00e1stil con una vela mayor y dos trinquetes. Tradicionalmente, el barco es negro (al estar recubierto de brea) y las velas son de color marr\u00f3n rojizo oscuro.    <\/p>\n<p>Recientemente se ha producido un gran renacimiento y un renovado inter\u00e9s por el hooker de Galway, y los barcos se siguen construyendo con esmero. Todos los a\u00f1os se celebra el festival de Cruinni\u00fa na mB\u00e1d, en el que las embarcaciones navegan por la bah\u00eda de Galway desde Connemara hasta Kinvara, en la frontera entre los condados de Galway y Clare. <\/p>\n<div class=\"gmail_default\">Dimensiones de Galway Hooker:<\/div>\n<div class=\"gmail_default\">sin la vitrina 11&#8243; de largo x 3&#8243; de ancho x 9&#8243; de alto An x Al.<\/div>\n<div class=\"gmail_default\">\n<div>con la vitrina 11,25&#8243; L x 3,25&#8243; A x 10&#8243; A<\/div>\n<\/p><\/div>\n","protected":false},"excerpt":{"rendered":"<h4>La r\u00e9plica de Galway Hooker tiene una artesan\u00eda maravillosa para la escala de construcci\u00f3n.<\/h4>\n<h4>Viene con una vitrina protectora que realzar\u00e1 tu habitaci\u00f3n. El casco es negro con una franja blanca en la cala y las velas son de color rojo cl\u00e1sico. <\/h4>\n<div class=\"gmail_default\"><\/div><\/p>\n","protected":false},"featured_media":13299,"comment_status":"open","ping_status":"closed","template":"","meta":{"site-sidebar-layout":"default","site-content-layout":"","ast-site-content-layout":"default","site-content-style":"default","site-sidebar-style":"default","ast-global-header-display":"","ast-banner-title-visibility":"","ast-main-header-display":"","ast-hfb-above-header-display":"","ast-hfb-below-header-display":"","ast-hfb-mobile-header-display":"","site-post-title":"","ast-breadcrumbs-content":"","ast-featured-img":"","footer-sml-layout":"","theme-transparent-header-meta":"","adv-header-id-meta":"","stick-header-meta":"","header-above-stick-meta":"","header-main-stick-meta":"","header-below-stick-meta":"","astra-migrate-meta-layouts":"default","ast-page-background-enabled":"default","ast-page-background-meta":{"desktop":{"background-color":"var(--ast-global-color-5)","background-image":"","background-repeat":"repeat","background-position":"center center","background-size":"auto","background-attachment":"scroll","background-type":"","background-media":"","overlay-type":"","overlay-color":"","overlay-opacity":"","overlay-gradient":""},"tablet":{"background-color":"","background-image":"","background-repeat":"repeat","background-position":"center center","background-size":"auto","background-attachment":"scroll","background-type":"","background-media":"","overlay-type":"","overlay-color":"","overlay-opacity":"","overlay-gradient":""},"mobile":{"background-color":"","background-image":"","background-repeat":"repeat","background-position":"center center","background-size":"auto","background-attachment":"scroll","background-type":"","background-media":"","overlay-type":"","overlay-color":"","overlay-opacity":"","overlay-gradient":""}},"ast-content-background-meta":{"desktop":{"background-color":"var(--ast-global-color-4)","background-image":"","background-repeat":"repeat","background-position":"center center","background-size":"auto","background-attachment":"scroll","background-type":"","background-media":"","overlay-type":"","overlay-color":"","overlay-opacity":"","overlay-gradient":""},"tablet":{"background-color":"var(--ast-global-color-4)","background-image":"","background-repeat":"repeat","background-position":"center center","background-size":"auto","background-attachment":"scroll","background-type":"","background-media":"","overlay-type":"","overlay-color":"","overlay-opacity":"","overlay-gradient":""},"mobile":{"background-color":"var(--ast-global-color-4)","background-image":"","background-repeat":"repeat","background-position":"center center","background-size":"auto","background-attachment":"scroll","background-type":"","background-media":"","overlay-type":"","overlay-color":"","overlay-opacity":"","overlay-gradient":""}}},"product_brand":[],"product_cat":[10333],"product_tag":[10364,10383,10539,10385],"class_list":{"0":"post-74836","1":"product","2":"type-product","3":"status-publish","4":"has-post-thumbnail","6":"product_cat-modelos-de-escritorio","7":"product_tag-abordaje","8":"product_tag-boutique","9":"product_tag-galway-hooker","10":"product_tag-modelo-de-sobremesa","11":"desktop-align-center","12":"tablet-align-left","13":"mobile-align-left","14":"ast-product-gallery-layout-horizontal-slider","15":"ast-magnify-disabled","16":"ast-product-tabs-layout-accordion","17":"ast-qv-on-image","19":"first","20":"instock","21":"shipping-taxable","22":"purchasable","23":"product-type-simple"},"_links":{"self":[{"href":"https:\/\/abordage.com\/es\/wp-json\/wp\/v2\/product\/74836","targetHints":{"allow":["GET"]}}],"collection":[{"href":"https:\/\/abordage.com\/es\/wp-json\/wp\/v2\/product"}],"about":[{"href":"https:\/\/abordage.com\/es\/wp-json\/wp\/v2\/types\/product"}],"replies":[{"embeddable":true,"href":"https:\/\/abordage.com\/es\/wp-json\/wp\/v2\/comments?post=74836"}],"version-history":[{"count":0,"href":"https:\/\/abordage.com\/es\/wp-json\/wp\/v2\/product\/74836\/revisions"}],"wp:featuredmedia":[{"embeddable":true,"href":"https:\/\/abordage.com\/es\/wp-json\/wp\/v2\/media\/13299"}],"wp:attachment":[{"href":"https:\/\/abordage.com\/es\/wp-json\/wp\/v2\/media?parent=74836"}],"wp:term":[{"taxonomy":"product_brand","embeddable":true,"href":"https:\/\/abordage.com\/es\/wp-json\/wp\/v2\/product_brand?post=74836"},{"taxonomy":"product_cat","embeddable":true,"href":"https:\/\/abordage.com\/es\/wp-json\/wp\/v2\/product_cat?post=74836"},{"taxonomy":"product_tag","embeddable":true,"href":"https:\/\/abordage.com\/es\/wp-json\/wp\/v2\/product_tag?post=74836"}],"curies":[{"name":"wp","href":"https:\/\/api.w.org\/{rel}","templated":true}]}}