{"id":74908,"date":"2014-12-02T14:40:03","date_gmt":"2014-12-02T14:40:03","guid":{"rendered":"https:\/\/abordage.com\/shop\/sin categor\u00eda\/la-pinta-1492\/"},"modified":"2014-12-02T14:40:03","modified_gmt":"2014-12-02T18:40:03","slug":"la-pinta-1492","status":"publish","type":"product","link":"https:\/\/abordage.com\/es\/shop\/boutique\/modelos-de-barcos\/modelos-de-escritorio\/la-pinta-1492\/","title":{"rendered":"La Pinta 1492"},"content":{"rendered":"<p>La Pinta (en espa\u00f1ol, La pinta (medida l\u00edquida), La mirada o La manchada ) fue la m\u00e1s r\u00e1pida de las tres naves utilizadas por Crist\u00f3bal Col\u00f3n en su primer viaje transatl\u00e1ntico en 1492.<\/p>\n<p>El Nuevo Mundo fue avistado por primera vez por Rodrigo de Triana en la Pinta el 12 de octubre de 1492. El propietario de la Pinta era Crist\u00f3bal Quintero. Los hermanos Quintero eran armadores de Palos.  <\/p>\n<p>El propietario del barco permiti\u00f3 que Mart\u00edn Alonso Pinz\u00f3n se hiciera cargo del barco para que pudiera vigilarlo. La Pinta era un nav\u00edo de tipo carabela. Por tradici\u00f3n, los barcos espa\u00f1oles llevaban nombres de santos y sol\u00edan recibir apodos. As\u00ed, la Pinta, al igual que la Ni\u00f1a, no era el nombre real del barco.   <\/p>\n<p>Se desconoce el nombre real de la Pinta. Se discute el origen del barco, pero se cree que se construy\u00f3 en Espa\u00f1a en el a\u00f1o 1441. Posteriormente fue reconstruido para ser utilizado por Crist\u00f3bal Col\u00f3n.   De Wikipedia.<\/p>\n","protected":false},"excerpt":{"rendered":"<p>Descubre la Pinta, una de las tres carabelas utilizadas por Crist\u00f3bal Col\u00f3n durante su viaje a Am\u00e9rica.<\/p>\n<p>Viene con un estuche protector.<\/p>\n","protected":false},"featured_media":13598,"comment_status":"open","ping_status":"closed","template":"","meta":{"site-sidebar-layout":"default","site-content-layout":"","ast-site-content-layout":"default","site-content-style":"default","site-sidebar-style":"default","ast-global-header-display":"","ast-banner-title-visibility":"","ast-main-header-display":"","ast-hfb-above-header-display":"","ast-hfb-below-header-display":"","ast-hfb-mobile-header-display":"","site-post-title":"","ast-breadcrumbs-content":"","ast-featured-img":"","footer-sml-layout":"","theme-transparent-header-meta":"","adv-header-id-meta":"","stick-header-meta":"","header-above-stick-meta":"","header-main-stick-meta":"","header-below-stick-meta":"","astra-migrate-meta-layouts":"default","ast-page-background-enabled":"default","ast-page-background-meta":{"desktop":{"background-color":"var(--ast-global-color-5)","background-image":"","background-repeat":"repeat","background-position":"center center","background-size":"auto","background-attachment":"scroll","background-type":"","background-media":"","overlay-type":"","overlay-color":"","overlay-opacity":"","overlay-gradient":""},"tablet":{"background-color":"","background-image":"","background-repeat":"repeat","background-position":"center center","background-size":"auto","background-attachment":"scroll","background-type":"","background-media":"","overlay-type":"","overlay-color":"","overlay-opacity":"","overlay-gradient":""},"mobile":{"background-color":"","background-image":"","background-repeat":"repeat","background-position":"center center","background-size":"auto","background-attachment":"scroll","background-type":"","background-media":"","overlay-type":"","overlay-color":"","overlay-opacity":"","overlay-gradient":""}},"ast-content-background-meta":{"desktop":{"background-color":"var(--ast-global-color-4)","background-image":"","background-repeat":"repeat","background-position":"center center","background-size":"auto","background-attachment":"scroll","background-type":"","background-media":"","overlay-type":"","overlay-color":"","overlay-opacity":"","overlay-gradient":""},"tablet":{"background-color":"var(--ast-global-color-4)","background-image":"","background-repeat":"repeat","background-position":"center center","background-size":"auto","background-attachment":"scroll","background-type":"","background-media":"","overlay-type":"","overlay-color":"","overlay-opacity":"","overlay-gradient":""},"mobile":{"background-color":"var(--ast-global-color-4)","background-image":"","background-repeat":"repeat","background-position":"center center","background-size":"auto","background-attachment":"scroll","background-type":"","background-media":"","overlay-type":"","overlay-color":"","overlay-opacity":"","overlay-gradient":""}}},"product_brand":[],"product_cat":[10333],"product_tag":[10364,10383,10556,10385],"class_list":{"0":"post-74908","1":"product","2":"type-product","3":"status-publish","4":"has-post-thumbnail","6":"product_cat-modelos-de-escritorio","7":"product_tag-abordaje","8":"product_tag-boutique","9":"product_tag-la-pinta-1492","10":"product_tag-modelo-de-sobremesa","11":"desktop-align-center","12":"tablet-align-left","13":"mobile-align-left","14":"ast-product-gallery-layout-horizontal-slider","15":"ast-magnify-disabled","16":"ast-product-tabs-layout-accordion","17":"ast-qv-on-image","19":"first","20":"instock","21":"shipping-taxable","22":"purchasable","23":"product-type-simple"},"_links":{"self":[{"href":"https:\/\/abordage.com\/es\/wp-json\/wp\/v2\/product\/74908","targetHints":{"allow":["GET"]}}],"collection":[{"href":"https:\/\/abordage.com\/es\/wp-json\/wp\/v2\/product"}],"about":[{"href":"https:\/\/abordage.com\/es\/wp-json\/wp\/v2\/types\/product"}],"replies":[{"embeddable":true,"href":"https:\/\/abordage.com\/es\/wp-json\/wp\/v2\/comments?post=74908"}],"version-history":[{"count":0,"href":"https:\/\/abordage.com\/es\/wp-json\/wp\/v2\/product\/74908\/revisions"}],"wp:featuredmedia":[{"embeddable":true,"href":"https:\/\/abordage.com\/es\/wp-json\/wp\/v2\/media\/13598"}],"wp:attachment":[{"href":"https:\/\/abordage.com\/es\/wp-json\/wp\/v2\/media?parent=74908"}],"wp:term":[{"taxonomy":"product_brand","embeddable":true,"href":"https:\/\/abordage.com\/es\/wp-json\/wp\/v2\/product_brand?post=74908"},{"taxonomy":"product_cat","embeddable":true,"href":"https:\/\/abordage.com\/es\/wp-json\/wp\/v2\/product_cat?post=74908"},{"taxonomy":"product_tag","embeddable":true,"href":"https:\/\/abordage.com\/es\/wp-json\/wp\/v2\/product_tag?post=74908"}],"curies":[{"name":"wp","href":"https:\/\/api.w.org\/{rel}","templated":true}]}}