{"id":74920,"date":"2017-02-04T02:02:46","date_gmt":"2017-02-04T02:02:46","guid":{"rendered":"https:\/\/abordage.com\/shop\/sin categor\u00eda\/groupama-team-france-catamaran-ac-50-modelo-de-escritorio-2017\/"},"modified":"2017-02-04T02:02:46","modified_gmt":"2017-02-04T06:02:46","slug":"groupama-team-france-catamaran-ac-50-modelo-de-escritorio-2017","status":"publish","type":"product","link":"https:\/\/abordage.com\/es\/shop\/boutique\/modelos-de-barcos\/modelos-de-escritorio\/groupama-team-france-catamaran-ac-50-modelo-de-escritorio-2017\/","title":{"rendered":"Groupama Team France &#8211; Catamar\u00e1n AC 50 &#8211; Modelo de escritorio 2017"},"content":{"rendered":"<h3 class=\"page-subheading\"><strong>Una r\u00e9plica a medida<\/strong><\/h3>\n<p>Abordage ha construido m\u00e1s de <strong>3.000 modelos de barcos a medida<\/strong> en los \u00faltimos 30<strong> a\u00f1os<\/strong>, con un n\u00famero a\u00fan mayor de <strong>propietarios satisfechos en todo el mundo.<\/strong><br \/>Nuestro equipo tiene una gran experiencia en la construcci\u00f3n de modelos de barcos a medida para propietarios privados, dise\u00f1adores de yates y astilleros.<br \/>Podemos encargar modelos de cualquier barco, de cualquier \u00e9poca, gracias a nuestra larga experiencia en la construcci\u00f3n de modelos a medida \u00fanicos en su clase.<\/p>\n<p><strong>    <\/strong><\/p>\n<p><a title=\"Obt\u00e9n tu presupuesto gratuito\" href=\"https:\/\/forms.zohopublic.com\/people443\/form\/GetYourfreeQuote\/formperma\/wC-bOBvv7QsQrPA1r0HwbXppBwC6JFMS7jfeubY7kOw\" target=\"_blank\" rel=\"noopener\">No dudes en ponerte en contacto con nosotros para solicitar un presupuesto personalizado<\/a><\/p>\n","protected":false},"excerpt":{"rendered":"<h4>  Presentamos&#8230; el<strong> modelo de escritorio <\/strong>Groupama Team France, AC 50 y su vitrina.<\/h4>\n<p>  Abordage se enorgullece de presentarte el modelo de escritorio GROUPAMA Team France, desaf\u00edo de la 35\u00aa Copa Am\u00e9rica &#8211; Bermudas 2017.<\/p>\n<p>Escala 1\/64<\/p>\n<p>9,25&#8243; de largo x 5,25&#8243; de ancho x 16&#8243; de alto ( o 23,5 cm de largo x 13,4 cm de ancho x 41 cm de alto )<\/p><\/p>\n","protected":false},"featured_media":15014,"comment_status":"open","ping_status":"closed","template":"","meta":{"site-sidebar-layout":"default","site-content-layout":"","ast-site-content-layout":"default","site-content-style":"default","site-sidebar-style":"default","ast-global-header-display":"","ast-banner-title-visibility":"","ast-main-header-display":"","ast-hfb-above-header-display":"","ast-hfb-below-header-display":"","ast-hfb-mobile-header-display":"","site-post-title":"","ast-breadcrumbs-content":"","ast-featured-img":"","footer-sml-layout":"","theme-transparent-header-meta":"","adv-header-id-meta":"","stick-header-meta":"","header-above-stick-meta":"","header-main-stick-meta":"","header-below-stick-meta":"","astra-migrate-meta-layouts":"default","ast-page-background-enabled":"default","ast-page-background-meta":{"desktop":{"background-color":"var(--ast-global-color-5)","background-image":"","background-repeat":"repeat","background-position":"center center","background-size":"auto","background-attachment":"scroll","background-type":"","background-media":"","overlay-type":"","overlay-color":"","overlay-opacity":"","overlay-gradient":""},"tablet":{"background-color":"","background-image":"","background-repeat":"repeat","background-position":"center center","background-size":"auto","background-attachment":"scroll","background-type":"","background-media":"","overlay-type":"","overlay-color":"","overlay-opacity":"","overlay-gradient":""},"mobile":{"background-color":"","background-image":"","background-repeat":"repeat","background-position":"center center","background-size":"auto","background-attachment":"scroll","background-type":"","background-media":"","overlay-type":"","overlay-color":"","overlay-opacity":"","overlay-gradient":""}},"ast-content-background-meta":{"desktop":{"background-color":"var(--ast-global-color-4)","background-image":"","background-repeat":"repeat","background-position":"center center","background-size":"auto","background-attachment":"scroll","background-type":"","background-media":"","overlay-type":"","overlay-color":"","overlay-opacity":"","overlay-gradient":""},"tablet":{"background-color":"var(--ast-global-color-4)","background-image":"","background-repeat":"repeat","background-position":"center center","background-size":"auto","background-attachment":"scroll","background-type":"","background-media":"","overlay-type":"","overlay-color":"","overlay-opacity":"","overlay-gradient":""},"mobile":{"background-color":"var(--ast-global-color-4)","background-image":"","background-repeat":"repeat","background-position":"center center","background-size":"auto","background-attachment":"scroll","background-type":"","background-media":"","overlay-type":"","overlay-color":"","overlay-opacity":"","overlay-gradient":""}}},"product_brand":[],"product_cat":[10333],"product_tag":[10366,10364,10525,10560,10559],"class_list":{"0":"post-74920","1":"product","2":"type-product","3":"status-publish","4":"has-post-thumbnail","6":"product_cat-modelos-de-escritorio","7":"product_tag-a-medida","8":"product_tag-abordaje","9":"product_tag-barco-de-vela","10":"product_tag-groupama-team-france-catamaran-ac-50-modelo-de-escritorio-2017","11":"product_tag-modelo-de-escritorio-de-vela-personalizado","12":"desktop-align-center","13":"tablet-align-left","14":"mobile-align-left","15":"ast-product-gallery-layout-horizontal-slider","16":"ast-magnify-disabled","17":"ast-product-tabs-layout-accordion","18":"ast-qv-on-image","20":"first","21":"instock","22":"shipping-taxable","23":"purchasable","24":"product-type-simple"},"_links":{"self":[{"href":"https:\/\/abordage.com\/es\/wp-json\/wp\/v2\/product\/74920","targetHints":{"allow":["GET"]}}],"collection":[{"href":"https:\/\/abordage.com\/es\/wp-json\/wp\/v2\/product"}],"about":[{"href":"https:\/\/abordage.com\/es\/wp-json\/wp\/v2\/types\/product"}],"replies":[{"embeddable":true,"href":"https:\/\/abordage.com\/es\/wp-json\/wp\/v2\/comments?post=74920"}],"version-history":[{"count":0,"href":"https:\/\/abordage.com\/es\/wp-json\/wp\/v2\/product\/74920\/revisions"}],"wp:featuredmedia":[{"embeddable":true,"href":"https:\/\/abordage.com\/es\/wp-json\/wp\/v2\/media\/15014"}],"wp:attachment":[{"href":"https:\/\/abordage.com\/es\/wp-json\/wp\/v2\/media?parent=74920"}],"wp:term":[{"taxonomy":"product_brand","embeddable":true,"href":"https:\/\/abordage.com\/es\/wp-json\/wp\/v2\/product_brand?post=74920"},{"taxonomy":"product_cat","embeddable":true,"href":"https:\/\/abordage.com\/es\/wp-json\/wp\/v2\/product_cat?post=74920"},{"taxonomy":"product_tag","embeddable":true,"href":"https:\/\/abordage.com\/es\/wp-json\/wp\/v2\/product_tag?post=74920"}],"curies":[{"name":"wp","href":"https:\/\/api.w.org\/{rel}","templated":true}]}}