{"id":75076,"date":"2009-09-24T16:09:56","date_gmt":"2009-09-24T16:09:56","guid":{"rendered":"https:\/\/abordage.com\/shop\/sin categor\u00eda\/defensor-1895\/"},"modified":"2009-09-24T16:09:56","modified_gmt":"2009-09-24T20:09:56","slug":"defensor-1895","status":"publish","type":"product","link":"https:\/\/abordage.com\/es\/shop\/boutique\/medios-cascos-y-medias-modelos\/medias-modelos\/defensor-1895\/","title":{"rendered":"Defensor 1895"},"content":{"rendered":"","protected":false},"excerpt":{"rendered":"<p>  Construido como pr\u00f3ximo Challenger del New York Yacht Club, Herreshoff decidi\u00f3 construir este yate con quilla de aleta. en 1895 gan\u00f3 la copa am\u00e9rica.<\/p>\n","protected":false},"featured_media":12227,"comment_status":"open","ping_status":"closed","template":"","meta":{"site-sidebar-layout":"default","site-content-layout":"","ast-site-content-layout":"default","site-content-style":"default","site-sidebar-style":"default","ast-global-header-display":"","ast-banner-title-visibility":"","ast-main-header-display":"","ast-hfb-above-header-display":"","ast-hfb-below-header-display":"","ast-hfb-mobile-header-display":"","site-post-title":"","ast-breadcrumbs-content":"","ast-featured-img":"","footer-sml-layout":"","theme-transparent-header-meta":"","adv-header-id-meta":"","stick-header-meta":"","header-above-stick-meta":"","header-main-stick-meta":"","header-below-stick-meta":"","astra-migrate-meta-layouts":"default","ast-page-background-enabled":"default","ast-page-background-meta":{"desktop":{"background-color":"var(--ast-global-color-5)","background-image":"","background-repeat":"repeat","background-position":"center center","background-size":"auto","background-attachment":"scroll","background-type":"","background-media":"","overlay-type":"","overlay-color":"","overlay-opacity":"","overlay-gradient":""},"tablet":{"background-color":"","background-image":"","background-repeat":"repeat","background-position":"center center","background-size":"auto","background-attachment":"scroll","background-type":"","background-media":"","overlay-type":"","overlay-color":"","overlay-opacity":"","overlay-gradient":""},"mobile":{"background-color":"","background-image":"","background-repeat":"repeat","background-position":"center center","background-size":"auto","background-attachment":"scroll","background-type":"","background-media":"","overlay-type":"","overlay-color":"","overlay-opacity":"","overlay-gradient":""}},"ast-content-background-meta":{"desktop":{"background-color":"var(--ast-global-color-4)","background-image":"","background-repeat":"repeat","background-position":"center center","background-size":"auto","background-attachment":"scroll","background-type":"","background-media":"","overlay-type":"","overlay-color":"","overlay-opacity":"","overlay-gradient":""},"tablet":{"background-color":"var(--ast-global-color-4)","background-image":"","background-repeat":"repeat","background-position":"center center","background-size":"auto","background-attachment":"scroll","background-type":"","background-media":"","overlay-type":"","overlay-color":"","overlay-opacity":"","overlay-gradient":""},"mobile":{"background-color":"var(--ast-global-color-4)","background-image":"","background-repeat":"repeat","background-position":"center center","background-size":"auto","background-attachment":"scroll","background-type":"","background-media":"","overlay-type":"","overlay-color":"","overlay-opacity":"","overlay-gradient":""}}},"product_brand":[],"product_cat":[10348],"product_tag":[10383],"class_list":{"0":"post-75076","1":"product","2":"type-product","3":"status-publish","4":"has-post-thumbnail","6":"product_cat-medias-modelos","7":"product_tag-boutique","8":"desktop-align-center","9":"tablet-align-left","10":"mobile-align-left","11":"ast-product-gallery-layout-horizontal-slider","12":"ast-magnify-disabled","13":"ast-product-tabs-layout-accordion","14":"ast-qv-on-image","16":"first","17":"instock","18":"shipping-taxable","19":"purchasable","20":"product-type-simple"},"_links":{"self":[{"href":"https:\/\/abordage.com\/es\/wp-json\/wp\/v2\/product\/75076","targetHints":{"allow":["GET"]}}],"collection":[{"href":"https:\/\/abordage.com\/es\/wp-json\/wp\/v2\/product"}],"about":[{"href":"https:\/\/abordage.com\/es\/wp-json\/wp\/v2\/types\/product"}],"replies":[{"embeddable":true,"href":"https:\/\/abordage.com\/es\/wp-json\/wp\/v2\/comments?post=75076"}],"version-history":[{"count":0,"href":"https:\/\/abordage.com\/es\/wp-json\/wp\/v2\/product\/75076\/revisions"}],"wp:featuredmedia":[{"embeddable":true,"href":"https:\/\/abordage.com\/es\/wp-json\/wp\/v2\/media\/12227"}],"wp:attachment":[{"href":"https:\/\/abordage.com\/es\/wp-json\/wp\/v2\/media?parent=75076"}],"wp:term":[{"taxonomy":"product_brand","embeddable":true,"href":"https:\/\/abordage.com\/es\/wp-json\/wp\/v2\/product_brand?post=75076"},{"taxonomy":"product_cat","embeddable":true,"href":"https:\/\/abordage.com\/es\/wp-json\/wp\/v2\/product_cat?post=75076"},{"taxonomy":"product_tag","embeddable":true,"href":"https:\/\/abordage.com\/es\/wp-json\/wp\/v2\/product_tag?post=75076"}],"curies":[{"name":"wp","href":"https:\/\/api.w.org\/{rel}","templated":true}]}}