{"id":75079,"date":"2011-07-08T19:04:50","date_gmt":"2011-07-08T19:04:50","guid":{"rendered":"https:\/\/abordage.com\/shop\/sin categor\u00eda\/nube-voladora-1851\/"},"modified":"2026-02-01T18:05:44","modified_gmt":"2026-02-01T22:05:44","slug":"nube-voladora-1851","status":"publish","type":"product","link":"https:\/\/abordage.com\/es\/shop\/boutique\/medios-cascos-y-medias-modelos\/medias-modelos\/nube-voladora-1851\/","title":{"rendered":"Nube voladora 1851"},"content":{"rendered":"<p>El <strong>Flying Cloud <\/strong>era un cl\u00edper que estableci\u00f3 el r\u00e9cord mundial de navegaci\u00f3n en la traves\u00eda m\u00e1s r\u00e1pida entre Nueva York y San Francisco, 89 d\u00edas y 8 horas. Mantuvo este r\u00e9cord durante m\u00e1s de 100 a\u00f1os, de 1854 a 1989. <\/p>\n<p>El Flying Cloud fue el m\u00e1s famoso de los clippers construidos por Donald McKay. Era conocido por su re\u00f1id\u00edsima regata con el Hornet en 1853, por tener una mujer navegante, Eleanor Creesy, esposa de Josiah Perkins Creesy, que capitane\u00f3 el Flying Cloud en dos viajes r\u00e9cord de Nueva York a San Francisco, y por navegar en el comercio australiano y maderero. <\/p>\n<p>El tama\u00f1o de este modelo de media tabla trasera es de 84 cm X 22 cm.<\/p>\n<p>De Wikipedia<\/p>\n","protected":false},"excerpt":{"rendered":"<p>El<strong> Flying Cloud<\/strong> era un cl\u00edper que estableci\u00f3 el r\u00e9cord mundial de navegaci\u00f3n en la traves\u00eda m\u00e1s r\u00e1pida entre Nueva York y San Francisco, 89 d\u00edas y 8 horas. Mantuvo este r\u00e9cord durante m\u00e1s de 100 a\u00f1os, de 1854 a 1989. <\/p>\n<p>  Pedido en l\u00ednea, entrega en todo el mundo.<\/p>\n","protected":false},"featured_media":13209,"comment_status":"open","ping_status":"closed","template":"","meta":{"site-sidebar-layout":"default","site-content-layout":"","ast-site-content-layout":"default","site-content-style":"default","site-sidebar-style":"default","ast-global-header-display":"","ast-banner-title-visibility":"","ast-main-header-display":"","ast-hfb-above-header-display":"","ast-hfb-below-header-display":"","ast-hfb-mobile-header-display":"","site-post-title":"","ast-breadcrumbs-content":"","ast-featured-img":"","footer-sml-layout":"","theme-transparent-header-meta":"","adv-header-id-meta":"","stick-header-meta":"","header-above-stick-meta":"","header-main-stick-meta":"","header-below-stick-meta":"","astra-migrate-meta-layouts":"default","ast-page-background-enabled":"default","ast-page-background-meta":{"desktop":{"background-color":"var(--ast-global-color-5)","background-image":"","background-repeat":"repeat","background-position":"center center","background-size":"auto","background-attachment":"scroll","background-type":"","background-media":"","overlay-type":"","overlay-color":"","overlay-opacity":"","overlay-gradient":""},"tablet":{"background-color":"","background-image":"","background-repeat":"repeat","background-position":"center center","background-size":"auto","background-attachment":"scroll","background-type":"","background-media":"","overlay-type":"","overlay-color":"","overlay-opacity":"","overlay-gradient":""},"mobile":{"background-color":"","background-image":"","background-repeat":"repeat","background-position":"center center","background-size":"auto","background-attachment":"scroll","background-type":"","background-media":"","overlay-type":"","overlay-color":"","overlay-opacity":"","overlay-gradient":""}},"ast-content-background-meta":{"desktop":{"background-color":"var(--ast-global-color-4)","background-image":"","background-repeat":"repeat","background-position":"center center","background-size":"auto","background-attachment":"scroll","background-type":"","background-media":"","overlay-type":"","overlay-color":"","overlay-opacity":"","overlay-gradient":""},"tablet":{"background-color":"var(--ast-global-color-4)","background-image":"","background-repeat":"repeat","background-position":"center center","background-size":"auto","background-attachment":"scroll","background-type":"","background-media":"","overlay-type":"","overlay-color":"","overlay-opacity":"","overlay-gradient":""},"mobile":{"background-color":"var(--ast-global-color-4)","background-image":"","background-repeat":"repeat","background-position":"center center","background-size":"auto","background-attachment":"scroll","background-type":"","background-media":"","overlay-type":"","overlay-color":"","overlay-opacity":"","overlay-gradient":""}}},"product_brand":[],"product_cat":[10348],"product_tag":[10383,10574],"class_list":{"0":"post-75079","1":"product","2":"type-product","3":"status-publish","4":"has-post-thumbnail","6":"product_cat-medias-modelos","7":"product_tag-boutique","8":"product_tag-descubre-nuestro-medio-modelo-artesanal-de-la-nube-voladora-terminado-en-2010-para-un-entusiasta-de-los-modelos-clipper-estamos-muy-orgullosos-de-esta-recreacion-de-la-nube-voladora","9":"desktop-align-center","10":"tablet-align-left","11":"mobile-align-left","12":"ast-product-gallery-layout-horizontal-slider","13":"ast-magnify-disabled","14":"ast-product-tabs-layout-accordion","15":"ast-qv-on-image","17":"first","18":"instock","19":"shipping-taxable","20":"purchasable","21":"product-type-simple"},"_links":{"self":[{"href":"https:\/\/abordage.com\/es\/wp-json\/wp\/v2\/product\/75079","targetHints":{"allow":["GET"]}}],"collection":[{"href":"https:\/\/abordage.com\/es\/wp-json\/wp\/v2\/product"}],"about":[{"href":"https:\/\/abordage.com\/es\/wp-json\/wp\/v2\/types\/product"}],"replies":[{"embeddable":true,"href":"https:\/\/abordage.com\/es\/wp-json\/wp\/v2\/comments?post=75079"}],"version-history":[{"count":0,"href":"https:\/\/abordage.com\/es\/wp-json\/wp\/v2\/product\/75079\/revisions"}],"wp:featuredmedia":[{"embeddable":true,"href":"https:\/\/abordage.com\/es\/wp-json\/wp\/v2\/media\/13209"}],"wp:attachment":[{"href":"https:\/\/abordage.com\/es\/wp-json\/wp\/v2\/media?parent=75079"}],"wp:term":[{"taxonomy":"product_brand","embeddable":true,"href":"https:\/\/abordage.com\/es\/wp-json\/wp\/v2\/product_brand?post=75079"},{"taxonomy":"product_cat","embeddable":true,"href":"https:\/\/abordage.com\/es\/wp-json\/wp\/v2\/product_cat?post=75079"},{"taxonomy":"product_tag","embeddable":true,"href":"https:\/\/abordage.com\/es\/wp-json\/wp\/v2\/product_tag?post=75079"}],"curies":[{"name":"wp","href":"https:\/\/api.w.org\/{rel}","templated":true}]}}