{"id":75118,"date":"2014-02-10T22:16:56","date_gmt":"2014-02-10T22:16:56","guid":{"rendered":"https:\/\/abordage.com\/shop\/sin categor\u00eda\/uss-constitucion-1797-2\/"},"modified":"2014-02-10T22:16:56","modified_gmt":"2014-02-11T02:16:56","slug":"uss-constitucion-1797-2","status":"publish","type":"product","link":"https:\/\/abordage.com\/es\/shop\/boutique\/medios-cascos-y-medias-modelos\/medias-modelos\/uss-constitucion-1797-2\/","title":{"rendered":"USS Constituci\u00f3n 1797"},"content":{"rendered":"<p>  De Wikipedia.<\/p>\n<p>El USS Constitution es una fragata pesada de tres m\u00e1stiles y casco de madera de la Marina de los Estados Unidos. Bautizada por el presidente George Washington con el nombre de Constituci\u00f3n de los Estados Unidos de Am\u00e9rica, es el buque naval a flote m\u00e1s antiguo del mundo. Botada en 1797, la Constitution fue una de las seis fragatas originales cuya construcci\u00f3n autoriz\u00f3 la Ley Naval de 1794 y la tercera construida. Joshua Humphreys dise\u00f1\u00f3 las fragatas para que fueran los buques capitales de la joven Armada, por lo que la Constitution y sus hermanas eran m\u00e1s grandes y estaban mejor armadas y construidas que las fragatas est\u00e1ndar de la \u00e9poca. Construidas en Boston, Massachusetts, en el astillero de Edmund Hartt, sus primeras tareas en la reci\u00e9n formada Marina de los Estados Unidos fueron proporcionar protecci\u00f3n a la marina mercante americana durante la Cuasi-Guerra con Francia y derrotar a los piratas berberiscos en la Primera Guerra de Berber\u00eda.    <\/p>\n<p>El Constitution es m\u00e1s famoso por sus acciones durante la Guerra de 1812 contra Gran Breta\u00f1a, cuando captur\u00f3 numerosos barcos mercantes y derrot\u00f3 a cinco buques de guerra brit\u00e1nicos: HMS Guerriere, Java, Pictou, Cyane y Levant. La batalla con Guerriere le vali\u00f3 el apodo de \u00abOld Ironsides\u00bb y la adoraci\u00f3n del p\u00fablico, que la salv\u00f3 repetidamente del desguace. Continu\u00f3 sirviendo como buque insignia en las escuadras del Mediterr\u00e1neo y \u00c1frica, y dio la vuelta al mundo en la d\u00e9cada de 1840. Durante la Guerra Civil estadounidense, sirvi\u00f3 como buque escuela para la Academia Naval de Estados Unidos. Llev\u00f3 obras de arte y muestras industriales estadounidenses a la Exposici\u00f3n de Par\u00eds de 1878.    <\/p>\n<p>Retirado del servicio activo en 1881, el Constitution sirvi\u00f3 como buque receptor hasta que fue designado buque museo en 1907. En 1934 complet\u00f3 una gira de tres a\u00f1os por 90 puertos de la naci\u00f3n. El Constitution naveg\u00f3 por sus propios medios para celebrar su 200 aniversario en 1997, y de nuevo en agosto de 2012, para conmemorar el 200 aniversario de su victoria sobre Guerriere.  <\/p>\n<p>En la actualidad, la misi\u00f3n declarada del Constitution es promover la comprensi\u00f3n del papel de la Marina en la guerra y la paz mediante la divulgaci\u00f3n educativa, la demostraci\u00f3n hist\u00f3rica y la participaci\u00f3n activa en actos p\u00fablicos. Como buque de la Marina de los EE.UU. en pleno servicio, su tripulaci\u00f3n de 60 oficiales y marineros participa en ceremonias, programas educativos y actos especiales, al tiempo que mantiene el buque abierto a los visitantes durante todo el a\u00f1o y ofrece visitas gratuitas. Los oficiales y la tripulaci\u00f3n son todos personal en servicio activo de la Marina de los EE.UU. y la asignaci\u00f3n se considera servicio especial en la Marina. Tradicionalmente, el mando del buque se asigna a un Comandante de la Marina. El Constitution est\u00e1 atracado en el Muelle 1 del antiguo Astillero Naval de Charlestown, en un extremo del Sendero de la Libertad de Boston.    <\/p>\n","protected":false},"excerpt":{"rendered":"<p>Mira este medio modelo detallado en cubierta del USS Constitution.<\/p>\n<p>Tama\u00f1o del casco: 25,5&#8243; L x 6,5&#8243; H<\/p>\n<p>Tama\u00f1o de la base de madera: 28&#8243; L x 9&#8243; H<\/p><\/p>\n","protected":false},"featured_media":13380,"comment_status":"open","ping_status":"closed","template":"","meta":{"site-sidebar-layout":"default","site-content-layout":"","ast-site-content-layout":"default","site-content-style":"default","site-sidebar-style":"default","ast-global-header-display":"","ast-banner-title-visibility":"","ast-main-header-display":"","ast-hfb-above-header-display":"","ast-hfb-below-header-display":"","ast-hfb-mobile-header-display":"","site-post-title":"","ast-breadcrumbs-content":"","ast-featured-img":"","footer-sml-layout":"","theme-transparent-header-meta":"","adv-header-id-meta":"","stick-header-meta":"","header-above-stick-meta":"","header-main-stick-meta":"","header-below-stick-meta":"","astra-migrate-meta-layouts":"default","ast-page-background-enabled":"default","ast-page-background-meta":{"desktop":{"background-color":"var(--ast-global-color-5)","background-image":"","background-repeat":"repeat","background-position":"center center","background-size":"auto","background-attachment":"scroll","background-type":"","background-media":"","overlay-type":"","overlay-color":"","overlay-opacity":"","overlay-gradient":""},"tablet":{"background-color":"","background-image":"","background-repeat":"repeat","background-position":"center center","background-size":"auto","background-attachment":"scroll","background-type":"","background-media":"","overlay-type":"","overlay-color":"","overlay-opacity":"","overlay-gradient":""},"mobile":{"background-color":"","background-image":"","background-repeat":"repeat","background-position":"center center","background-size":"auto","background-attachment":"scroll","background-type":"","background-media":"","overlay-type":"","overlay-color":"","overlay-opacity":"","overlay-gradient":""}},"ast-content-background-meta":{"desktop":{"background-color":"var(--ast-global-color-4)","background-image":"","background-repeat":"repeat","background-position":"center center","background-size":"auto","background-attachment":"scroll","background-type":"","background-media":"","overlay-type":"","overlay-color":"","overlay-opacity":"","overlay-gradient":""},"tablet":{"background-color":"var(--ast-global-color-4)","background-image":"","background-repeat":"repeat","background-position":"center center","background-size":"auto","background-attachment":"scroll","background-type":"","background-media":"","overlay-type":"","overlay-color":"","overlay-opacity":"","overlay-gradient":""},"mobile":{"background-color":"var(--ast-global-color-4)","background-image":"","background-repeat":"repeat","background-position":"center center","background-size":"auto","background-attachment":"scroll","background-type":"","background-media":"","overlay-type":"","overlay-color":"","overlay-opacity":"","overlay-gradient":""}}},"product_brand":[],"product_cat":[10348],"product_tag":[10364,10383,10571,10577],"class_list":{"0":"post-75118","1":"product","2":"type-product","3":"status-publish","4":"has-post-thumbnail","6":"product_cat-medias-modelos","7":"product_tag-abordaje","8":"product_tag-boutique","9":"product_tag-modelos-de-barcos","10":"product_tag-uss-constitution-1797","11":"desktop-align-center","12":"tablet-align-left","13":"mobile-align-left","14":"ast-product-gallery-layout-horizontal-slider","15":"ast-magnify-disabled","16":"ast-product-tabs-layout-accordion","17":"ast-qv-on-image","19":"first","20":"instock","21":"shipping-taxable","22":"purchasable","23":"product-type-simple"},"_links":{"self":[{"href":"https:\/\/abordage.com\/es\/wp-json\/wp\/v2\/product\/75118","targetHints":{"allow":["GET"]}}],"collection":[{"href":"https:\/\/abordage.com\/es\/wp-json\/wp\/v2\/product"}],"about":[{"href":"https:\/\/abordage.com\/es\/wp-json\/wp\/v2\/types\/product"}],"replies":[{"embeddable":true,"href":"https:\/\/abordage.com\/es\/wp-json\/wp\/v2\/comments?post=75118"}],"version-history":[{"count":0,"href":"https:\/\/abordage.com\/es\/wp-json\/wp\/v2\/product\/75118\/revisions"}],"wp:featuredmedia":[{"embeddable":true,"href":"https:\/\/abordage.com\/es\/wp-json\/wp\/v2\/media\/13380"}],"wp:attachment":[{"href":"https:\/\/abordage.com\/es\/wp-json\/wp\/v2\/media?parent=75118"}],"wp:term":[{"taxonomy":"product_brand","embeddable":true,"href":"https:\/\/abordage.com\/es\/wp-json\/wp\/v2\/product_brand?post=75118"},{"taxonomy":"product_cat","embeddable":true,"href":"https:\/\/abordage.com\/es\/wp-json\/wp\/v2\/product_cat?post=75118"},{"taxonomy":"product_tag","embeddable":true,"href":"https:\/\/abordage.com\/es\/wp-json\/wp\/v2\/product_tag?post=75118"}],"curies":[{"name":"wp","href":"https:\/\/api.w.org\/{rel}","templated":true}]}}