{"id":75127,"date":"2020-12-02T02:36:38","date_gmt":"2020-12-02T02:36:38","guid":{"rendered":"https:\/\/abordage.com\/shop\/sin categor\u00eda\/ac-75-patriot-medio-casco-2021-mm-100\/"},"modified":"2026-02-23T07:55:30","modified_gmt":"2026-02-23T11:55:30","slug":"ac-75-patriot-medio-casco-2021-mm-100","status":"publish","type":"product","link":"https:\/\/abordage.com\/es\/shop\/boutique\/medios-cascos-y-medias-modelos\/medias-modelos\/ac-75-patriot-medio-casco-2021-mm-100\/","title":{"rendered":"AC 75 PATRIOT medio casco 2021 MM-100"},"content":{"rendered":"<h3 class=\"page-subheading\"><strong>Una r\u00e9plica a medida<\/strong><\/h3>\n<p>Abordage ha construido m\u00e1s de <strong>3.000<\/strong> modelos de barcos a medida en los \u00faltimos 30<strong> a\u00f1os<\/strong>, con un n\u00famero a\u00fan mayor de <strong>propietarios satisfechos en todo el mundo.<\/strong><br \/>\nNuestra tripulaci\u00f3n tiene gran experiencia en la construcci\u00f3n de modelos de barcos a medida para Propietarios Privados, Dise\u00f1adores de Yates y Astilleros.<br \/>\nPodemos encargar maquetas de cualquier barco, de cualquier \u00e9poca, gracias a nuestra larga experiencia en la construcci\u00f3n de maquetas personalizadas \u00fanicas.<\/p>\n<p><strong>&nbsp; &nbsp;&nbsp;<\/strong><\/p>\n<p><a title=\"Obt\u00e9n tu presupuesto gratuito\" href=\"https:\/\/forms.zohopublic.com\/people443\/form\/GetYourfreeQuote\/formperma\/wC-bOBvv7QsQrPA1r0HwbXppBwC6JFMS7jfeubY7kOw\" target=\"_blank\" rel=\"noopener\">No dudes en ponerte en contacto con nosotros para solicitar un presupuesto personalizado<\/a><\/p>\n","protected":false},"excerpt":{"rendered":"<p><strong>Empieza el d\u00eda con estilo<\/strong> con el nuevo y fabuloso Medio casco del AC75 PATRIOT, construido a escala 1\/48 o 19 pulgadas de LOA.<\/p>\n<div>&nbsp;<\/div>\n<div>&nbsp;<\/div>\n<div>&nbsp;<\/div>\n","protected":false},"featured_media":75128,"comment_status":"open","ping_status":"closed","template":"","meta":{"site-sidebar-layout":"default","site-content-layout":"","ast-site-content-layout":"default","site-content-style":"default","site-sidebar-style":"default","ast-global-header-display":"","ast-banner-title-visibility":"","ast-main-header-display":"","ast-hfb-above-header-display":"","ast-hfb-below-header-display":"","ast-hfb-mobile-header-display":"","site-post-title":"","ast-breadcrumbs-content":"","ast-featured-img":"","footer-sml-layout":"","theme-transparent-header-meta":"default","adv-header-id-meta":"","stick-header-meta":"default","header-above-stick-meta":"","header-main-stick-meta":"","header-below-stick-meta":"","astra-migrate-meta-layouts":"default","ast-page-background-enabled":"default","ast-page-background-meta":{"desktop":{"background-color":"var(--ast-global-color-5)","background-image":"","background-repeat":"repeat","background-position":"center center","background-size":"auto","background-attachment":"scroll","background-type":"","background-media":"","overlay-type":"","overlay-color":"","overlay-opacity":"","overlay-gradient":""},"tablet":{"background-color":"","background-image":"","background-repeat":"repeat","background-position":"center center","background-size":"auto","background-attachment":"scroll","background-type":"","background-media":"","overlay-type":"","overlay-color":"","overlay-opacity":"","overlay-gradient":""},"mobile":{"background-color":"","background-image":"","background-repeat":"repeat","background-position":"center center","background-size":"auto","background-attachment":"scroll","background-type":"","background-media":"","overlay-type":"","overlay-color":"","overlay-opacity":"","overlay-gradient":""}},"ast-content-background-meta":{"desktop":{"background-color":"var(--ast-global-color-4)","background-image":"","background-repeat":"repeat","background-position":"center center","background-size":"auto","background-attachment":"scroll","background-type":"","background-media":"","overlay-type":"","overlay-color":"","overlay-opacity":"","overlay-gradient":""},"tablet":{"background-color":"var(--ast-global-color-4)","background-image":"","background-repeat":"repeat","background-position":"center center","background-size":"auto","background-attachment":"scroll","background-type":"","background-media":"","overlay-type":"","overlay-color":"","overlay-opacity":"","overlay-gradient":""},"mobile":{"background-color":"var(--ast-global-color-4)","background-image":"","background-repeat":"repeat","background-position":"center center","background-size":"auto","background-attachment":"scroll","background-type":"","background-media":"","overlay-type":"","overlay-color":"","overlay-opacity":"","overlay-gradient":""}}},"product_brand":[],"product_cat":[10348],"product_tag":[10366,10364,10584,10525,10583],"class_list":{"0":"post-75127","1":"product","2":"type-product","3":"status-publish","4":"has-post-thumbnail","6":"product_cat-medias-modelos","7":"product_tag-a-medida","8":"product_tag-abordaje","9":"product_tag-ac-75-patriot-medio-casco-mm-100","10":"product_tag-barco-de-vela","11":"product_tag-velero-medio-casco","12":"desktop-align-center","13":"tablet-align-left","14":"mobile-align-left","15":"ast-product-gallery-layout-horizontal-slider","16":"ast-magnify-disabled","17":"ast-product-tabs-layout-accordion","18":"ast-qv-on-image","20":"first","21":"instock","22":"shipping-taxable","23":"purchasable","24":"product-type-simple"},"_links":{"self":[{"href":"https:\/\/abordage.com\/es\/wp-json\/wp\/v2\/product\/75127","targetHints":{"allow":["GET"]}}],"collection":[{"href":"https:\/\/abordage.com\/es\/wp-json\/wp\/v2\/product"}],"about":[{"href":"https:\/\/abordage.com\/es\/wp-json\/wp\/v2\/types\/product"}],"replies":[{"embeddable":true,"href":"https:\/\/abordage.com\/es\/wp-json\/wp\/v2\/comments?post=75127"}],"version-history":[{"count":0,"href":"https:\/\/abordage.com\/es\/wp-json\/wp\/v2\/product\/75127\/revisions"}],"wp:featuredmedia":[{"embeddable":true,"href":"https:\/\/abordage.com\/es\/wp-json\/wp\/v2\/media\/75128"}],"wp:attachment":[{"href":"https:\/\/abordage.com\/es\/wp-json\/wp\/v2\/media?parent=75127"}],"wp:term":[{"taxonomy":"product_brand","embeddable":true,"href":"https:\/\/abordage.com\/es\/wp-json\/wp\/v2\/product_brand?post=75127"},{"taxonomy":"product_cat","embeddable":true,"href":"https:\/\/abordage.com\/es\/wp-json\/wp\/v2\/product_cat?post=75127"},{"taxonomy":"product_tag","embeddable":true,"href":"https:\/\/abordage.com\/es\/wp-json\/wp\/v2\/product_tag?post=75127"}],"curies":[{"name":"wp","href":"https:\/\/api.w.org\/{rel}","templated":true}]}}