{"id":75166,"date":"2009-12-03T19:39:20","date_gmt":"2009-12-03T19:39:20","guid":{"rendered":"https:\/\/abordage.com\/shop\/sin categor\u00eda\/endeavour-i-1934-3\/"},"modified":"2026-02-01T18:06:19","modified_gmt":"2026-02-01T22:06:19","slug":"endeavour-i-1934-3","status":"publish","type":"product","link":"https:\/\/abordage.com\/es\/shop\/boutique\/medios-cascos-y-medias-modelos\/half-models-w-wooden-frame\/endeavour-i-1934-3\/","title":{"rendered":"Endeavour I 1934"},"content":{"rendered":"<p>Este Endeavour I enmarcado es muy f\u00e1cil de manejar y realzar\u00e1 tu sal\u00f3n. Fabricado en caoba brasile\u00f1a y plexigl\u00e1s, resiste el paso de los siglos y protege del polvo. Una muy buena inversi\u00f3n que no te decepcionar\u00e1.  <\/p>\n<p>Tambi\u00e9n te puede gustar el Tr\u00e9bol V enmarcado o el Guardabosques enmarcado.<\/p>\n","protected":false},"excerpt":{"rendered":"<p>Compra una maqueta del yate clase J, Endeavour I, botado para la Copa Am\u00e9rica de 1934 por Camper y Nicholson. Construido por primera vez en 1934 en Gosport, en el puerto de Portsmouth (Inglaterra), el Endeavour I ha conservado el arte de la construcci\u00f3n de barcos de madera de plancha sobre plancha durante casi 100 a\u00f1os. <\/p>\n","protected":false},"featured_media":12793,"comment_status":"open","ping_status":"closed","template":"","meta":{"site-sidebar-layout":"default","site-content-layout":"","ast-site-content-layout":"default","site-content-style":"default","site-sidebar-style":"default","ast-global-header-display":"","ast-banner-title-visibility":"","ast-main-header-display":"","ast-hfb-above-header-display":"","ast-hfb-below-header-display":"","ast-hfb-mobile-header-display":"","site-post-title":"","ast-breadcrumbs-content":"","ast-featured-img":"","footer-sml-layout":"","theme-transparent-header-meta":"","adv-header-id-meta":"","stick-header-meta":"","header-above-stick-meta":"","header-main-stick-meta":"","header-below-stick-meta":"","astra-migrate-meta-layouts":"default","ast-page-background-enabled":"default","ast-page-background-meta":{"desktop":{"background-color":"var(--ast-global-color-5)","background-image":"","background-repeat":"repeat","background-position":"center center","background-size":"auto","background-attachment":"scroll","background-type":"","background-media":"","overlay-type":"","overlay-color":"","overlay-opacity":"","overlay-gradient":""},"tablet":{"background-color":"","background-image":"","background-repeat":"repeat","background-position":"center center","background-size":"auto","background-attachment":"scroll","background-type":"","background-media":"","overlay-type":"","overlay-color":"","overlay-opacity":"","overlay-gradient":""},"mobile":{"background-color":"","background-image":"","background-repeat":"repeat","background-position":"center center","background-size":"auto","background-attachment":"scroll","background-type":"","background-media":"","overlay-type":"","overlay-color":"","overlay-opacity":"","overlay-gradient":""}},"ast-content-background-meta":{"desktop":{"background-color":"var(--ast-global-color-4)","background-image":"","background-repeat":"repeat","background-position":"center center","background-size":"auto","background-attachment":"scroll","background-type":"","background-media":"","overlay-type":"","overlay-color":"","overlay-opacity":"","overlay-gradient":""},"tablet":{"background-color":"var(--ast-global-color-4)","background-image":"","background-repeat":"repeat","background-position":"center center","background-size":"auto","background-attachment":"scroll","background-type":"","background-media":"","overlay-type":"","overlay-color":"","overlay-opacity":"","overlay-gradient":""},"mobile":{"background-color":"var(--ast-global-color-4)","background-image":"","background-repeat":"repeat","background-position":"center center","background-size":"auto","background-attachment":"scroll","background-type":"","background-media":"","overlay-type":"","overlay-color":"","overlay-opacity":"","overlay-gradient":""}}},"product_brand":[],"product_cat":[10351],"product_tag":[10593,10383,10591,10597,10592,10595,10594],"class_list":{"0":"post-75166","1":"product","2":"type-product","3":"status-publish","4":"has-post-thumbnail","6":"product_cat-half-models-w-wooden-frame","7":"product_tag-botado-para-la-copa-america-de-1934-por-camper-y-nicholson-construido-por-primera-vez-en-1934-en-gosport","8":"product_tag-boutique","9":"product_tag-compra-una-maqueta-del-yate-clase-j","10":"product_tag-el-esfuerzo-i-ha-preservado-el-arte-de-la-construccion-de-barcos-de-madera-de-plancha-sobre-plancha-durante-alm","11":"product_tag-esfuerzo-i","12":"product_tag-inglaterra","13":"product_tag-puerto-de-portsmouth","14":"desktop-align-center","15":"tablet-align-left","16":"mobile-align-left","17":"ast-product-gallery-layout-horizontal-slider","18":"ast-magnify-disabled","19":"ast-product-tabs-layout-accordion","20":"ast-qv-on-image","22":"first","23":"instock","24":"shipping-taxable","25":"purchasable","26":"product-type-simple"},"_links":{"self":[{"href":"https:\/\/abordage.com\/es\/wp-json\/wp\/v2\/product\/75166","targetHints":{"allow":["GET"]}}],"collection":[{"href":"https:\/\/abordage.com\/es\/wp-json\/wp\/v2\/product"}],"about":[{"href":"https:\/\/abordage.com\/es\/wp-json\/wp\/v2\/types\/product"}],"replies":[{"embeddable":true,"href":"https:\/\/abordage.com\/es\/wp-json\/wp\/v2\/comments?post=75166"}],"version-history":[{"count":0,"href":"https:\/\/abordage.com\/es\/wp-json\/wp\/v2\/product\/75166\/revisions"}],"wp:featuredmedia":[{"embeddable":true,"href":"https:\/\/abordage.com\/es\/wp-json\/wp\/v2\/media\/12793"}],"wp:attachment":[{"href":"https:\/\/abordage.com\/es\/wp-json\/wp\/v2\/media?parent=75166"}],"wp:term":[{"taxonomy":"product_brand","embeddable":true,"href":"https:\/\/abordage.com\/es\/wp-json\/wp\/v2\/product_brand?post=75166"},{"taxonomy":"product_cat","embeddable":true,"href":"https:\/\/abordage.com\/es\/wp-json\/wp\/v2\/product_cat?post=75166"},{"taxonomy":"product_tag","embeddable":true,"href":"https:\/\/abordage.com\/es\/wp-json\/wp\/v2\/product_tag?post=75166"}],"curies":[{"name":"wp","href":"https:\/\/api.w.org\/{rel}","templated":true}]}}