{"id":75521,"date":"2015-06-20T00:40:56","date_gmt":"2015-06-20T00:40:56","guid":{"rendered":"https:\/\/abordage.com\/shop\/sin categor\u00eda\/voluntario-1887\/"},"modified":"2015-06-20T00:40:56","modified_gmt":"2015-06-20T04:40:56","slug":"voluntario-1887","status":"publish","type":"product","link":"https:\/\/abordage.com\/es\/shop\/boutique\/medios-cascos-y-medias-modelos\/medios-cascos\/voluntario-1887\/","title":{"rendered":"Voluntario 1887"},"content":{"rendered":"<p>Volunteer, un <a title=\"Balandra\" href=\"https:\/\/en.wikipedia.org\/wiki\/Sloop\" target=\"_blank\" rel=\"noopener\">balandro<\/a> de compromiso <a class=\"mw-redirect\" title=\"Orza\" href=\"https:\/\/en.wikipedia.org\/wiki\/Centerboard\" target=\"_blank\" rel=\"noopener\">de orza<\/a> central, fue dise\u00f1ado por <a title=\"Edward Burgess (dise\u00f1ador de yates)\" href=\"https:\/\/en.wikipedia.org\/wiki\/Edward_Burgess_(yacht_designer)\" target=\"_blank\" rel=\"noopener\">Edward Burgess<\/a> y construido por <a class=\"mw-redirect\" title=\"Pusey &amp; Jones\" href=\"https:\/\/en.wikipedia.org\/wiki\/Pusey_%26_Jones\" target=\"_blank\" rel=\"noopener\">Pusey &amp; JonesShipbuilding<\/a>Company en <a title=\"Wilmington, Delaware\" href=\"https:\/\/en.wikipedia.org\/wiki\/Wilmington,_Delaware\" target=\"_blank\" rel=\"noopener\">Wilmington, Delaware<\/a>, en 1887 para el propietario, el general <a title=\"Charles Jackson Paine\" href=\"https:\/\/en.wikipedia.org\/wiki\/Charles_Jackson_Paine\" target=\"_blank\" rel=\"noopener\">Charles J. Paine<\/a>, del <a title=\"Club N\u00e1utico de Nueva York\" href=\"https:\/\/en.wikipedia.org\/wiki\/New_York_Yacht_Club\" target=\"_blank\" rel=\"noopener\">New York Yacht Club<\/a>.<\/p>\n<p><em>El Volunteer<\/em> fue el primer yate de la Copa Am\u00e9rica con armaz\u00f3n y casco totalmente de acero. Su cubierta era de pino blanco. <\/p>\n<p>Carrera profesional<\/p>\n<p><em>El Voluntario<\/em> venci\u00f3 f\u00e1cilmente al defensor de la Copa Am\u00e9rica de 1886 <em><a title=\"Mayflower (yate)\" href=\"https:\/\/en.wikipedia.org\/wiki\/Mayflower_(yacht)\" target=\"_blank\" rel=\"noopener\">Mayflower<\/a><\/em> durante las pruebas del defensor para la Copa Am\u00e9rica de 1887 y gan\u00f3 las dos regatas de la Copa, el 27 y el 30 de septiembre de 1887, contra <em>Thistle<\/em>. El <em>Volunteer<\/em> estaba patroneado por el capit\u00e1n Hank Haff con la ayuda de los capitanes Terry, Berry y L. Jeffreys.<\/p>\n<p>Poco despu\u00e9s de las carreras de la Copa, <em>el Voluntario<\/em> fue comprado por <a title=\"John Malcolm Forbes\" href=\"https:\/\/en.wikipedia.org\/wiki\/John_Malcolm_Forbes\" target=\"_blank\" rel=\"noopener\">John Malcolm Forbes<\/a> (que tambi\u00e9n era propietario del <em><a title=\"Puritano (yate)\" href=\"https:\/\/en.wikipedia.org\/wiki\/Puritan_(yacht)\" target=\"_blank\" rel=\"noopener\">Puritan<\/a><\/em>) y fue reformado como <a title=\"Goleta\" href=\"https:\/\/en.wikipedia.org\/wiki\/Schooner\" target=\"_blank\" rel=\"noopener\">goleta<\/a> en 1891. Fue desguazado en un desguace de Nueva York en 1910. <\/p>\n<p>De wikipedia.<\/p>\n","protected":false},"excerpt":{"rendered":"<p>Mira este nuevo medio casco del Voluntario. Defensor de la Copa Am\u00e9rica en 1887. <\/p>\n<p>Dise\u00f1ado por Edward Burgess.<\/p>\n","protected":false},"featured_media":13969,"comment_status":"open","ping_status":"closed","template":"","meta":{"site-sidebar-layout":"default","site-content-layout":"","ast-site-content-layout":"default","site-content-style":"default","site-sidebar-style":"default","ast-global-header-display":"","ast-banner-title-visibility":"","ast-main-header-display":"","ast-hfb-above-header-display":"","ast-hfb-below-header-display":"","ast-hfb-mobile-header-display":"","site-post-title":"","ast-breadcrumbs-content":"","ast-featured-img":"","footer-sml-layout":"","theme-transparent-header-meta":"","adv-header-id-meta":"","stick-header-meta":"","header-above-stick-meta":"","header-main-stick-meta":"","header-below-stick-meta":"","astra-migrate-meta-layouts":"default","ast-page-background-enabled":"default","ast-page-background-meta":{"desktop":{"background-color":"var(--ast-global-color-5)","background-image":"","background-repeat":"repeat","background-position":"center center","background-size":"auto","background-attachment":"scroll","background-type":"","background-media":"","overlay-type":"","overlay-color":"","overlay-opacity":"","overlay-gradient":""},"tablet":{"background-color":"","background-image":"","background-repeat":"repeat","background-position":"center center","background-size":"auto","background-attachment":"scroll","background-type":"","background-media":"","overlay-type":"","overlay-color":"","overlay-opacity":"","overlay-gradient":""},"mobile":{"background-color":"","background-image":"","background-repeat":"repeat","background-position":"center center","background-size":"auto","background-attachment":"scroll","background-type":"","background-media":"","overlay-type":"","overlay-color":"","overlay-opacity":"","overlay-gradient":""}},"ast-content-background-meta":{"desktop":{"background-color":"var(--ast-global-color-4)","background-image":"","background-repeat":"repeat","background-position":"center center","background-size":"auto","background-attachment":"scroll","background-type":"","background-media":"","overlay-type":"","overlay-color":"","overlay-opacity":"","overlay-gradient":""},"tablet":{"background-color":"var(--ast-global-color-4)","background-image":"","background-repeat":"repeat","background-position":"center center","background-size":"auto","background-attachment":"scroll","background-type":"","background-media":"","overlay-type":"","overlay-color":"","overlay-opacity":"","overlay-gradient":""},"mobile":{"background-color":"var(--ast-global-color-4)","background-image":"","background-repeat":"repeat","background-position":"center center","background-size":"auto","background-attachment":"scroll","background-type":"","background-media":"","overlay-type":"","overlay-color":"","overlay-opacity":"","overlay-gradient":""}}},"product_brand":[],"product_cat":[10345],"product_tag":[10383],"class_list":{"0":"post-75521","1":"product","2":"type-product","3":"status-publish","4":"has-post-thumbnail","6":"product_cat-medios-cascos","7":"product_tag-boutique","8":"desktop-align-center","9":"tablet-align-left","10":"mobile-align-left","11":"ast-product-gallery-layout-horizontal-slider","12":"ast-magnify-disabled","13":"ast-product-tabs-layout-accordion","14":"ast-qv-on-image","16":"first","17":"instock","18":"shipping-taxable","19":"purchasable","20":"product-type-simple"},"_links":{"self":[{"href":"https:\/\/abordage.com\/es\/wp-json\/wp\/v2\/product\/75521","targetHints":{"allow":["GET"]}}],"collection":[{"href":"https:\/\/abordage.com\/es\/wp-json\/wp\/v2\/product"}],"about":[{"href":"https:\/\/abordage.com\/es\/wp-json\/wp\/v2\/types\/product"}],"replies":[{"embeddable":true,"href":"https:\/\/abordage.com\/es\/wp-json\/wp\/v2\/comments?post=75521"}],"version-history":[{"count":0,"href":"https:\/\/abordage.com\/es\/wp-json\/wp\/v2\/product\/75521\/revisions"}],"wp:featuredmedia":[{"embeddable":true,"href":"https:\/\/abordage.com\/es\/wp-json\/wp\/v2\/media\/13969"}],"wp:attachment":[{"href":"https:\/\/abordage.com\/es\/wp-json\/wp\/v2\/media?parent=75521"}],"wp:term":[{"taxonomy":"product_brand","embeddable":true,"href":"https:\/\/abordage.com\/es\/wp-json\/wp\/v2\/product_brand?post=75521"},{"taxonomy":"product_cat","embeddable":true,"href":"https:\/\/abordage.com\/es\/wp-json\/wp\/v2\/product_cat?post=75521"},{"taxonomy":"product_tag","embeddable":true,"href":"https:\/\/abordage.com\/es\/wp-json\/wp\/v2\/product_tag?post=75521"}],"curies":[{"name":"wp","href":"https:\/\/api.w.org\/{rel}","templated":true}]}}