{"id":75531,"date":"2015-11-16T23:21:12","date_gmt":"2015-11-16T23:21:12","guid":{"rendered":"https:\/\/abordage.com\/shop\/sin categor\u00eda\/libertad-1983\/"},"modified":"2026-02-01T18:11:47","modified_gmt":"2026-02-01T22:11:47","slug":"libertad-1983","status":"publish","type":"product","link":"https:\/\/abordage.com\/es\/shop\/boutique\/medios-cascos-y-medias-modelos\/medios-cascos\/libertad-1983\/","title":{"rendered":"Libertad 1983"},"content":{"rendered":"<p>Descubre el medio casco Liberty 1983. Escala 1\/32. <\/p>\n<p>La <strong> <a title=\"Copa Am\u00e9rica\" href=\"https:\/\/en.wikipedia.org\/wiki\/America%27s_Cup\" target=\"_blank\" rel=\"noopener\">Copa Am\u00e9rica<\/a> de 1983<\/strong> supuso el primer desaf\u00edo ganador al <a title=\"Club N\u00e1utico de Nueva York\" href=\"https:\/\/en.wikipedia.org\/wiki\/New_York_Yacht_Club\" target=\"_blank\" rel=\"noopener\">New York Yacht<\/a> Club, que hab\u00eda defendido con \u00e9xito la copa durante 132 a\u00f1os. Un <a title=\"Sindicato\" href=\"https:\/\/en.wikipedia.org\/wiki\/Syndicate\" target=\"_blank\" rel=\"noopener\">sindicato<\/a> <a title=\"Australia\" href=\"https:\/\/en.wikipedia.org\/wiki\/Australia\" target=\"_blank\" rel=\"noopener\">australiano<\/a> que representaba al <a title=\"Real Club N\u00e1utico de Perth\" href=\"https:\/\/en.wikipedia.org\/wiki\/Royal_Perth_Yacht_Club\" target=\"_blank\" rel=\"noopener\">Royal Perth Yacht<\/a> Club present\u00f3 el <em><a title=\"Australia II\" href=\"https:\/\/en.wikipedia.org\/wiki\/Australia_II\" target=\"_blank\" rel=\"noopener\">Australia II<\/a><\/em>patroneado por <a title=\"John Bertrand (marino australiano)\" href=\"https:\/\/en.wikipedia.org\/wiki\/John_Bertrand_(Australian_sailor)\" target=\"_blank\" rel=\"noopener\">John Bertrand<\/a>, contra el defensor <a title=\"Libertad (yate)\" href=\"https:\/\/en.wikipedia.org\/wiki\/Liberty_(yacht)\" target=\"_blank\" rel=\"noopener\"><em>Liberty<\/em><\/a>patroneado por <a title=\"Dennis Conner\" href=\"https:\/\/en.wikipedia.org\/wiki\/Dennis_Conner\" target=\"_blank\" rel=\"noopener\">Dennis Conner<\/a>. <em>El Australia II<\/em> gan\u00f3 las <a class=\"mw-redirect\" title=\"Carrera de partidos\" href=\"https:\/\/en.wikipedia.org\/wiki\/Match_race\" target=\"_blank\" rel=\"noopener\">regatas de match-race<\/a> para ganar la Copa Am\u00e9rica, poniendo fin a la racha de victorias m\u00e1s larga de la historia <a title=\"Deporte\" href=\"https:\/\/en.wikipedia.org\/wiki\/Sport\" target=\"_blank\" rel=\"noopener\">del deporte<\/a> y acabando con el dominio estadounidense en las series de regatas. <\/p>\n<p>De Wikipedia<\/p>\n","protected":false},"excerpt":{"rendered":"<p>Descubre el medio casco Liberty 1983.<\/p>\n<p>Construido en resina. Escala 1\/32 <\/p>\n<p>Tama\u00f1o del casco: 60 cm<\/p>\n<p>Tama\u00f1o del tablero: 75 cm x 20 cm<\/p>\n","protected":false},"featured_media":14168,"comment_status":"open","ping_status":"closed","template":"","meta":{"site-sidebar-layout":"default","site-content-layout":"","ast-site-content-layout":"default","site-content-style":"default","site-sidebar-style":"default","ast-global-header-display":"","ast-banner-title-visibility":"","ast-main-header-display":"","ast-hfb-above-header-display":"","ast-hfb-below-header-display":"","ast-hfb-mobile-header-display":"","site-post-title":"","ast-breadcrumbs-content":"","ast-featured-img":"","footer-sml-layout":"","theme-transparent-header-meta":"","adv-header-id-meta":"","stick-header-meta":"","header-above-stick-meta":"","header-main-stick-meta":"","header-below-stick-meta":"","astra-migrate-meta-layouts":"default","ast-page-background-enabled":"default","ast-page-background-meta":{"desktop":{"background-color":"var(--ast-global-color-5)","background-image":"","background-repeat":"repeat","background-position":"center center","background-size":"auto","background-attachment":"scroll","background-type":"","background-media":"","overlay-type":"","overlay-color":"","overlay-opacity":"","overlay-gradient":""},"tablet":{"background-color":"","background-image":"","background-repeat":"repeat","background-position":"center center","background-size":"auto","background-attachment":"scroll","background-type":"","background-media":"","overlay-type":"","overlay-color":"","overlay-opacity":"","overlay-gradient":""},"mobile":{"background-color":"","background-image":"","background-repeat":"repeat","background-position":"center center","background-size":"auto","background-attachment":"scroll","background-type":"","background-media":"","overlay-type":"","overlay-color":"","overlay-opacity":"","overlay-gradient":""}},"ast-content-background-meta":{"desktop":{"background-color":"var(--ast-global-color-4)","background-image":"","background-repeat":"repeat","background-position":"center center","background-size":"auto","background-attachment":"scroll","background-type":"","background-media":"","overlay-type":"","overlay-color":"","overlay-opacity":"","overlay-gradient":""},"tablet":{"background-color":"var(--ast-global-color-4)","background-image":"","background-repeat":"repeat","background-position":"center center","background-size":"auto","background-attachment":"scroll","background-type":"","background-media":"","overlay-type":"","overlay-color":"","overlay-opacity":"","overlay-gradient":""},"mobile":{"background-color":"var(--ast-global-color-4)","background-image":"","background-repeat":"repeat","background-position":"center center","background-size":"auto","background-attachment":"scroll","background-type":"","background-media":"","overlay-type":"","overlay-color":"","overlay-opacity":"","overlay-gradient":""}}},"product_brand":[],"product_cat":[10345],"product_tag":[10364,10383,10661,10571],"class_list":{"0":"post-75531","1":"product","2":"type-product","3":"status-publish","4":"has-post-thumbnail","6":"product_cat-medios-cascos","7":"product_tag-abordaje","8":"product_tag-boutique","9":"product_tag-libertad-1983","10":"product_tag-modelos-de-barcos","11":"desktop-align-center","12":"tablet-align-left","13":"mobile-align-left","14":"ast-product-gallery-layout-horizontal-slider","15":"ast-magnify-disabled","16":"ast-product-tabs-layout-accordion","17":"ast-qv-on-image","19":"first","20":"instock","21":"shipping-taxable","22":"purchasable","23":"product-type-simple"},"_links":{"self":[{"href":"https:\/\/abordage.com\/es\/wp-json\/wp\/v2\/product\/75531","targetHints":{"allow":["GET"]}}],"collection":[{"href":"https:\/\/abordage.com\/es\/wp-json\/wp\/v2\/product"}],"about":[{"href":"https:\/\/abordage.com\/es\/wp-json\/wp\/v2\/types\/product"}],"replies":[{"embeddable":true,"href":"https:\/\/abordage.com\/es\/wp-json\/wp\/v2\/comments?post=75531"}],"version-history":[{"count":0,"href":"https:\/\/abordage.com\/es\/wp-json\/wp\/v2\/product\/75531\/revisions"}],"wp:featuredmedia":[{"embeddable":true,"href":"https:\/\/abordage.com\/es\/wp-json\/wp\/v2\/media\/14168"}],"wp:attachment":[{"href":"https:\/\/abordage.com\/es\/wp-json\/wp\/v2\/media?parent=75531"}],"wp:term":[{"taxonomy":"product_brand","embeddable":true,"href":"https:\/\/abordage.com\/es\/wp-json\/wp\/v2\/product_brand?post=75531"},{"taxonomy":"product_cat","embeddable":true,"href":"https:\/\/abordage.com\/es\/wp-json\/wp\/v2\/product_cat?post=75531"},{"taxonomy":"product_tag","embeddable":true,"href":"https:\/\/abordage.com\/es\/wp-json\/wp\/v2\/product_tag?post=75531"}],"curies":[{"name":"wp","href":"https:\/\/api.w.org\/{rel}","templated":true}]}}