{"id":74297,"date":"2025-04-01T10:07:15","date_gmt":"2025-04-01T14:07:15","guid":{"rendered":"https:\/\/abordage.com\/conditions-generales-dutilisation\/"},"modified":"2026-02-01T17:31:43","modified_gmt":"2026-02-01T21:31:43","slug":"conditions-generales-dutilisation","status":"publish","type":"page","link":"https:\/\/abordage.com\/fr\/conditions-generales-dutilisation\/","title":{"rendered":"Conditions g\u00e9n\u00e9rales d&rsquo;utilisation"},"content":{"rendered":"\t\t<div data-elementor-type=\"wp-page\" data-elementor-id=\"74297\" class=\"elementor elementor-74297 elementor-57294\" data-elementor-post-type=\"page\">\n\t\t\t\t<div class=\"elementor-element elementor-element-230379de e-flex e-con-boxed e-con e-parent\" data-id=\"230379de\" data-element_type=\"container\">\n\t\t\t\t\t<div class=\"e-con-inner\">\n\t\t\t\t<div class=\"elementor-element elementor-element-5528861 elementor-widget elementor-widget-text-editor\" data-id=\"5528861\" data-element_type=\"widget\" data-widget_type=\"text-editor.default\">\n\t\t\t\t<div class=\"elementor-widget-container\">\n\t\t\t\t\t\t\t\t\t\n<h1 class=\"wp-block-heading\">Conditions d&rsquo;utilisation<\/h1>\n\n<h3 class=\"wp-block-heading\">1 . POLITIQUE G\u00c9N\u00c9RALE DE RETOUR<\/h3>\n\n<p>Nous voulons que vous soyez enti\u00e8rement satisfait de votre achat chez Abordage. Si vous n&rsquo;\u00eates pas satisfait, nous acceptons votre retour ou votre \u00e9change dans les 14 jours suivant la date d&rsquo;exp\u00e9dition originale, \u00e0 condition que les crit\u00e8res suivants soient remplis :<br>&#8211; Le ou les articles ont \u00e9t\u00e9 achet\u00e9s chez ABORDAGE.<br>&#8211; Le ou les articles sont neufs et inutilis\u00e9s et ne pr\u00e9sentent aucun signe d&rsquo;usure ou d&rsquo;utilisation.<br>&#8211; L&rsquo;article est un produit de masse et non un produit personnalis\u00e9.<br>Vous avez re\u00e7u un article endommag\u00e9 ou d\u00e9fectueux ? <\/p>\n\n<h3 class=\"wp-block-heading\">2 . LA PROC\u00c9DURE DE RETOUR\/\u00c9CHANGE<br>ENVOYEZ-NOUS VOTRE RETOUR<\/h3>\n\n<p>Pour votre protection et pour vous assurer un remboursement complet, nous vous recommandons ce qui suit :<br>&#8211; Utilisez les mat\u00e9riaux d&#8217;emballage et la bo\u00eete d&rsquo;origine.<br>&#8211; Exp\u00e9diez le retour avec UPS.<\/p>\n\n<h3 class=\"wp-block-heading\">3 . OBTENIR UN REMBOURSEMENT OU UN CR\u00c9DIT MAGASIN<\/h3>\n\n<p>1 \u00e0 2 semaines apr\u00e8s r\u00e9ception et inspection, Abordage remboursera le prix d&rsquo;achat pay\u00e9, moins les frais d&rsquo;exp\u00e9dition le cas \u00e9ch\u00e9ant.<br>La carte de cr\u00e9dit d&rsquo;achat originale est rembours\u00e9e dans les 5 jours ouvrables suivant la r\u00e9ception du ou des produits. Il faut compter entre 1 et 5 jours ouvrables suppl\u00e9mentaires pour que le remboursement soit comptabilis\u00e9 ou apparaisse sur le relev\u00e9 de la carte de cr\u00e9dit.<br>Les articles re\u00e7us en cadeau peuvent faire l&rsquo;objet d&rsquo;un cr\u00e9dit en magasin ou d&rsquo;un \u00e9change d&rsquo;articles.<br>Les frais d&rsquo;exp\u00e9dition ne sont pas remboursables, sauf en cas d&rsquo;erreur de notre part.<br>Si la commande retourn\u00e9e a b\u00e9n\u00e9fici\u00e9 d&rsquo;une promotion, c&rsquo;est-\u00e0-dire d&rsquo;une livraison gratuite ou d&rsquo;un coupon, la valeur de la promotion sera d\u00e9duite du remboursement.<br>Les exp\u00e9ditions\/commandes refus\u00e9es seront soumises \u00e0 des frais de 10 $ et pourront faire l&rsquo;objet de frais de restockage suppl\u00e9mentaires de 25 %. Ces frais seront d\u00e9duits du montant du remboursement.<br>Toutes les commandes retourn\u00e9es peuvent faire l&rsquo;objet de frais de restockage de 25 %, en raison de dommages subis par le client ou d&rsquo;un mauvais reconditionnement des articles retourn\u00e9s. Ces frais seront d\u00e9duits du montant du remboursement.   <\/p>\n\t\t\t\t\t\t\t\t<\/div>\n\t\t\t\t<\/div>\n\t\t\t\t\t<\/div>\n\t\t\t\t<\/div>\n\t\t\t\t<\/div>\n\t\t","protected":false},"excerpt":{"rendered":"<p>Conditions d&rsquo;utilisation 1 . POLITIQUE G\u00c9N\u00c9RALE DE RETOUR Nous voulons que vous soyez enti\u00e8rement satisfait de votre achat chez Abordage. [&hellip;]<\/p>\n","protected":false},"author":1,"featured_media":0,"parent":0,"menu_order":0,"comment_status":"closed","ping_status":"closed","template":"","meta":{"site-sidebar-layout":"default","site-content-layout":"","ast-site-content-layout":"default","site-content-style":"default","site-sidebar-style":"default","ast-global-header-display":"","ast-banner-title-visibility":"","ast-main-header-display":"","ast-hfb-above-header-display":"","ast-hfb-below-header-display":"","ast-hfb-mobile-header-display":"","site-post-title":"","ast-breadcrumbs-content":"","ast-featured-img":"","footer-sml-layout":"","theme-transparent-header-meta":"","adv-header-id-meta":"","stick-header-meta":"","header-above-stick-meta":"","header-main-stick-meta":"","header-below-stick-meta":"","astra-migrate-meta-layouts":"default","ast-page-background-enabled":"default","ast-page-background-meta":{"desktop":{"background-color":"var(--ast-global-color-5)","background-image":"","background-repeat":"repeat","background-position":"center center","background-size":"auto","background-attachment":"scroll","background-type":"","background-media":"","overlay-type":"","overlay-color":"","overlay-opacity":"","overlay-gradient":""},"tablet":{"background-color":"","background-image":"","background-repeat":"repeat","background-position":"center center","background-size":"auto","background-attachment":"scroll","background-type":"","background-media":"","overlay-type":"","overlay-color":"","overlay-opacity":"","overlay-gradient":""},"mobile":{"background-color":"","background-image":"","background-repeat":"repeat","background-position":"center center","background-size":"auto","background-attachment":"scroll","background-type":"","background-media":"","overlay-type":"","overlay-color":"","overlay-opacity":"","overlay-gradient":""}},"ast-content-background-meta":{"desktop":{"background-color":"var(--ast-global-color-4)","background-image":"","background-repeat":"repeat","background-position":"center center","background-size":"auto","background-attachment":"scroll","background-type":"","background-media":"","overlay-type":"","overlay-color":"","overlay-opacity":"","overlay-gradient":""},"tablet":{"background-color":"var(--ast-global-color-4)","background-image":"","background-repeat":"repeat","background-position":"center center","background-size":"auto","background-attachment":"scroll","background-type":"","background-media":"","overlay-type":"","overlay-color":"","overlay-opacity":"","overlay-gradient":""},"mobile":{"background-color":"var(--ast-global-color-4)","background-image":"","background-repeat":"repeat","background-position":"center center","background-size":"auto","background-attachment":"scroll","background-type":"","background-media":"","overlay-type":"","overlay-color":"","overlay-opacity":"","overlay-gradient":""}},"footnotes":""},"class_list":["post-74297","page","type-page","status-publish","hentry"],"_links":{"self":[{"href":"https:\/\/abordage.com\/fr\/wp-json\/wp\/v2\/pages\/74297","targetHints":{"allow":["GET"]}}],"collection":[{"href":"https:\/\/abordage.com\/fr\/wp-json\/wp\/v2\/pages"}],"about":[{"href":"https:\/\/abordage.com\/fr\/wp-json\/wp\/v2\/types\/page"}],"author":[{"embeddable":true,"href":"https:\/\/abordage.com\/fr\/wp-json\/wp\/v2\/users\/1"}],"replies":[{"embeddable":true,"href":"https:\/\/abordage.com\/fr\/wp-json\/wp\/v2\/comments?post=74297"}],"version-history":[{"count":0,"href":"https:\/\/abordage.com\/fr\/wp-json\/wp\/v2\/pages\/74297\/revisions"}],"wp:attachment":[{"href":"https:\/\/abordage.com\/fr\/wp-json\/wp\/v2\/media?parent=74297"}],"curies":[{"name":"wp","href":"https:\/\/api.w.org\/{rel}","templated":true}]}}