{"id":74303,"date":"2025-04-01T10:08:59","date_gmt":"2025-04-01T14:08:59","guid":{"rendered":"https:\/\/abordage.com\/vie-privee\/"},"modified":"2026-02-01T17:35:09","modified_gmt":"2026-02-01T21:35:09","slug":"vie-privee","status":"publish","type":"page","link":"https:\/\/abordage.com\/fr\/vie-privee\/","title":{"rendered":"Vie priv\u00e9e"},"content":{"rendered":"\n<h3 class=\"wp-block-heading\">Politique de confidentialit\u00e9<\/h3>\n\n<p>Ce site web est exploit\u00e9 par abordage.Com, dont l&rsquo;adresse est <em>zona franca, San Cristobal, R\u00e9publique dominicaine<\/em> (\u00ab\u00a0Nous\u00a0\u00bb). Nous nous engageons \u00e0 prot\u00e9ger et \u00e0 pr\u00e9server la vie priv\u00e9e de nos visiteurs lorsqu&rsquo;ils visitent notre site ou communiquent avec nous par voie \u00e9lectronique.<\/p>\n\n<p>Cette politique d\u00e9finit la mani\u00e8re dont nous traitons les donn\u00e9es personnelles que nous recueillons aupr\u00e8s de vous ou que vous nous fournissez par l&rsquo;interm\u00e9diaire de notre site web. Nous confirmons que nous conserverons vos informations en toute s\u00e9curit\u00e9 et que nous nous conformerons pleinement \u00e0 toutes les l\u00e9gislations et r\u00e9glementations applicables en mati\u00e8re de protection des donn\u00e9es. Veuillez lire attentivement ce qui suit pour comprendre ce qu&rsquo;il advient des donn\u00e9es personnelles que vous choisissez de nous fournir ou que nous collectons aupr\u00e8s de vous lorsque vous visitez ce site. En visitant<em> https:\/\/abordage.com<\/em> (notre site web), vous acceptez et consentez aux pratiques d\u00e9crites dans cette politique.   <\/p>\n\n<h4 class=\"wp-block-heading\">Types d&rsquo;informations que nous pouvons recueillir aupr\u00e8s de vous<\/h4>\n\n<p>Nous pouvons collecter, stocker et utiliser les types d&rsquo;informations personnelles suivants concernant les personnes qui visitent et utilisent notre site web :<\/p>\n\n<p><strong>Les informations que vous nous fournissez.<\/strong>  Vous pouvez nous fournir des informations vous concernant en remplissant des formulaires sur notre site web. Il s&rsquo;agit notamment des informations que vous fournissez lorsque vous soumettez un formulaire de contact ou de demande de renseignements. Les informations que vous nous fournissez peuvent inclure votre nom, votre adresse, votre adresse \u00e9lectronique et votre num\u00e9ro de t\u00e9l\u00e9phone,    <\/p>\n\n<p><strong>Informations que notre site web recueille automatiquement \u00e0 votre sujet.<\/strong>  Lors de chacune de vos visites sur notre site web, nous pouvons collecter automatiquement des informations, notamment les suivantes :<\/p>\n\n<ul class=\"wp-block-list\">\n<li><strong>des informations techniques<\/strong>, y compris une version tronqu\u00e9e et anonyme de votre adresse de protocole Internet (IP), le type et la version de votre navigateur, votre syst\u00e8me d&rsquo;exploitation et votre plate-forme ;<\/li>\n\n\n\n<li><strong>des informations sur votre visite<\/strong>, y compris les pages que vous visitez, la dur\u00e9e de votre visite sur le site, la mani\u00e8re dont vous avez acc\u00e9d\u00e9 au site (y compris la date et l&rsquo;heure), les temps de r\u00e9ponse des pages, la dur\u00e9e de la visite, les \u00e9l\u00e9ments sur lesquels vous cliquez, les documents t\u00e9l\u00e9charg\u00e9s et les erreurs de t\u00e9l\u00e9chargement.<\/li>\n<\/ul>\n\n<p><strong>Cookies<\/strong><\/p>\n\n<p>Notre site web utilise des cookies pour vous distinguer des autres utilisateurs de notre site. Cela nous aide \u00e0 vous offrir une bonne exp\u00e9rience lorsque vous naviguez sur notre site et nous permet \u00e9galement d&rsquo;am\u00e9liorer notre site. Pour obtenir des informations d\u00e9taill\u00e9es sur les cookies que nous utilisons et les raisons pour lesquelles nous les utilisons, veuillez consulter notre Politique en mati\u00e8re de cookies.  <\/p>\n\n<p><\/p>\n\n<h4 class=\"wp-block-heading\">Comment nous pouvons utiliser les informations que nous recueillons<\/h4>\n\n<p>Nous utilisons ces informations de la mani\u00e8re suivante :<\/p>\n\n<p><strong>Les informations que vous nous fournissez.  <\/strong>Nous utiliserons ces informations :<\/p>\n\n<ul class=\"wp-block-list\">\n<li>pour vous fournir les informations et\/ou les services que vous nous demandez ;<\/li>\n<\/ul>\n\n<p><strong>Informations que nous recueillons automatiquement \u00e0 votre sujet.<\/strong>  Nous utiliserons ces informations :<\/p>\n\n<ul class=\"wp-block-list\">\n<li>pour administrer notre site, y compris \u00e0 des fins de d\u00e9pannage et de statistiques ;<\/li>\n\n\n\n<li>am\u00e9liorer notre site afin de garantir que le contenu est pr\u00e9sent\u00e9 de la mani\u00e8re la plus efficace pour vous et pour votre ordinateur ;<\/li>\n\n\n\n<li>la s\u00e9curit\u00e9 et le d\u00e9bogage dans le cadre de nos efforts pour maintenir notre site s\u00fbr et s\u00e9curis\u00e9.<\/li>\n<\/ul>\n\n<p>Ces informations sont collect\u00e9es de mani\u00e8re anonyme et ne sont pas li\u00e9es \u00e0 des informations qui vous identifient en tant qu&rsquo;individu. Nous utilisons Google Analytics pour suivre ces informations. D\u00e9couvrez comment Google utilise vos donn\u00e9es \u00e0 l&rsquo;<a href=\"https:\/\/support.google.com\/analytics\/answer\/6004245\" target=\"_blank\" rel=\"noreferrer noopener\">adresse https:\/\/support.google.com\/analytics\/answer\/6004245.<\/a> <em>[Faites ce lien vers la page GoogleAnalytics].<\/em>  <\/p>\n\n<h4 class=\"wp-block-heading\">Divulgation de vos informations<\/h4>\n\n<p>Toutes les informations que vous nous fournissez nous sont envoy\u00e9es directement par courrier \u00e9lectronique ou sont stock\u00e9es sur un serveur s\u00e9curis\u00e9. Nous faisons appel \u00e0 un fournisseur de sites web et d&rsquo;h\u00e9bergement tiers de confiance (OVH) pour faciliter le fonctionnement et la gestion de ce site web. OVH r\u00e9pond \u00e0 des normes \u00e9lev\u00e9es en mati\u00e8re de protection des donn\u00e9es et de s\u00e9curit\u00e9 et est tenu par contrat de pr\u00e9server la confidentialit\u00e9 des informations qu&rsquo;il traite en notre nom. Toutes les donn\u00e9es susceptibles d&rsquo;\u00eatre collect\u00e9es par le biais de ce site web et trait\u00e9es par OVH sont conserv\u00e9es en toute s\u00e9curit\u00e9 et ne sont trait\u00e9es que de la mani\u00e8re que nous leur indiquons. OVH ne peut pas acc\u00e9der, fournir, rectifier ou supprimer les donn\u00e9es qu&rsquo;il stocke en notre nom sans autorisation.    <\/p>\n\n<p>Nous ne louons pas, ne vendons pas et ne partageons pas les informations personnelles vous concernant avec d&rsquo;autres personnes ou soci\u00e9t\u00e9s non affili\u00e9es.<\/p>\n\n<p>Nous ferons tous les efforts raisonnables pour garantir que vos donn\u00e9es personnelles ne sont pas divulgu\u00e9es aux institutions et autorit\u00e9s r\u00e9gionales\/nationales, sauf si la loi ou d&rsquo;autres r\u00e9glementations l&rsquo;exigent.<\/p>\n\n<p>Malheureusement, la transmission d&rsquo;informations via l&rsquo;internet n&rsquo;est pas totalement s\u00fbre. Bien que nous fassions de notre mieux pour prot\u00e9ger vos donn\u00e9es personnelles, nous ne pouvons pas garantir la s\u00e9curit\u00e9 de vos donn\u00e9es transmises \u00e0 notre site ; toute transmission se fait \u00e0 vos propres risques. Une fois que nous aurons re\u00e7u vos informations, nous utiliserons des proc\u00e9dures strictes et des dispositifs de s\u00e9curit\u00e9 pour tenter d&#8217;emp\u00eacher tout acc\u00e8s non autoris\u00e9.  <\/p>\n\n<h4 class=\"wp-block-heading\">Liens avec des tiers<\/h4>\n\n<p>Notre site peut, de temps \u00e0 autre, contenir des liens vers et depuis les sites web de tiers. Si vous suivez un lien vers l&rsquo;un de ces sites web, veuillez noter que ces sites web ont leur propre politique de confidentialit\u00e9 et que nous n&rsquo;acceptons aucune responsabilit\u00e9 pour ces politiques. Veuillez v\u00e9rifier ces politiques avant de soumettre des donn\u00e9es personnelles \u00e0 ces sites web.<\/p>\n\n<h4 class=\"wp-block-heading\">Vos droits &#8211; acc\u00e8s \u00e0 vos donn\u00e9es personnelles<\/h4>\n\n<p>Vous avez le droit de vous assurer que vos donn\u00e9es \u00e0 caract\u00e8re personnel sont trait\u00e9es de mani\u00e8re licite (\u00ab\u00a0droit d&rsquo;acc\u00e8s du sujet\u00a0\u00bb). Votre droit d&rsquo;acc\u00e8s peut \u00eatre exerc\u00e9 conform\u00e9ment aux lois et r\u00e8glements sur la protection des donn\u00e9es. Toute demande d&rsquo;acc\u00e8s au sujet doit \u00eatre faite par \u00e9crit \u00e0 privacy@abordage.com . Nous vous fournirons vos donn\u00e9es personnelles dans les d\u00e9lais l\u00e9gaux. Pour nous permettre de retrouver les donn\u00e9es \u00e0 caract\u00e8re personnel vous concernant que nous d\u00e9tenons, il se peut que nous devions vous demander des informations suppl\u00e9mentaires. Si vous avez une plainte \u00e0 formuler sur la mani\u00e8re dont nous avons utilis\u00e9 vos informations, vous avez le droit de vous plaindre aupr\u00e8s de l&rsquo;Information Commissioner&rsquo;s Office (ICO).<\/p>\n\n<h4 class=\"wp-block-heading\">Modifications de notre politique de confidentialit\u00e9<\/h4>\n\n<p>Toute modification que nous pourrions apporter \u00e0 l&rsquo;avenir \u00e0 notre politique de confidentialit\u00e9 sera publi\u00e9e sur cette page et, le cas \u00e9ch\u00e9ant, vous sera notifi\u00e9e par courrier \u00e9lectronique. Nous vous invitons \u00e0 consulter r\u00e9guli\u00e8rement notre site pour prendre connaissance des \u00e9ventuelles mises \u00e0 jour ou modifications de notre politique de confidentialit\u00e9.<\/p>\n\n<h4 class=\"wp-block-heading\">Contact<\/h4>\n\n<p>Les questions, commentaires et demandes concernant cette politique de confidentialit\u00e9 sont les bienvenus et doivent \u00eatre adress\u00e9s \u00e0 <em>privacy@abordage.com<\/em>.<\/p>\n","protected":false},"excerpt":{"rendered":"<p>Politique de confidentialit\u00e9 Ce site web est exploit\u00e9 par abordage.Com, dont l&rsquo;adresse est zona franca, San Cristobal, R\u00e9publique dominicaine (\u00ab\u00a0Nous\u00a0\u00bb). [&hellip;]<\/p>\n","protected":false},"author":1,"featured_media":0,"parent":0,"menu_order":0,"comment_status":"closed","ping_status":"closed","template":"elementor_theme","meta":{"site-sidebar-layout":"default","site-content-layout":"","ast-site-content-layout":"default","site-content-style":"default","site-sidebar-style":"default","ast-global-header-display":"","ast-banner-title-visibility":"","ast-main-header-display":"","ast-hfb-above-header-display":"","ast-hfb-below-header-display":"","ast-hfb-mobile-header-display":"","site-post-title":"","ast-breadcrumbs-content":"","ast-featured-img":"","footer-sml-layout":"","theme-transparent-header-meta":"","adv-header-id-meta":"","stick-header-meta":"","header-above-stick-meta":"","header-main-stick-meta":"","header-below-stick-meta":"","astra-migrate-meta-layouts":"default","ast-page-background-enabled":"default","ast-page-background-meta":{"desktop":{"background-color":"var(--ast-global-color-5)","background-image":"","background-repeat":"repeat","background-position":"center center","background-size":"auto","background-attachment":"scroll","background-type":"","background-media":"","overlay-type":"","overlay-color":"","overlay-opacity":"","overlay-gradient":""},"tablet":{"background-color":"","background-image":"","background-repeat":"repeat","background-position":"center center","background-size":"auto","background-attachment":"scroll","background-type":"","background-media":"","overlay-type":"","overlay-color":"","overlay-opacity":"","overlay-gradient":""},"mobile":{"background-color":"","background-image":"","background-repeat":"repeat","background-position":"center center","background-size":"auto","background-attachment":"scroll","background-type":"","background-media":"","overlay-type":"","overlay-color":"","overlay-opacity":"","overlay-gradient":""}},"ast-content-background-meta":{"desktop":{"background-color":"var(--ast-global-color-4)","background-image":"","background-repeat":"repeat","background-position":"center center","background-size":"auto","background-attachment":"scroll","background-type":"","background-media":"","overlay-type":"","overlay-color":"","overlay-opacity":"","overlay-gradient":""},"tablet":{"background-color":"var(--ast-global-color-4)","background-image":"","background-repeat":"repeat","background-position":"center center","background-size":"auto","background-attachment":"scroll","background-type":"","background-media":"","overlay-type":"","overlay-color":"","overlay-opacity":"","overlay-gradient":""},"mobile":{"background-color":"var(--ast-global-color-4)","background-image":"","background-repeat":"repeat","background-position":"center center","background-size":"auto","background-attachment":"scroll","background-type":"","background-media":"","overlay-type":"","overlay-color":"","overlay-opacity":"","overlay-gradient":""}},"footnotes":""},"class_list":["post-74303","page","type-page","status-publish","hentry"],"_links":{"self":[{"href":"https:\/\/abordage.com\/fr\/wp-json\/wp\/v2\/pages\/74303","targetHints":{"allow":["GET"]}}],"collection":[{"href":"https:\/\/abordage.com\/fr\/wp-json\/wp\/v2\/pages"}],"about":[{"href":"https:\/\/abordage.com\/fr\/wp-json\/wp\/v2\/types\/page"}],"author":[{"embeddable":true,"href":"https:\/\/abordage.com\/fr\/wp-json\/wp\/v2\/users\/1"}],"replies":[{"embeddable":true,"href":"https:\/\/abordage.com\/fr\/wp-json\/wp\/v2\/comments?post=74303"}],"version-history":[{"count":0,"href":"https:\/\/abordage.com\/fr\/wp-json\/wp\/v2\/pages\/74303\/revisions"}],"wp:attachment":[{"href":"https:\/\/abordage.com\/fr\/wp-json\/wp\/v2\/media?parent=74303"}],"curies":[{"name":"wp","href":"https:\/\/api.w.org\/{rel}","templated":true}]}}