{"id":73571,"date":"2026-01-27T13:46:51","date_gmt":"2026-01-27T17:46:51","guid":{"rendered":"https:\/\/abordage.com\/shop\/non class\u00e9\/modeles-de-bureau-de-la-35e-americas-cup-objets-de-collection\/"},"modified":"2026-01-27T13:46:51","modified_gmt":"2026-01-27T17:46:51","slug":"modeles-de-bureau-de-la-35e-americas-cup-objets-de-collection","status":"publish","type":"product","link":"https:\/\/abordage.com\/fr\/shop\/boutique\/maquettes-de-bateau\/bateaux-de-la-coupe-de-lamerica\/modeles-de-bureau-de-la-35e-americas-cup-objets-de-collection\/","title":{"rendered":"Mod\u00e8les de bureau de la 35e America&rsquo;s Cup &#8211; objets de collection"},"content":{"rendered":"<p>D\u00e9couvrez les mod\u00e8les de bureau de la 35e America&rsquo;s Cup : ORACLE TEAM USA, Land Rover BAR, SoftBank Team Japan, Groupama Team France, Artemis Racing et Emirates Team New Zealand ; tous ont pour objectif de ramener la coupe \u00e0 la maison !<\/p>\n<p>US$ 495.00 \/ mod\u00e8le de bureau.<\/p>\n<p>Ne manquez pas cette occasion !<\/p>\n<\/p>\n<p>Construit \u00c9chelle 1\/64<\/p>\n<p>9.25&Prime; L x 5.25&Prime; L x 16&Prime; H ( ou 23.5 cm L X 13.4 cm L X 41 cm H )<\/p>\n","protected":false},"excerpt":{"rendered":"<p><span>Pour le nec plus ultra en mati\u00e8re de maquettes de bateaux, optez pour nos maquettes de bureau de la 35e America&rsquo;s Cup.<\/span><\/p>\n<p>D\u00e9couvrez l&rsquo;ORACLE TEAM USA, le Land Rover BAR, le SoftBank Team Japan, le Groupama Team France, l&rsquo;Artemis Racing et l&rsquo;Emirates Team New Zealand ; tous sont pr\u00eats \u00e0 ramener la Coupe \u00e0 la maison !<\/p>\n<p>US$ 495.00 \/ mod\u00e8le de bureau.<\/p>\n<p>Ne manquez pas cette occasion !<\/p>\n","protected":false},"featured_media":15158,"comment_status":"open","ping_status":"closed","template":"","meta":{"site-sidebar-layout":"default","site-content-layout":"","ast-site-content-layout":"default","site-content-style":"default","site-sidebar-style":"default","ast-global-header-display":"","ast-banner-title-visibility":"","ast-main-header-display":"","ast-hfb-above-header-display":"","ast-hfb-below-header-display":"","ast-hfb-mobile-header-display":"","site-post-title":"","ast-breadcrumbs-content":"","ast-featured-img":"","footer-sml-layout":"","theme-transparent-header-meta":"","adv-header-id-meta":"","stick-header-meta":"","header-above-stick-meta":"","header-main-stick-meta":"","header-below-stick-meta":"","astra-migrate-meta-layouts":"default","ast-page-background-enabled":"default","ast-page-background-meta":{"desktop":{"background-color":"var(--ast-global-color-5)","background-image":"","background-repeat":"repeat","background-position":"center center","background-size":"auto","background-attachment":"scroll","background-type":"","background-media":"","overlay-type":"","overlay-color":"","overlay-opacity":"","overlay-gradient":""},"tablet":{"background-color":"","background-image":"","background-repeat":"repeat","background-position":"center center","background-size":"auto","background-attachment":"scroll","background-type":"","background-media":"","overlay-type":"","overlay-color":"","overlay-opacity":"","overlay-gradient":""},"mobile":{"background-color":"","background-image":"","background-repeat":"repeat","background-position":"center center","background-size":"auto","background-attachment":"scroll","background-type":"","background-media":"","overlay-type":"","overlay-color":"","overlay-opacity":"","overlay-gradient":""}},"ast-content-background-meta":{"desktop":{"background-color":"var(--ast-global-color-4)","background-image":"","background-repeat":"repeat","background-position":"center center","background-size":"auto","background-attachment":"scroll","background-type":"","background-media":"","overlay-type":"","overlay-color":"","overlay-opacity":"","overlay-gradient":""},"tablet":{"background-color":"var(--ast-global-color-4)","background-image":"","background-repeat":"repeat","background-position":"center center","background-size":"auto","background-attachment":"scroll","background-type":"","background-media":"","overlay-type":"","overlay-color":"","overlay-opacity":"","overlay-gradient":""},"mobile":{"background-color":"var(--ast-global-color-4)","background-image":"","background-repeat":"repeat","background-position":"center center","background-size":"auto","background-attachment":"scroll","background-type":"","background-media":"","overlay-type":"","overlay-color":"","overlay-opacity":"","overlay-gradient":""}}},"product_brand":[],"product_cat":[10325,10331],"product_tag":[10374,10380,10379,10381,10382],"class_list":{"0":"post-73571","1":"product","2":"type-product","3":"status-publish","4":"has-post-thumbnail","6":"product_cat-bateaux-de-la-coupe-de-lamerica","7":"product_cat-modeles-de-bureaux","8":"product_tag-abordage","9":"product_tag-americascup","10":"product_tag-boutique","11":"product_tag-modele-de-bureau","12":"product_tag-modeles-de-bureau-de-la-35e-americas-cup-objets-de-collection","13":"desktop-align-center","14":"tablet-align-left","15":"mobile-align-left","16":"ast-product-gallery-layout-horizontal-slider","17":"ast-magnify-disabled","18":"ast-product-tabs-layout-accordion","19":"ast-qv-on-image","21":"first","22":"instock","23":"shipping-taxable","24":"purchasable","25":"product-type-simple"},"_links":{"self":[{"href":"https:\/\/abordage.com\/fr\/wp-json\/wp\/v2\/product\/73571","targetHints":{"allow":["GET"]}}],"collection":[{"href":"https:\/\/abordage.com\/fr\/wp-json\/wp\/v2\/product"}],"about":[{"href":"https:\/\/abordage.com\/fr\/wp-json\/wp\/v2\/types\/product"}],"replies":[{"embeddable":true,"href":"https:\/\/abordage.com\/fr\/wp-json\/wp\/v2\/comments?post=73571"}],"version-history":[{"count":0,"href":"https:\/\/abordage.com\/fr\/wp-json\/wp\/v2\/product\/73571\/revisions"}],"wp:featuredmedia":[{"embeddable":true,"href":"https:\/\/abordage.com\/fr\/wp-json\/wp\/v2\/media\/15158"}],"wp:attachment":[{"href":"https:\/\/abordage.com\/fr\/wp-json\/wp\/v2\/media?parent=73571"}],"wp:term":[{"taxonomy":"product_brand","embeddable":true,"href":"https:\/\/abordage.com\/fr\/wp-json\/wp\/v2\/product_brand?post=73571"},{"taxonomy":"product_cat","embeddable":true,"href":"https:\/\/abordage.com\/fr\/wp-json\/wp\/v2\/product_cat?post=73571"},{"taxonomy":"product_tag","embeddable":true,"href":"https:\/\/abordage.com\/fr\/wp-json\/wp\/v2\/product_tag?post=73571"}],"curies":[{"name":"wp","href":"https:\/\/api.w.org\/{rel}","templated":true}]}}