{"id":73673,"date":"2024-10-21T22:58:46","date_gmt":"2024-10-21T22:58:46","guid":{"rendered":"https:\/\/abordage.com\/shop\/non class\u00e9\/ac-75-patriot-bureau-american-magic-modele-2024-mn-a200\/"},"modified":"2024-10-21T22:58:46","modified_gmt":"2024-10-22T02:58:46","slug":"ac-75-patriot-bureau-american-magic-modele-2024-mn-a200","status":"publish","type":"product","link":"https:\/\/abordage.com\/fr\/shop\/boutique\/maquettes-de-bateau\/bateaux-de-la-coupe-de-lamerica\/ac-75-patriot-bureau-american-magic-modele-2024-mn-a200\/","title":{"rendered":"AC 75 PATRIOT Bureau American Magic mod\u00e8le 2024 MN-A200"},"content":{"rendered":"<p>D\u00e9couvrez ce superbe mod\u00e8le de bureau de l&rsquo;AC 75 PATRIOT American Magic 2024 MN-A200.<\/p>\n<p>Construit \u00e0 l&rsquo;\u00e9chelle 1\/100 ou 9 \u00ab\u00a0LOA.<\/p>\n<p>Livr\u00e9 dans une vitrine.<\/p>\n<\/p>\n<p>Les dimensions du mod\u00e8le sont : 9 pouces de longueur et 13 pouces de hauteur<\/p>\n<p>Les dimensions de la vitrine sont les suivantes : 11 \u00ab\u00a0L x 5 3\/8 \u00ab\u00a0W x 14.5 \u00ab\u00a0H ( ou 27,5cm L x 13,5 cm W x 37 cm H ).<\/p>\n","protected":false},"excerpt":{"rendered":"<p>D\u00e9couvrez ce superbe mod\u00e8le de bureau de l&rsquo;AC 75 PATRIOT American Magic 2024 MN-A200.<\/p>\n","protected":false},"featured_media":22388,"comment_status":"open","ping_status":"closed","template":"","meta":{"site-sidebar-layout":"default","site-content-layout":"","ast-site-content-layout":"default","site-content-style":"default","site-sidebar-style":"default","ast-global-header-display":"","ast-banner-title-visibility":"","ast-main-header-display":"","ast-hfb-above-header-display":"","ast-hfb-below-header-display":"","ast-hfb-mobile-header-display":"","site-post-title":"","ast-breadcrumbs-content":"","ast-featured-img":"","footer-sml-layout":"","theme-transparent-header-meta":"","adv-header-id-meta":"","stick-header-meta":"","header-above-stick-meta":"","header-main-stick-meta":"","header-below-stick-meta":"","astra-migrate-meta-layouts":"default","ast-page-background-enabled":"default","ast-page-background-meta":{"desktop":{"background-color":"var(--ast-global-color-5)","background-image":"","background-repeat":"repeat","background-position":"center center","background-size":"auto","background-attachment":"scroll","background-type":"","background-media":"","overlay-type":"","overlay-color":"","overlay-opacity":"","overlay-gradient":""},"tablet":{"background-color":"","background-image":"","background-repeat":"repeat","background-position":"center center","background-size":"auto","background-attachment":"scroll","background-type":"","background-media":"","overlay-type":"","overlay-color":"","overlay-opacity":"","overlay-gradient":""},"mobile":{"background-color":"","background-image":"","background-repeat":"repeat","background-position":"center center","background-size":"auto","background-attachment":"scroll","background-type":"","background-media":"","overlay-type":"","overlay-color":"","overlay-opacity":"","overlay-gradient":""}},"ast-content-background-meta":{"desktop":{"background-color":"var(--ast-global-color-4)","background-image":"","background-repeat":"repeat","background-position":"center center","background-size":"auto","background-attachment":"scroll","background-type":"","background-media":"","overlay-type":"","overlay-color":"","overlay-opacity":"","overlay-gradient":""},"tablet":{"background-color":"var(--ast-global-color-4)","background-image":"","background-repeat":"repeat","background-position":"center center","background-size":"auto","background-attachment":"scroll","background-type":"","background-media":"","overlay-type":"","overlay-color":"","overlay-opacity":"","overlay-gradient":""},"mobile":{"background-color":"var(--ast-global-color-4)","background-image":"","background-repeat":"repeat","background-position":"center center","background-size":"auto","background-attachment":"scroll","background-type":"","background-media":"","overlay-type":"","overlay-color":"","overlay-opacity":"","overlay-gradient":""}}},"product_brand":[],"product_cat":[10322,10325,10331],"product_tag":[],"class_list":{"0":"post-73673","1":"product","2":"type-product","3":"status-publish","4":"has-post-thumbnail","6":"product_cat-maquettes-de-bateau","7":"product_cat-bateaux-de-la-coupe-de-lamerica","8":"product_cat-modeles-de-bureaux","9":"desktop-align-center","10":"tablet-align-left","11":"mobile-align-left","12":"ast-product-gallery-layout-horizontal-slider","13":"ast-magnify-disabled","14":"ast-product-tabs-layout-accordion","15":"ast-qv-on-image","17":"first","18":"instock","19":"shipping-taxable","20":"purchasable","21":"product-type-simple"},"_links":{"self":[{"href":"https:\/\/abordage.com\/fr\/wp-json\/wp\/v2\/product\/73673","targetHints":{"allow":["GET"]}}],"collection":[{"href":"https:\/\/abordage.com\/fr\/wp-json\/wp\/v2\/product"}],"about":[{"href":"https:\/\/abordage.com\/fr\/wp-json\/wp\/v2\/types\/product"}],"replies":[{"embeddable":true,"href":"https:\/\/abordage.com\/fr\/wp-json\/wp\/v2\/comments?post=73673"}],"version-history":[{"count":0,"href":"https:\/\/abordage.com\/fr\/wp-json\/wp\/v2\/product\/73673\/revisions"}],"wp:featuredmedia":[{"embeddable":true,"href":"https:\/\/abordage.com\/fr\/wp-json\/wp\/v2\/media\/22388"}],"wp:attachment":[{"href":"https:\/\/abordage.com\/fr\/wp-json\/wp\/v2\/media?parent=73673"}],"wp:term":[{"taxonomy":"product_brand","embeddable":true,"href":"https:\/\/abordage.com\/fr\/wp-json\/wp\/v2\/product_brand?post=73673"},{"taxonomy":"product_cat","embeddable":true,"href":"https:\/\/abordage.com\/fr\/wp-json\/wp\/v2\/product_cat?post=73673"},{"taxonomy":"product_tag","embeddable":true,"href":"https:\/\/abordage.com\/fr\/wp-json\/wp\/v2\/product_tag?post=73673"}],"curies":[{"name":"wp","href":"https:\/\/api.w.org\/{rel}","templated":true}]}}