{"id":73798,"date":"2021-02-12T17:18:56","date_gmt":"2021-02-12T17:18:56","guid":{"rendered":"https:\/\/abordage.com\/shop\/non%20class\u00e9\/ac-75-patriot-desk-modele-2021-mn-a100\/"},"modified":"2026-02-01T16:30:40","modified_gmt":"2026-02-01T20:30:40","slug":"ac-75-patriot-desk-modele-2021-mn-a100","status":"publish","type":"product","link":"https:\/\/abordage.com\/fr\/shop\/boutique\/maquettes-de-bateau\/bateaux-de-la-coupe-de-lamerica\/ac-75-patriot-desk-modele-2021-mn-a100\/","title":{"rendered":"AC 75 PATRIOT desk mod\u00e8le 2021 MN-A100"},"content":{"rendered":"<div>\n<ul>\n<li><span>Form\u00e9 en octobre 2017 par Bella Mente Racing, Quantum Racing et le New York Yacht Club, American Magic repr\u00e9sente une vision commune pour remporter la 36e America&rsquo;s Cup. American Magic r\u00e9unit deux programmes de course tr\u00e8s performants et l&rsquo;un des plus grands yacht-clubs du monde, unis par une campagne visant \u00e0 reconqu\u00e9rir la Coupe, \u00e0 reconnecter la base am\u00e9ricaine de la voile avec l&rsquo;\u00e9v\u00e9nement le plus important de ce sport et \u00e0 \u00e9lever la qualit\u00e9 de la voile de comp\u00e9tition aux \u00c9tats-Unis.  <\/span><\/li>\n<\/ul><\/div>\n<div>\n<div>\n<ul>\n<li><span face=\"Metropolis, Montserrat, sans-serif\">PATRIOT est le deuxi\u00e8me AC75 d&rsquo;American Magic et a repr\u00e9sent\u00e9 l&rsquo;\u00e9quipe dans les America&rsquo;s Cup World Series et les Prada Cup Challenger Series.<\/span><\/li>\n<li><span face=\"Metropolis, Montserrat, sans-serif\">PATRIOT a \u00e9t\u00e9 construit par l&rsquo;\u00e9quipe de production \u00e0 Bristol, R.I., et a \u00e9t\u00e9 transport\u00e9 par avion jusqu&rsquo;\u00e0 Auckland, en Nouvelle-Z\u00e9lande, en septembre 2020.<\/span><\/li>\n<\/ul><\/div>\n<div>\n<ul>\n<li><span face=\"Metropolis, Montserrat, sans-serif\">Mod\u00e8le de bureau AC 75 PATRIOT, \u00e9chelle 1\/100 ou 9 pouces LOA.<\/span><\/li>\n<li><span face=\"Metropolis, Montserrat, sans-serif\">Les dimensions de la base sont de 10&Prime; L x 4.5&Prime; L<\/span><\/li>\n<li><span face=\"Metropolis, Montserrat, sans-serif\">Dimensions de la vitrine 10,25&Prime; L x 4,75&Prime; L x 13,5&Prime; H<\/span><\/li>\n<\/ul><\/div>\n<\/p><\/div>\n","protected":false},"excerpt":{"rendered":"<p>Soutenez l&rsquo;AMERICAN MAGIC TEAM avec ce magnifique mod\u00e8le de bureau de l&rsquo;AC 75 PATRIOT mod\u00e8le de bureau 2021.<\/p>\n<p>Construit \u00e0 l&rsquo;\u00e9chelle 1\/100 ou 9 pouces de long.<\/p>\n<p>Livr\u00e9 dans un coffret de protection.<\/p>\n","protected":false},"featured_media":18174,"comment_status":"open","ping_status":"closed","template":"","meta":{"site-sidebar-layout":"default","site-content-layout":"","ast-site-content-layout":"default","site-content-style":"default","site-sidebar-style":"default","ast-global-header-display":"","ast-banner-title-visibility":"","ast-main-header-display":"","ast-hfb-above-header-display":"","ast-hfb-below-header-display":"","ast-hfb-mobile-header-display":"","site-post-title":"","ast-breadcrumbs-content":"","ast-featured-img":"","footer-sml-layout":"","theme-transparent-header-meta":"","adv-header-id-meta":"","stick-header-meta":"","header-above-stick-meta":"","header-main-stick-meta":"","header-below-stick-meta":"","astra-migrate-meta-layouts":"default","ast-page-background-enabled":"default","ast-page-background-meta":{"desktop":{"background-color":"var(--ast-global-color-5)","background-image":"","background-repeat":"repeat","background-position":"center center","background-size":"auto","background-attachment":"scroll","background-type":"","background-media":"","overlay-type":"","overlay-color":"","overlay-opacity":"","overlay-gradient":""},"tablet":{"background-color":"","background-image":"","background-repeat":"repeat","background-position":"center center","background-size":"auto","background-attachment":"scroll","background-type":"","background-media":"","overlay-type":"","overlay-color":"","overlay-opacity":"","overlay-gradient":""},"mobile":{"background-color":"","background-image":"","background-repeat":"repeat","background-position":"center center","background-size":"auto","background-attachment":"scroll","background-type":"","background-media":"","overlay-type":"","overlay-color":"","overlay-opacity":"","overlay-gradient":""}},"ast-content-background-meta":{"desktop":{"background-color":"var(--ast-global-color-4)","background-image":"","background-repeat":"repeat","background-position":"center center","background-size":"auto","background-attachment":"scroll","background-type":"","background-media":"","overlay-type":"","overlay-color":"","overlay-opacity":"","overlay-gradient":""},"tablet":{"background-color":"var(--ast-global-color-4)","background-image":"","background-repeat":"repeat","background-position":"center center","background-size":"auto","background-attachment":"scroll","background-type":"","background-media":"","overlay-type":"","overlay-color":"","overlay-opacity":"","overlay-gradient":""},"mobile":{"background-color":"var(--ast-global-color-4)","background-image":"","background-repeat":"repeat","background-position":"center center","background-size":"auto","background-attachment":"scroll","background-type":"","background-media":"","overlay-type":"","overlay-color":"","overlay-opacity":"","overlay-gradient":""}}},"product_brand":[],"product_cat":[10322,10325,10331],"product_tag":[10374,10399,10380,10379,10381],"class_list":{"0":"post-73798","1":"product","2":"type-product","3":"status-publish","4":"has-post-thumbnail","6":"product_cat-maquettes-de-bateau","7":"product_cat-bateaux-de-la-coupe-de-lamerica","8":"product_cat-modeles-de-bureaux","9":"product_tag-abordage","10":"product_tag-ac-75-patriot-desk-model-2021-mn-a100","11":"product_tag-americascup","12":"product_tag-boutique","13":"product_tag-modele-de-bureau","14":"desktop-align-center","15":"tablet-align-left","16":"mobile-align-left","17":"ast-product-gallery-layout-horizontal-slider","18":"ast-magnify-disabled","19":"ast-product-tabs-layout-accordion","20":"ast-qv-on-image","22":"first","23":"instock","24":"shipping-taxable","25":"purchasable","26":"product-type-simple"},"_links":{"self":[{"href":"https:\/\/abordage.com\/fr\/wp-json\/wp\/v2\/product\/73798","targetHints":{"allow":["GET"]}}],"collection":[{"href":"https:\/\/abordage.com\/fr\/wp-json\/wp\/v2\/product"}],"about":[{"href":"https:\/\/abordage.com\/fr\/wp-json\/wp\/v2\/types\/product"}],"replies":[{"embeddable":true,"href":"https:\/\/abordage.com\/fr\/wp-json\/wp\/v2\/comments?post=73798"}],"version-history":[{"count":0,"href":"https:\/\/abordage.com\/fr\/wp-json\/wp\/v2\/product\/73798\/revisions"}],"wp:featuredmedia":[{"embeddable":true,"href":"https:\/\/abordage.com\/fr\/wp-json\/wp\/v2\/media\/18174"}],"wp:attachment":[{"href":"https:\/\/abordage.com\/fr\/wp-json\/wp\/v2\/media?parent=73798"}],"wp:term":[{"taxonomy":"product_brand","embeddable":true,"href":"https:\/\/abordage.com\/fr\/wp-json\/wp\/v2\/product_brand?post=73798"},{"taxonomy":"product_cat","embeddable":true,"href":"https:\/\/abordage.com\/fr\/wp-json\/wp\/v2\/product_cat?post=73798"},{"taxonomy":"product_tag","embeddable":true,"href":"https:\/\/abordage.com\/fr\/wp-json\/wp\/v2\/product_tag?post=73798"}],"curies":[{"name":"wp","href":"https:\/\/api.w.org\/{rel}","templated":true}]}}