{"id":73873,"date":"2017-06-01T15:57:43","date_gmt":"2017-06-01T15:57:43","guid":{"rendered":"https:\/\/abordage.com\/shop\/non%20class\u00e9\/artemis-racing-catamaran-ac-50-modele-de-bureau\/"},"modified":"2026-02-01T16:31:03","modified_gmt":"2026-02-01T20:31:03","slug":"artemis-racing-catamaran-ac-50-modele-de-bureau","status":"publish","type":"product","link":"https:\/\/abordage.com\/fr\/shop\/boutique\/maquettes-de-bateau\/bateaux-de-la-coupe-de-lamerica\/artemis-racing-catamaran-ac-50-modele-de-bureau\/","title":{"rendered":"Artemis Racing &#8211; Catamaran AC 50 &#8211; mod\u00e8le de bureau"},"content":{"rendered":"<p>Nous venons de terminer la construction de la maquette d&rsquo;une autre \u00e9quipe de la 35\u00e8me Coupe de l&rsquo;America, la maquette de l&rsquo;Artemis Racing &#8211; AC 50 CATAMARAN &#8211; 2017.<\/p>\n<p>Il est livr\u00e9 avec une vitrine dont les dimensions sont de<span> 11,75&Prime; L x 8&Prime; L x 18 H (ou 30 cm L x 20 cm L x 46 cm H).<\/span><\/p>\n<p>\u00c9chelle 1\/64<\/p>\n<p>9.25&Prime; L x 5.25&Prime; L x 16&Prime; H ( ou 23.5 cm L X 13.4 cm L X 41 cm H )<\/p>\n","protected":false},"excerpt":{"rendered":"<p>Nous venons de terminer la construction de la maquette d&rsquo;une autre \u00e9quipe de la 35\u00e8me Coupe de l&rsquo;America, la maquette de l&rsquo;Artemis Racing &#8211; AC 50 CATAMARAN &#8211; 2017.<\/p>\n<p>Il est livr\u00e9 avec une vitrine.<\/p>\n<p>\u00c9chelle 1\/64<\/p>\n<p>9.25&Prime; L x 5.25&Prime; L x 16&Prime; H ( ou 23.5 cm L X 13.4 cm L X 41 cm H )<\/p>\n","protected":false},"featured_media":15203,"comment_status":"open","ping_status":"closed","template":"","meta":{"site-sidebar-layout":"default","site-content-layout":"","ast-site-content-layout":"default","site-content-style":"default","site-sidebar-style":"default","ast-global-header-display":"","ast-banner-title-visibility":"","ast-main-header-display":"","ast-hfb-above-header-display":"","ast-hfb-below-header-display":"","ast-hfb-mobile-header-display":"","site-post-title":"","ast-breadcrumbs-content":"","ast-featured-img":"","footer-sml-layout":"","theme-transparent-header-meta":"","adv-header-id-meta":"","stick-header-meta":"","header-above-stick-meta":"","header-main-stick-meta":"","header-below-stick-meta":"","astra-migrate-meta-layouts":"default","ast-page-background-enabled":"default","ast-page-background-meta":{"desktop":{"background-color":"var(--ast-global-color-5)","background-image":"","background-repeat":"repeat","background-position":"center center","background-size":"auto","background-attachment":"scroll","background-type":"","background-media":"","overlay-type":"","overlay-color":"","overlay-opacity":"","overlay-gradient":""},"tablet":{"background-color":"","background-image":"","background-repeat":"repeat","background-position":"center center","background-size":"auto","background-attachment":"scroll","background-type":"","background-media":"","overlay-type":"","overlay-color":"","overlay-opacity":"","overlay-gradient":""},"mobile":{"background-color":"","background-image":"","background-repeat":"repeat","background-position":"center center","background-size":"auto","background-attachment":"scroll","background-type":"","background-media":"","overlay-type":"","overlay-color":"","overlay-opacity":"","overlay-gradient":""}},"ast-content-background-meta":{"desktop":{"background-color":"var(--ast-global-color-4)","background-image":"","background-repeat":"repeat","background-position":"center center","background-size":"auto","background-attachment":"scroll","background-type":"","background-media":"","overlay-type":"","overlay-color":"","overlay-opacity":"","overlay-gradient":""},"tablet":{"background-color":"var(--ast-global-color-4)","background-image":"","background-repeat":"repeat","background-position":"center center","background-size":"auto","background-attachment":"scroll","background-type":"","background-media":"","overlay-type":"","overlay-color":"","overlay-opacity":"","overlay-gradient":""},"mobile":{"background-color":"var(--ast-global-color-4)","background-image":"","background-repeat":"repeat","background-position":"center center","background-size":"auto","background-attachment":"scroll","background-type":"","background-media":"","overlay-type":"","overlay-color":"","overlay-opacity":"","overlay-gradient":""}}},"product_brand":[],"product_cat":[10325,10331],"product_tag":[10374,10380,10405,10379,10381],"class_list":{"0":"post-73873","1":"product","2":"type-product","3":"status-publish","4":"has-post-thumbnail","6":"product_cat-bateaux-de-la-coupe-de-lamerica","7":"product_cat-modeles-de-bureaux","8":"product_tag-abordage","9":"product_tag-americascup","10":"product_tag-artemis-racing-catamaran-ac-50-modele-de-bureau","11":"product_tag-boutique","12":"product_tag-modele-de-bureau","13":"desktop-align-center","14":"tablet-align-left","15":"mobile-align-left","16":"ast-product-gallery-layout-horizontal-slider","17":"ast-magnify-disabled","18":"ast-product-tabs-layout-accordion","19":"ast-qv-on-image","21":"first","22":"instock","23":"shipping-taxable","24":"purchasable","25":"product-type-simple"},"_links":{"self":[{"href":"https:\/\/abordage.com\/fr\/wp-json\/wp\/v2\/product\/73873","targetHints":{"allow":["GET"]}}],"collection":[{"href":"https:\/\/abordage.com\/fr\/wp-json\/wp\/v2\/product"}],"about":[{"href":"https:\/\/abordage.com\/fr\/wp-json\/wp\/v2\/types\/product"}],"replies":[{"embeddable":true,"href":"https:\/\/abordage.com\/fr\/wp-json\/wp\/v2\/comments?post=73873"}],"version-history":[{"count":0,"href":"https:\/\/abordage.com\/fr\/wp-json\/wp\/v2\/product\/73873\/revisions"}],"wp:featuredmedia":[{"embeddable":true,"href":"https:\/\/abordage.com\/fr\/wp-json\/wp\/v2\/media\/15203"}],"wp:attachment":[{"href":"https:\/\/abordage.com\/fr\/wp-json\/wp\/v2\/media?parent=73873"}],"wp:term":[{"taxonomy":"product_brand","embeddable":true,"href":"https:\/\/abordage.com\/fr\/wp-json\/wp\/v2\/product_brand?post=73873"},{"taxonomy":"product_cat","embeddable":true,"href":"https:\/\/abordage.com\/fr\/wp-json\/wp\/v2\/product_cat?post=73873"},{"taxonomy":"product_tag","embeddable":true,"href":"https:\/\/abordage.com\/fr\/wp-json\/wp\/v2\/product_tag?post=73873"}],"curies":[{"name":"wp","href":"https:\/\/api.w.org\/{rel}","templated":true}]}}