{"id":73883,"date":"2017-05-13T01:22:35","date_gmt":"2017-05-13T01:22:35","guid":{"rendered":"https:\/\/abordage.com\/shop\/non%20class\u00e9\/land-rover-bar-catamaran-ac-50-modele-de-bureau-2017\/"},"modified":"2026-02-01T16:31:11","modified_gmt":"2026-02-01T20:31:11","slug":"land-rover-bar-catamaran-ac-50-modele-de-bureau-2017","status":"publish","type":"product","link":"https:\/\/abordage.com\/fr\/shop\/boutique\/maquettes-de-bateau\/bateaux-de-la-coupe-de-lamerica\/land-rover-bar-catamaran-ac-50-modele-de-bureau-2017\/","title":{"rendered":"Land Rover BAR &#8211; Catamaran AC 50 &#8211; Mod\u00e8le de bureau 2017"},"content":{"rendered":"<h4>Voici &#8230; le<strong> mod\u00e8le de bureau <\/strong>Land Rover BAR, AC 50 et sa vitrine.<\/h4>\n<p>  Abordage est fier de vous pr\u00e9senter le mod\u00e8le de bureau Land Rover BAR, challenger de la 35\u00e8me Coupe de l&rsquo;America &#8211; Bermudes 2017.<\/p>\n<p>\u00c9chelle 1\/64<\/p>\n<p>9.25&Prime; L x 5.25&Prime; L x 16&Prime; H ( ou 23.5 cm L X 13.4 cm L X 41 cm H )<\/p>\n","protected":false},"excerpt":{"rendered":"<h4>Voici &#8230; le<strong> mod\u00e8le de bureau <\/strong>Land Rover BAR, AC 50 et sa vitrine.<\/h4>\n<p>  Abordage est fier de vous pr\u00e9senter le mod\u00e8le de bureau Land Rover BAR, challenger de la 35\u00e8me Coupe de l&rsquo;America &#8211; Bermudes 2017.<\/p>\n<p>\u00c9chelle 1\/64<\/p>\n<p>9.25&Prime; L x 5.25&Prime; L x 16&Prime; H ( ou 23.5 cm L X 13.4 cm L X 41 cm H )<\/p><\/p>\n","protected":false},"featured_media":15146,"comment_status":"open","ping_status":"closed","template":"","meta":{"site-sidebar-layout":"default","site-content-layout":"","ast-site-content-layout":"default","site-content-style":"default","site-sidebar-style":"default","ast-global-header-display":"","ast-banner-title-visibility":"","ast-main-header-display":"","ast-hfb-above-header-display":"","ast-hfb-below-header-display":"","ast-hfb-mobile-header-display":"","site-post-title":"","ast-breadcrumbs-content":"","ast-featured-img":"","footer-sml-layout":"","theme-transparent-header-meta":"","adv-header-id-meta":"","stick-header-meta":"","header-above-stick-meta":"","header-main-stick-meta":"","header-below-stick-meta":"","astra-migrate-meta-layouts":"default","ast-page-background-enabled":"default","ast-page-background-meta":{"desktop":{"background-color":"var(--ast-global-color-5)","background-image":"","background-repeat":"repeat","background-position":"center center","background-size":"auto","background-attachment":"scroll","background-type":"","background-media":"","overlay-type":"","overlay-color":"","overlay-opacity":"","overlay-gradient":""},"tablet":{"background-color":"","background-image":"","background-repeat":"repeat","background-position":"center center","background-size":"auto","background-attachment":"scroll","background-type":"","background-media":"","overlay-type":"","overlay-color":"","overlay-opacity":"","overlay-gradient":""},"mobile":{"background-color":"","background-image":"","background-repeat":"repeat","background-position":"center center","background-size":"auto","background-attachment":"scroll","background-type":"","background-media":"","overlay-type":"","overlay-color":"","overlay-opacity":"","overlay-gradient":""}},"ast-content-background-meta":{"desktop":{"background-color":"var(--ast-global-color-4)","background-image":"","background-repeat":"repeat","background-position":"center center","background-size":"auto","background-attachment":"scroll","background-type":"","background-media":"","overlay-type":"","overlay-color":"","overlay-opacity":"","overlay-gradient":""},"tablet":{"background-color":"var(--ast-global-color-4)","background-image":"","background-repeat":"repeat","background-position":"center center","background-size":"auto","background-attachment":"scroll","background-type":"","background-media":"","overlay-type":"","overlay-color":"","overlay-opacity":"","overlay-gradient":""},"mobile":{"background-color":"var(--ast-global-color-4)","background-image":"","background-repeat":"repeat","background-position":"center center","background-size":"auto","background-attachment":"scroll","background-type":"","background-media":"","overlay-type":"","overlay-color":"","overlay-opacity":"","overlay-gradient":""}}},"product_brand":[],"product_cat":[10325,10331],"product_tag":[10374,10380,10379,10406,10381],"class_list":{"0":"post-73883","1":"product","2":"type-product","3":"status-publish","4":"has-post-thumbnail","6":"product_cat-bateaux-de-la-coupe-de-lamerica","7":"product_cat-modeles-de-bureaux","8":"product_tag-abordage","9":"product_tag-americascup","10":"product_tag-boutique","11":"product_tag-land-rover-bar-catamaran-ac-50-2017-desk-model","12":"product_tag-modele-de-bureau","13":"desktop-align-center","14":"tablet-align-left","15":"mobile-align-left","16":"ast-product-gallery-layout-horizontal-slider","17":"ast-magnify-disabled","18":"ast-product-tabs-layout-accordion","19":"ast-qv-on-image","21":"first","22":"instock","23":"shipping-taxable","24":"purchasable","25":"product-type-simple"},"_links":{"self":[{"href":"https:\/\/abordage.com\/fr\/wp-json\/wp\/v2\/product\/73883","targetHints":{"allow":["GET"]}}],"collection":[{"href":"https:\/\/abordage.com\/fr\/wp-json\/wp\/v2\/product"}],"about":[{"href":"https:\/\/abordage.com\/fr\/wp-json\/wp\/v2\/types\/product"}],"replies":[{"embeddable":true,"href":"https:\/\/abordage.com\/fr\/wp-json\/wp\/v2\/comments?post=73883"}],"version-history":[{"count":0,"href":"https:\/\/abordage.com\/fr\/wp-json\/wp\/v2\/product\/73883\/revisions"}],"wp:featuredmedia":[{"embeddable":true,"href":"https:\/\/abordage.com\/fr\/wp-json\/wp\/v2\/media\/15146"}],"wp:attachment":[{"href":"https:\/\/abordage.com\/fr\/wp-json\/wp\/v2\/media?parent=73883"}],"wp:term":[{"taxonomy":"product_brand","embeddable":true,"href":"https:\/\/abordage.com\/fr\/wp-json\/wp\/v2\/product_brand?post=73883"},{"taxonomy":"product_cat","embeddable":true,"href":"https:\/\/abordage.com\/fr\/wp-json\/wp\/v2\/product_cat?post=73883"},{"taxonomy":"product_tag","embeddable":true,"href":"https:\/\/abordage.com\/fr\/wp-json\/wp\/v2\/product_tag?post=73883"}],"curies":[{"name":"wp","href":"https:\/\/api.w.org\/{rel}","templated":true}]}}