{"id":73934,"date":"2017-05-11T21:41:47","date_gmt":"2017-05-11T21:41:47","guid":{"rendered":"https:\/\/abordage.com\/shop\/non class\u00e9\/softbank-team-japan-catamaran-ac-50-2017-modele-de-bureau\/"},"modified":"2026-02-01T16:31:43","modified_gmt":"2026-02-01T20:31:43","slug":"softbank-team-japan-catamaran-ac-50-2017-modele-de-bureau","status":"publish","type":"product","link":"https:\/\/abordage.com\/fr\/shop\/boutique\/maquettes-de-bateau\/bateaux-de-la-coupe-de-lamerica\/softbank-team-japan-catamaran-ac-50-2017-modele-de-bureau\/","title":{"rendered":"SoftBank Team Japan &#8211; Catamaran AC 50 &#8211; 2017 &#8211; mod\u00e8le de bureau"},"content":{"rendered":"<p>D\u00e9couvrez une autre \u00e9quipe de la 35\u00e8me Coupe de l&rsquo;America, le mod\u00e8le de bureau du SOFTBANK TEAM JAPAN &#8211; AC 50 CATAMARAN &#8211; 2017.<\/p>\n<p>\u00c9chelle 1\/64<\/p>\n<p>9.25&Prime; L x 5.25&Prime; L x 16&Prime; H ( ou 23.5 cm L X 13.4 cm L X 41 cm H )<\/p>\n","protected":false},"excerpt":{"rendered":"<p>D\u00e9couvrez une autre \u00e9quipe de la 35\u00e8me Coupe de l&rsquo;America, le mod\u00e8le de bureau du SoftBank Team Japan &#8211; AC 50 CATAMARAN &#8211; 2017.<\/p>\n<p>Il est livr\u00e9 avec une vitrine.<\/p>\n<p>\u00c9chelle 1\/64<\/p>\n<p>9.25&Prime; L x 5.25&Prime; L x 16&Prime; H ( ou 23.5 cm L X 13.4 cm L X 41 cm H )<\/p>\n","protected":false},"featured_media":15131,"comment_status":"open","ping_status":"closed","template":"","meta":{"site-sidebar-layout":"default","site-content-layout":"","ast-site-content-layout":"default","site-content-style":"default","site-sidebar-style":"default","ast-global-header-display":"","ast-banner-title-visibility":"","ast-main-header-display":"","ast-hfb-above-header-display":"","ast-hfb-below-header-display":"","ast-hfb-mobile-header-display":"","site-post-title":"","ast-breadcrumbs-content":"","ast-featured-img":"","footer-sml-layout":"","theme-transparent-header-meta":"","adv-header-id-meta":"","stick-header-meta":"","header-above-stick-meta":"","header-main-stick-meta":"","header-below-stick-meta":"","astra-migrate-meta-layouts":"default","ast-page-background-enabled":"default","ast-page-background-meta":{"desktop":{"background-color":"var(--ast-global-color-5)","background-image":"","background-repeat":"repeat","background-position":"center center","background-size":"auto","background-attachment":"scroll","background-type":"","background-media":"","overlay-type":"","overlay-color":"","overlay-opacity":"","overlay-gradient":""},"tablet":{"background-color":"","background-image":"","background-repeat":"repeat","background-position":"center center","background-size":"auto","background-attachment":"scroll","background-type":"","background-media":"","overlay-type":"","overlay-color":"","overlay-opacity":"","overlay-gradient":""},"mobile":{"background-color":"","background-image":"","background-repeat":"repeat","background-position":"center center","background-size":"auto","background-attachment":"scroll","background-type":"","background-media":"","overlay-type":"","overlay-color":"","overlay-opacity":"","overlay-gradient":""}},"ast-content-background-meta":{"desktop":{"background-color":"var(--ast-global-color-4)","background-image":"","background-repeat":"repeat","background-position":"center center","background-size":"auto","background-attachment":"scroll","background-type":"","background-media":"","overlay-type":"","overlay-color":"","overlay-opacity":"","overlay-gradient":""},"tablet":{"background-color":"var(--ast-global-color-4)","background-image":"","background-repeat":"repeat","background-position":"center center","background-size":"auto","background-attachment":"scroll","background-type":"","background-media":"","overlay-type":"","overlay-color":"","overlay-opacity":"","overlay-gradient":""},"mobile":{"background-color":"var(--ast-global-color-4)","background-image":"","background-repeat":"repeat","background-position":"center center","background-size":"auto","background-attachment":"scroll","background-type":"","background-media":"","overlay-type":"","overlay-color":"","overlay-opacity":"","overlay-gradient":""}}},"product_brand":[],"product_cat":[10322,10325,10331],"product_tag":[10374,10380,10379,10381,10411],"class_list":{"0":"post-73934","1":"product","2":"type-product","3":"status-publish","4":"has-post-thumbnail","6":"product_cat-maquettes-de-bateau","7":"product_cat-bateaux-de-la-coupe-de-lamerica","8":"product_cat-modeles-de-bureaux","9":"product_tag-abordage","10":"product_tag-americascup","11":"product_tag-boutique","12":"product_tag-modele-de-bureau","13":"product_tag-softbank-team-japan-catamaran-ac-50-2017-desk-model","14":"desktop-align-center","15":"tablet-align-left","16":"mobile-align-left","17":"ast-product-gallery-layout-horizontal-slider","18":"ast-magnify-disabled","19":"ast-product-tabs-layout-accordion","20":"ast-qv-on-image","22":"first","23":"instock","24":"shipping-taxable","25":"purchasable","26":"product-type-simple"},"_links":{"self":[{"href":"https:\/\/abordage.com\/fr\/wp-json\/wp\/v2\/product\/73934","targetHints":{"allow":["GET"]}}],"collection":[{"href":"https:\/\/abordage.com\/fr\/wp-json\/wp\/v2\/product"}],"about":[{"href":"https:\/\/abordage.com\/fr\/wp-json\/wp\/v2\/types\/product"}],"replies":[{"embeddable":true,"href":"https:\/\/abordage.com\/fr\/wp-json\/wp\/v2\/comments?post=73934"}],"version-history":[{"count":0,"href":"https:\/\/abordage.com\/fr\/wp-json\/wp\/v2\/product\/73934\/revisions"}],"wp:featuredmedia":[{"embeddable":true,"href":"https:\/\/abordage.com\/fr\/wp-json\/wp\/v2\/media\/15131"}],"wp:attachment":[{"href":"https:\/\/abordage.com\/fr\/wp-json\/wp\/v2\/media?parent=73934"}],"wp:term":[{"taxonomy":"product_brand","embeddable":true,"href":"https:\/\/abordage.com\/fr\/wp-json\/wp\/v2\/product_brand?post=73934"},{"taxonomy":"product_cat","embeddable":true,"href":"https:\/\/abordage.com\/fr\/wp-json\/wp\/v2\/product_cat?post=73934"},{"taxonomy":"product_tag","embeddable":true,"href":"https:\/\/abordage.com\/fr\/wp-json\/wp\/v2\/product_tag?post=73934"}],"curies":[{"name":"wp","href":"https:\/\/api.w.org\/{rel}","templated":true}]}}