{"id":74020,"date":"2017-01-17T00:05:53","date_gmt":"2017-01-17T00:05:53","guid":{"rendered":"https:\/\/abordage.com\/shop\/non class\u00e9\/oracle-team-usa-17-catamaran-ac-50-2017\/"},"modified":"2026-02-01T16:31:48","modified_gmt":"2026-02-01T20:31:48","slug":"oracle-team-usa-17-catamaran-ac-50-2017","status":"publish","type":"product","link":"https:\/\/abordage.com\/fr\/shop\/boutique\/maquettes-de-bateau\/bateaux-de-la-coupe-de-lamerica\/oracle-team-usa-17-catamaran-ac-50-2017\/","title":{"rendered":"ORACLE TEAM USA 17 &#8211; Catamaran AC 50 &#8211; 2017"},"content":{"rendered":"<p>Abordage est fier d&rsquo;\u00eatre le fournisseur privil\u00e9gi\u00e9 d&rsquo;ORACLE TEAM USA et souhaite partager avec vous sa maquette ultime : ORACLE TEAM USA &rsquo;17&rsquo;, Defender de la 35e America&rsquo;s Cup &#8211; Bermudes 2017.<\/p>\n<p>\u00c9chelle 1\/64<\/p>\n<p>9.25&Prime; L x 5.25&Prime; L x 16&Prime; H ( ou 23.5 cm L X 13.4 cm L X 41 cm H )<\/p>\n<p>Cette maquette de bureau haut de gamme du Catamaran AC 50 en r\u00e9sine, pi\u00e8ces photod\u00e9coup\u00e9es, base acrylique, tissus North Sails est livr\u00e9e avec un support et un couvercle en plexiglas 11,75 \u00a0\u00bb L x 8&Prime; L x 18 H (ou 30 cm L x 20 cm L x 46 cm H).<\/p>\n","protected":false},"excerpt":{"rendered":"<h4>D\u00e9couvrez le <strong>mod\u00e8le de bureau ORACLE TEAM USA &rsquo;17&rsquo;<\/strong>et sa vitrine.<\/h4>\n<p>  Abordage est fier d&rsquo;\u00eatre le fournisseur privil\u00e9gi\u00e9 d&rsquo;ORACLE TEAM USA et souhaite partager avec vous sa maquette ultime : ORACLE TEAM USA &rsquo;17&rsquo;, Defender de la 35e America&rsquo;s Cup &#8211; Bermudes 2017.<\/p>\n<p>\u00c9chelle 1\/64<\/p>\n<p>9.25&Prime; L x 5.25&Prime; L x 16&Prime; H ( ou 23.5 cm L X 13.4 cm L X 41 cm H )<\/p>\n","protected":false},"featured_media":14947,"comment_status":"open","ping_status":"closed","template":"","meta":{"site-sidebar-layout":"default","site-content-layout":"","ast-site-content-layout":"default","site-content-style":"default","site-sidebar-style":"default","ast-global-header-display":"","ast-banner-title-visibility":"","ast-main-header-display":"","ast-hfb-above-header-display":"","ast-hfb-below-header-display":"","ast-hfb-mobile-header-display":"","site-post-title":"","ast-breadcrumbs-content":"","ast-featured-img":"","footer-sml-layout":"","theme-transparent-header-meta":"","adv-header-id-meta":"","stick-header-meta":"","header-above-stick-meta":"","header-main-stick-meta":"","header-below-stick-meta":"","astra-migrate-meta-layouts":"default","ast-page-background-enabled":"default","ast-page-background-meta":{"desktop":{"background-color":"var(--ast-global-color-5)","background-image":"","background-repeat":"repeat","background-position":"center center","background-size":"auto","background-attachment":"scroll","background-type":"","background-media":"","overlay-type":"","overlay-color":"","overlay-opacity":"","overlay-gradient":""},"tablet":{"background-color":"","background-image":"","background-repeat":"repeat","background-position":"center center","background-size":"auto","background-attachment":"scroll","background-type":"","background-media":"","overlay-type":"","overlay-color":"","overlay-opacity":"","overlay-gradient":""},"mobile":{"background-color":"","background-image":"","background-repeat":"repeat","background-position":"center center","background-size":"auto","background-attachment":"scroll","background-type":"","background-media":"","overlay-type":"","overlay-color":"","overlay-opacity":"","overlay-gradient":""}},"ast-content-background-meta":{"desktop":{"background-color":"var(--ast-global-color-4)","background-image":"","background-repeat":"repeat","background-position":"center center","background-size":"auto","background-attachment":"scroll","background-type":"","background-media":"","overlay-type":"","overlay-color":"","overlay-opacity":"","overlay-gradient":""},"tablet":{"background-color":"var(--ast-global-color-4)","background-image":"","background-repeat":"repeat","background-position":"center center","background-size":"auto","background-attachment":"scroll","background-type":"","background-media":"","overlay-type":"","overlay-color":"","overlay-opacity":"","overlay-gradient":""},"mobile":{"background-color":"var(--ast-global-color-4)","background-image":"","background-repeat":"repeat","background-position":"center center","background-size":"auto","background-attachment":"scroll","background-type":"","background-media":"","overlay-type":"","overlay-color":"","overlay-opacity":"","overlay-gradient":""}}},"product_brand":[],"product_cat":[10325,10331],"product_tag":[10374,10380,10379,10381,10417],"class_list":{"0":"post-74020","1":"product","2":"type-product","3":"status-publish","4":"has-post-thumbnail","6":"product_cat-bateaux-de-la-coupe-de-lamerica","7":"product_cat-modeles-de-bureaux","8":"product_tag-abordage","9":"product_tag-americascup","10":"product_tag-boutique","11":"product_tag-modele-de-bureau","12":"product_tag-oracle-team-usa-17-catamaran-ac-50-2017","13":"desktop-align-center","14":"tablet-align-left","15":"mobile-align-left","16":"ast-product-gallery-layout-horizontal-slider","17":"ast-magnify-disabled","18":"ast-product-tabs-layout-accordion","19":"ast-qv-on-image","21":"first","22":"instock","23":"shipping-taxable","24":"purchasable","25":"product-type-simple"},"_links":{"self":[{"href":"https:\/\/abordage.com\/fr\/wp-json\/wp\/v2\/product\/74020","targetHints":{"allow":["GET"]}}],"collection":[{"href":"https:\/\/abordage.com\/fr\/wp-json\/wp\/v2\/product"}],"about":[{"href":"https:\/\/abordage.com\/fr\/wp-json\/wp\/v2\/types\/product"}],"replies":[{"embeddable":true,"href":"https:\/\/abordage.com\/fr\/wp-json\/wp\/v2\/comments?post=74020"}],"version-history":[{"count":0,"href":"https:\/\/abordage.com\/fr\/wp-json\/wp\/v2\/product\/74020\/revisions"}],"wp:featuredmedia":[{"embeddable":true,"href":"https:\/\/abordage.com\/fr\/wp-json\/wp\/v2\/media\/14947"}],"wp:attachment":[{"href":"https:\/\/abordage.com\/fr\/wp-json\/wp\/v2\/media?parent=74020"}],"wp:term":[{"taxonomy":"product_brand","embeddable":true,"href":"https:\/\/abordage.com\/fr\/wp-json\/wp\/v2\/product_brand?post=74020"},{"taxonomy":"product_cat","embeddable":true,"href":"https:\/\/abordage.com\/fr\/wp-json\/wp\/v2\/product_cat?post=74020"},{"taxonomy":"product_tag","embeddable":true,"href":"https:\/\/abordage.com\/fr\/wp-json\/wp\/v2\/product_tag?post=74020"}],"curies":[{"name":"wp","href":"https:\/\/api.w.org\/{rel}","templated":true}]}}