{"id":74038,"date":"2014-04-03T13:40:19","date_gmt":"2014-04-03T13:40:19","guid":{"rendered":"https:\/\/abordage.com\/shop\/non class\u00e9\/emirates-team-new-zealand-ac-72-2013\/"},"modified":"2026-02-01T16:31:55","modified_gmt":"2026-02-01T20:31:55","slug":"emirates-team-new-zealand-ac-72-2013","status":"publish","type":"product","link":"https:\/\/abordage.com\/fr\/shop\/boutique\/maquettes-de-bateau\/bateaux-de-la-coupe-de-lamerica\/emirates-team-new-zealand-ac-72-2013\/","title":{"rendered":"Emirates Team New Zealand &#8211; AC 72 &#8211; 2013"},"content":{"rendered":"<p>Pour les amoureux de l&rsquo;America&rsquo;s Cup et apr\u00e8s le mod\u00e8le de bureau Oracle Team USA &rsquo;17&rsquo;, c&rsquo;est <strong>le<\/strong><strong>produit<\/strong> <strong>incontournable.<\/strong><\/p>\n<p>Maquettiste officiel de Team New Zealand Ltd, nous sommes fiers de mettre en vente cette fantastique r\u00e9plique.<\/p>\n<p>\u00c9chelle 1\/100<\/p>\n<\/p>\n<p>Taille : 9,75&Prime; L x 5,5&Prime; L x 16&Prime; H (ou 25 cm L x 14 cm L x 41 cm H)<\/p>\n<p>Veuillez noter qu&rsquo;une vitrine (couvercle en plexiglas) est incluse.<\/p>\n<p>Cette maquette de bureau haut de gamme du Catamaran AC 72 en r\u00e9sine, pi\u00e8ces photod\u00e9coup\u00e9es, base acrylique, tissus North Sails est livr\u00e9e avec un support et un couvercle en plexiglas 11,75 \u00a0\u00bb L x 8&Prime; L x 18 H (ou 30 cm L x 20 cm L x 46 cm H).<\/p>\n","protected":false},"excerpt":{"rendered":"<h4>D\u00e9couvrez notre nouveau tr\u00e9sor, le mod\u00e8le de bureau Emirates Team New Zealand, challenger de la 34e Coupe de l&rsquo;America.<\/h4>\n","protected":false},"featured_media":13409,"comment_status":"open","ping_status":"closed","template":"","meta":{"site-sidebar-layout":"default","site-content-layout":"","ast-site-content-layout":"default","site-content-style":"default","site-sidebar-style":"default","ast-global-header-display":"","ast-banner-title-visibility":"","ast-main-header-display":"","ast-hfb-above-header-display":"","ast-hfb-below-header-display":"","ast-hfb-mobile-header-display":"","site-post-title":"","ast-breadcrumbs-content":"","ast-featured-img":"","footer-sml-layout":"","theme-transparent-header-meta":"","adv-header-id-meta":"","stick-header-meta":"","header-above-stick-meta":"","header-main-stick-meta":"","header-below-stick-meta":"","astra-migrate-meta-layouts":"default","ast-page-background-enabled":"default","ast-page-background-meta":{"desktop":{"background-color":"var(--ast-global-color-5)","background-image":"","background-repeat":"repeat","background-position":"center center","background-size":"auto","background-attachment":"scroll","background-type":"","background-media":"","overlay-type":"","overlay-color":"","overlay-opacity":"","overlay-gradient":""},"tablet":{"background-color":"","background-image":"","background-repeat":"repeat","background-position":"center center","background-size":"auto","background-attachment":"scroll","background-type":"","background-media":"","overlay-type":"","overlay-color":"","overlay-opacity":"","overlay-gradient":""},"mobile":{"background-color":"","background-image":"","background-repeat":"repeat","background-position":"center center","background-size":"auto","background-attachment":"scroll","background-type":"","background-media":"","overlay-type":"","overlay-color":"","overlay-opacity":"","overlay-gradient":""}},"ast-content-background-meta":{"desktop":{"background-color":"var(--ast-global-color-4)","background-image":"","background-repeat":"repeat","background-position":"center center","background-size":"auto","background-attachment":"scroll","background-type":"","background-media":"","overlay-type":"","overlay-color":"","overlay-opacity":"","overlay-gradient":""},"tablet":{"background-color":"var(--ast-global-color-4)","background-image":"","background-repeat":"repeat","background-position":"center center","background-size":"auto","background-attachment":"scroll","background-type":"","background-media":"","overlay-type":"","overlay-color":"","overlay-opacity":"","overlay-gradient":""},"mobile":{"background-color":"var(--ast-global-color-4)","background-image":"","background-repeat":"repeat","background-position":"center center","background-size":"auto","background-attachment":"scroll","background-type":"","background-media":"","overlay-type":"","overlay-color":"","overlay-opacity":"","overlay-gradient":""}}},"product_brand":[],"product_cat":[10325,10331],"product_tag":[10374,10380,10379,10420,10381],"class_list":{"0":"post-74038","1":"product","2":"type-product","3":"status-publish","4":"has-post-thumbnail","6":"product_cat-bateaux-de-la-coupe-de-lamerica","7":"product_cat-modeles-de-bureaux","8":"product_tag-abordage","9":"product_tag-americascup","10":"product_tag-boutique","11":"product_tag-emirates-team-new-zealand-ac-72-2013","12":"product_tag-modele-de-bureau","13":"desktop-align-center","14":"tablet-align-left","15":"mobile-align-left","16":"ast-product-gallery-layout-horizontal-slider","17":"ast-magnify-disabled","18":"ast-product-tabs-layout-accordion","19":"ast-qv-on-image","21":"first","22":"instock","23":"shipping-taxable","24":"purchasable","25":"product-type-simple"},"_links":{"self":[{"href":"https:\/\/abordage.com\/fr\/wp-json\/wp\/v2\/product\/74038","targetHints":{"allow":["GET"]}}],"collection":[{"href":"https:\/\/abordage.com\/fr\/wp-json\/wp\/v2\/product"}],"about":[{"href":"https:\/\/abordage.com\/fr\/wp-json\/wp\/v2\/types\/product"}],"replies":[{"embeddable":true,"href":"https:\/\/abordage.com\/fr\/wp-json\/wp\/v2\/comments?post=74038"}],"version-history":[{"count":0,"href":"https:\/\/abordage.com\/fr\/wp-json\/wp\/v2\/product\/74038\/revisions"}],"wp:featuredmedia":[{"embeddable":true,"href":"https:\/\/abordage.com\/fr\/wp-json\/wp\/v2\/media\/13409"}],"wp:attachment":[{"href":"https:\/\/abordage.com\/fr\/wp-json\/wp\/v2\/media?parent=74038"}],"wp:term":[{"taxonomy":"product_brand","embeddable":true,"href":"https:\/\/abordage.com\/fr\/wp-json\/wp\/v2\/product_brand?post=74038"},{"taxonomy":"product_cat","embeddable":true,"href":"https:\/\/abordage.com\/fr\/wp-json\/wp\/v2\/product_cat?post=74038"},{"taxonomy":"product_tag","embeddable":true,"href":"https:\/\/abordage.com\/fr\/wp-json\/wp\/v2\/product_tag?post=74038"}],"curies":[{"name":"wp","href":"https:\/\/api.w.org\/{rel}","templated":true}]}}