{"id":74056,"date":"2014-03-20T16:17:42","date_gmt":"2014-03-20T16:17:42","guid":{"rendered":"https:\/\/abordage.com\/shop\/non%20class\u00e9\/australie-ii-1983\/"},"modified":"2026-02-01T16:32:08","modified_gmt":"2026-02-01T20:32:08","slug":"australie-ii-1983","status":"publish","type":"product","link":"https:\/\/abordage.com\/fr\/shop\/boutique\/maquettes-de-bateau\/bateaux-de-la-coupe-de-lamerica\/australie-ii-1983\/","title":{"rendered":"Australie II 1983"},"content":{"rendered":"<p>Australia II (KA 6) est un voilier de<strong>course australien de 12 m\u00e8tres<\/strong> lanc\u00e9 en <strong>1982<\/strong> et qui a remport\u00e9 la <strong>Coupe de<\/strong> l&rsquo;<strong>America<\/strong> en <strong>1983<\/strong> pour le <strong>Royal Perth Yacht Club<\/strong>.<\/p>\n<p>Skipp\u00e9 par John Bertrand, il est le<strong> premier challenger victorieux de la Coupe<\/strong>, mettant fin \u00e0 <strong>132 ans de pr\u00e9sence (avec 26 d\u00e9fenses r\u00e9ussies) du New York Yacht Club.<\/strong><\/p>\n<p>Dessin\u00e9 par <strong>Ben Lexcen<\/strong>, construit par <strong>Steve Ward,<\/strong> propri\u00e9t\u00e9 d&rsquo;<strong>Alan Bond<\/strong> et barr\u00e9 par<strong> John Bertrand.<\/strong> L&rsquo;Australia II de Lexcen se caract\u00e9rise par une longueur de flottaison r\u00e9duite et une quille \u00e0 ailettes \u00e0 corde courte, ce qui conf\u00e8re au bateau un avantage significatif en termes de man\u0153uvrabilit\u00e9 et de moment d&rsquo;inclinaison (faible coefficient de centrage du lest), mais constitue un inconv\u00e9nient important dans les mers agit\u00e9es. La quille \u00e0 ailettes \u00e9tait une avanc\u00e9e majeure dans la conception du bateau, et sa l\u00e9galit\u00e9 a \u00e9t\u00e9 remise en question par le New York Yacht Club. <\/p>\n<p>Au cours de l&rsquo;\u00e9t\u00e9 1983, alors que des \u00e9preuves de s\u00e9lection ont lieu pour la d\u00e9fense de la Coupe \u00e0 l&rsquo;automne, le New York Yacht Club conteste la l\u00e9galit\u00e9 de la conception de la quille. La controverse est tranch\u00e9e en faveur d&rsquo;Australia II. Australia II pr\u00e9sente un certain nombre d&rsquo;autres caract\u00e9ristiques innovantes qui contribuent \u00e0 son succ\u00e8s, notamment des voiles verticales radicales, un gr\u00e9ement courant enti\u00e8rement en kevlar et une b\u00f4me l\u00e9g\u00e8re en fibre de carbone.  <\/p>\n<p>Tir\u00e9 de Wikip\u00e9dia<\/p>\n","protected":false},"excerpt":{"rendered":"<p>Achetez ce mod\u00e8le de l&rsquo;Australia II qui a remport\u00e9 l&rsquo;<strong>America&rsquo;s Cup en 1983.<\/strong><\/p>\n","protected":false},"featured_media":13402,"comment_status":"open","ping_status":"closed","template":"","meta":{"site-sidebar-layout":"default","site-content-layout":"","ast-site-content-layout":"default","site-content-style":"default","site-sidebar-style":"default","ast-global-header-display":"","ast-banner-title-visibility":"","ast-main-header-display":"","ast-hfb-above-header-display":"","ast-hfb-below-header-display":"","ast-hfb-mobile-header-display":"","site-post-title":"","ast-breadcrumbs-content":"","ast-featured-img":"","footer-sml-layout":"","theme-transparent-header-meta":"","adv-header-id-meta":"","stick-header-meta":"","header-above-stick-meta":"","header-main-stick-meta":"","header-below-stick-meta":"","astra-migrate-meta-layouts":"default","ast-page-background-enabled":"default","ast-page-background-meta":{"desktop":{"background-color":"var(--ast-global-color-5)","background-image":"","background-repeat":"repeat","background-position":"center center","background-size":"auto","background-attachment":"scroll","background-type":"","background-media":"","overlay-type":"","overlay-color":"","overlay-opacity":"","overlay-gradient":""},"tablet":{"background-color":"","background-image":"","background-repeat":"repeat","background-position":"center center","background-size":"auto","background-attachment":"scroll","background-type":"","background-media":"","overlay-type":"","overlay-color":"","overlay-opacity":"","overlay-gradient":""},"mobile":{"background-color":"","background-image":"","background-repeat":"repeat","background-position":"center center","background-size":"auto","background-attachment":"scroll","background-type":"","background-media":"","overlay-type":"","overlay-color":"","overlay-opacity":"","overlay-gradient":""}},"ast-content-background-meta":{"desktop":{"background-color":"var(--ast-global-color-4)","background-image":"","background-repeat":"repeat","background-position":"center center","background-size":"auto","background-attachment":"scroll","background-type":"","background-media":"","overlay-type":"","overlay-color":"","overlay-opacity":"","overlay-gradient":""},"tablet":{"background-color":"var(--ast-global-color-4)","background-image":"","background-repeat":"repeat","background-position":"center center","background-size":"auto","background-attachment":"scroll","background-type":"","background-media":"","overlay-type":"","overlay-color":"","overlay-opacity":"","overlay-gradient":""},"mobile":{"background-color":"var(--ast-global-color-4)","background-image":"","background-repeat":"repeat","background-position":"center center","background-size":"auto","background-attachment":"scroll","background-type":"","background-media":"","overlay-type":"","overlay-color":"","overlay-opacity":"","overlay-gradient":""}}},"product_brand":[],"product_cat":[10325],"product_tag":[10374,10380,10427,10379,10424,10425,10426],"class_list":{"0":"post-74056","1":"product","2":"type-product","3":"status-publish","4":"has-post-thumbnail","6":"product_cat-bateaux-de-la-coupe-de-lamerica","7":"product_tag-abordage","8":"product_tag-americascup","9":"product_tag-australie-ii-1983","10":"product_tag-boutique","11":"product_tag-coupe-damerique","12":"product_tag-coupe-des-ameriques","13":"product_tag-replique","14":"desktop-align-center","15":"tablet-align-left","16":"mobile-align-left","17":"ast-product-gallery-layout-horizontal-slider","18":"ast-magnify-disabled","19":"ast-product-tabs-layout-accordion","20":"ast-qv-on-image","22":"first","23":"instock","24":"shipping-taxable","25":"purchasable","26":"product-type-simple"},"_links":{"self":[{"href":"https:\/\/abordage.com\/fr\/wp-json\/wp\/v2\/product\/74056","targetHints":{"allow":["GET"]}}],"collection":[{"href":"https:\/\/abordage.com\/fr\/wp-json\/wp\/v2\/product"}],"about":[{"href":"https:\/\/abordage.com\/fr\/wp-json\/wp\/v2\/types\/product"}],"replies":[{"embeddable":true,"href":"https:\/\/abordage.com\/fr\/wp-json\/wp\/v2\/comments?post=74056"}],"version-history":[{"count":0,"href":"https:\/\/abordage.com\/fr\/wp-json\/wp\/v2\/product\/74056\/revisions"}],"wp:featuredmedia":[{"embeddable":true,"href":"https:\/\/abordage.com\/fr\/wp-json\/wp\/v2\/media\/13402"}],"wp:attachment":[{"href":"https:\/\/abordage.com\/fr\/wp-json\/wp\/v2\/media?parent=74056"}],"wp:term":[{"taxonomy":"product_brand","embeddable":true,"href":"https:\/\/abordage.com\/fr\/wp-json\/wp\/v2\/product_brand?post=74056"},{"taxonomy":"product_cat","embeddable":true,"href":"https:\/\/abordage.com\/fr\/wp-json\/wp\/v2\/product_cat?post=74056"},{"taxonomy":"product_tag","embeddable":true,"href":"https:\/\/abordage.com\/fr\/wp-json\/wp\/v2\/product_tag?post=74056"}],"curies":[{"name":"wp","href":"https:\/\/api.w.org\/{rel}","templated":true}]}}