{"id":74071,"date":"2014-03-20T15:46:50","date_gmt":"2014-03-20T15:46:50","guid":{"rendered":"https:\/\/abordage.com\/shop\/non%20class\u00e9\/intrepid-1967\/"},"modified":"2026-02-01T16:32:22","modified_gmt":"2026-02-01T20:32:22","slug":"intrepid-1967","status":"publish","type":"product","link":"https:\/\/abordage.com\/fr\/shop\/boutique\/maquettes-de-bateau\/bateaux-de-la-coupe-de-lamerica\/intrepid-1967\/","title":{"rendered":"Intrepid 1967"},"content":{"rendered":"<p>L&rsquo;Intrepid est un <strong>yacht de 12 m\u00e8tres qui a remport\u00e9 la Coupe de l&rsquo;America en 1967 et en 1970.<\/strong><\/p>\n<p>Intrepid a \u00e9t\u00e9 con\u00e7u par Olin Stephens et a \u00e9t\u00e9 construit en<strong>acajou \u00e0 deux planches sur<\/strong> des <strong>membrures en ch\u00eane blanc<\/strong>. Il pr\u00e9sentait d&rsquo;importantes innovations \u00e0 la fois au-dessus et au-dessous de la ligne de flottaison. <\/p>\n<p>Le gouvernail est s\u00e9par\u00e9 de la quille et un compensateur est ajout\u00e9. Ce nouveau type g\u00e9n\u00e9ral de soubassement, avec des am\u00e9liorations relativement mineures, a \u00e9t\u00e9 utilis\u00e9 sur tous les bateaux de la Cup suivants jusqu&rsquo;\u00e0 la quille ail\u00e9e de l&rsquo;Australia II de 12 m\u00e8tres de long en 1983. <\/p>\n<p>En 1967, l&rsquo;Intrepid est skipp\u00e9 par Emil \u00ab\u00a0Bus\u00a0\u00bb Mosbacher et bat le challenger australien Dame Pattie. Redessin\u00e9 en 1970 par Britton Chance, Jr. et skipp\u00e9 par Bill Ficker cette ann\u00e9e-l\u00e0, il a battu un autre challenger australien, Gretel II. <\/p>\n<p>Tir\u00e9 de wikipedia<\/p>\n","protected":false},"excerpt":{"rendered":"<h4>Tr\u00e8s bien r\u00e9alis\u00e9e, cette maquette en bois dur tropical de l&rsquo;Intrepid a remport\u00e9 la Coupe de l&rsquo;America en 1967 et \u00e0 nouveau en 1970.<\/h4>\n","protected":false},"featured_media":13396,"comment_status":"open","ping_status":"closed","template":"","meta":{"site-sidebar-layout":"default","site-content-layout":"","ast-site-content-layout":"default","site-content-style":"default","site-sidebar-style":"default","ast-global-header-display":"","ast-banner-title-visibility":"","ast-main-header-display":"","ast-hfb-above-header-display":"","ast-hfb-below-header-display":"","ast-hfb-mobile-header-display":"","site-post-title":"","ast-breadcrumbs-content":"","ast-featured-img":"","footer-sml-layout":"","theme-transparent-header-meta":"","adv-header-id-meta":"","stick-header-meta":"","header-above-stick-meta":"","header-main-stick-meta":"","header-below-stick-meta":"","astra-migrate-meta-layouts":"default","ast-page-background-enabled":"default","ast-page-background-meta":{"desktop":{"background-color":"var(--ast-global-color-5)","background-image":"","background-repeat":"repeat","background-position":"center center","background-size":"auto","background-attachment":"scroll","background-type":"","background-media":"","overlay-type":"","overlay-color":"","overlay-opacity":"","overlay-gradient":""},"tablet":{"background-color":"","background-image":"","background-repeat":"repeat","background-position":"center center","background-size":"auto","background-attachment":"scroll","background-type":"","background-media":"","overlay-type":"","overlay-color":"","overlay-opacity":"","overlay-gradient":""},"mobile":{"background-color":"","background-image":"","background-repeat":"repeat","background-position":"center center","background-size":"auto","background-attachment":"scroll","background-type":"","background-media":"","overlay-type":"","overlay-color":"","overlay-opacity":"","overlay-gradient":""}},"ast-content-background-meta":{"desktop":{"background-color":"var(--ast-global-color-4)","background-image":"","background-repeat":"repeat","background-position":"center center","background-size":"auto","background-attachment":"scroll","background-type":"","background-media":"","overlay-type":"","overlay-color":"","overlay-opacity":"","overlay-gradient":""},"tablet":{"background-color":"var(--ast-global-color-4)","background-image":"","background-repeat":"repeat","background-position":"center center","background-size":"auto","background-attachment":"scroll","background-type":"","background-media":"","overlay-type":"","overlay-color":"","overlay-opacity":"","overlay-gradient":""},"mobile":{"background-color":"var(--ast-global-color-4)","background-image":"","background-repeat":"repeat","background-position":"center center","background-size":"auto","background-attachment":"scroll","background-type":"","background-media":"","overlay-type":"","overlay-color":"","overlay-opacity":"","overlay-gradient":""}}},"product_brand":[10177],"product_cat":[10325],"product_tag":[10374,10380,10379,10424,10425,10432,10426],"class_list":{"0":"post-74071","1":"product","2":"type-product","3":"status-publish","4":"has-post-thumbnail","6":"product_brand-intrepid-powerboats","7":"product_cat-bateaux-de-la-coupe-de-lamerica","8":"product_tag-abordage","9":"product_tag-americascup","10":"product_tag-boutique","11":"product_tag-coupe-damerique","12":"product_tag-coupe-des-ameriques","13":"product_tag-intrepide-1967","14":"product_tag-replique","15":"desktop-align-center","16":"tablet-align-left","17":"mobile-align-left","18":"ast-product-gallery-layout-horizontal-slider","19":"ast-magnify-disabled","20":"ast-product-tabs-layout-accordion","21":"ast-qv-on-image","23":"first","24":"instock","25":"shipping-taxable","26":"purchasable","27":"product-type-simple"},"_links":{"self":[{"href":"https:\/\/abordage.com\/fr\/wp-json\/wp\/v2\/product\/74071","targetHints":{"allow":["GET"]}}],"collection":[{"href":"https:\/\/abordage.com\/fr\/wp-json\/wp\/v2\/product"}],"about":[{"href":"https:\/\/abordage.com\/fr\/wp-json\/wp\/v2\/types\/product"}],"replies":[{"embeddable":true,"href":"https:\/\/abordage.com\/fr\/wp-json\/wp\/v2\/comments?post=74071"}],"version-history":[{"count":0,"href":"https:\/\/abordage.com\/fr\/wp-json\/wp\/v2\/product\/74071\/revisions"}],"wp:featuredmedia":[{"embeddable":true,"href":"https:\/\/abordage.com\/fr\/wp-json\/wp\/v2\/media\/13396"}],"wp:attachment":[{"href":"https:\/\/abordage.com\/fr\/wp-json\/wp\/v2\/media?parent=74071"}],"wp:term":[{"taxonomy":"product_brand","embeddable":true,"href":"https:\/\/abordage.com\/fr\/wp-json\/wp\/v2\/product_brand?post=74071"},{"taxonomy":"product_cat","embeddable":true,"href":"https:\/\/abordage.com\/fr\/wp-json\/wp\/v2\/product_cat?post=74071"},{"taxonomy":"product_tag","embeddable":true,"href":"https:\/\/abordage.com\/fr\/wp-json\/wp\/v2\/product_tag?post=74071"}],"curies":[{"name":"wp","href":"https:\/\/api.w.org\/{rel}","templated":true}]}}