{"id":74124,"date":"2014-02-19T16:49:41","date_gmt":"2014-02-19T16:49:41","guid":{"rendered":"https:\/\/abordage.com\/shop\/non class\u00e9\/colombie-1871\/"},"modified":"2026-02-01T16:32:27","modified_gmt":"2026-02-01T20:32:27","slug":"colombie-1871","status":"publish","type":"product","link":"https:\/\/abordage.com\/fr\/shop\/boutique\/maquettes-de-bateau\/bateaux-de-la-coupe-de-lamerica\/colombie-1871\/","title":{"rendered":"Colombie 1871"},"content":{"rendered":"<p>Le Columbia 1871 est une v\u00e9ritable \u0153uvre d&rsquo;art. Construction planche sur cloison, nous ne construisons qu&rsquo;un petit lot de production de 10 unit\u00e9s. Construction artisanale exclusive, il a \u00e9t\u00e9 construit \u00e0 partir des meilleures essences de bois et de mat\u00e9riaux innovants. Ce mod\u00e8le de Columbia combine l&rsquo;ex\u00e9cution soign\u00e9e de chaque d\u00e9tail avec la haute qualit\u00e9 des mat\u00e9riaux et de l&rsquo;artisanat. L&rsquo;accastillage est \u00e9tonnant et tr\u00e8s d\u00e9taill\u00e9. Le mod\u00e8le a des hauts blancs, une bande d&rsquo;anse dor\u00e9e et un fond en bois verni et teint\u00e9. Le mod\u00e8le est livr\u00e9 avec des voiles en coton et est pr\u00eat \u00e0 \u00eatre expos\u00e9.      <\/p>\n<p>Columbia a \u00e9t\u00e9 l&rsquo;un des deux yachts \u00e0 d\u00e9fendre avec succ\u00e8s la deuxi\u00e8me course de l&rsquo;America&rsquo;s Cup en 1871 contre le challenger anglais Livonia.<\/p>\n<p>Conception:Columbia \u00e9tait une go\u00e9lette \u00e0 d\u00e9rive en bois con\u00e7ue et construite en 1871 par Joseph B. Van Deusen \u00e0 Chester, PA, pour le propri\u00e9taire Franklin Osgood du New York Yacht Club.<\/p>\n<p>Carri\u00e8re : Skipp\u00e9 par Andrew J. Comstock, Columbia remporte les deux premi\u00e8res courses de 1871 au meilleur des sept contre Livonia. Il est battu par Livonia dans la troisi\u00e8me course, dans laquelle Columbia, endommag\u00e9 lors de la deuxi\u00e8me course, est skipp\u00e9 par Horatio Nelson \u00ab\u00a0Nelse\u00a0\u00bb Comstock. C&rsquo;est le premier defender de l&rsquo;America&rsquo;s Cup \u00e0 conc\u00e9der une victoire au challenger. Columbia \u00e9tant encore plus endommag\u00e9 dans cette troisi\u00e8me course, il ne peut participer aux courses finales. Le yacht Sappho le remplace et remporte l&rsquo;America&rsquo;s Cup pour la deuxi\u00e8me fois pour les \u00c9tats-Unis. Columbia met fin \u00e0 sa carri\u00e8re de r\u00e9gatier en 1908, lorsqu&rsquo;il est d\u00e9m\u00e2t\u00e9 et utilis\u00e9 comme houseboat dans le port de Brooklyn, sur l&rsquo;East River. Trois ans plus tard, il est reconstruit et navigue comme bateau de croisi\u00e8re \u00e0 partir de Newport News, en Virginie. En 1920, Columbia est rachet\u00e9 par un p\u00eacheur. Il est d\u00e9clar\u00e9 perdu en 1923.       <\/p>\n<p>Tir\u00e9 de Wikip\u00e9dia<\/p>\n","protected":false},"excerpt":{"rendered":"<p><strong>D\u00e9couvrez notre nouvelle maquette du navire Columbia 1871.  <\/strong><\/p>\n<p><strong>  Defender de la Coupe de l&rsquo;America, con\u00e7u par J.B. Deusen.<\/strong><\/p>\n","protected":false},"featured_media":13383,"comment_status":"open","ping_status":"closed","template":"","meta":{"site-sidebar-layout":"default","site-content-layout":"","ast-site-content-layout":"default","site-content-style":"default","site-sidebar-style":"default","ast-global-header-display":"","ast-banner-title-visibility":"","ast-main-header-display":"","ast-hfb-above-header-display":"","ast-hfb-below-header-display":"","ast-hfb-mobile-header-display":"","site-post-title":"","ast-breadcrumbs-content":"","ast-featured-img":"","footer-sml-layout":"","theme-transparent-header-meta":"","adv-header-id-meta":"","stick-header-meta":"","header-above-stick-meta":"","header-main-stick-meta":"","header-below-stick-meta":"","astra-migrate-meta-layouts":"default","ast-page-background-enabled":"default","ast-page-background-meta":{"desktop":{"background-color":"var(--ast-global-color-5)","background-image":"","background-repeat":"repeat","background-position":"center center","background-size":"auto","background-attachment":"scroll","background-type":"","background-media":"","overlay-type":"","overlay-color":"","overlay-opacity":"","overlay-gradient":""},"tablet":{"background-color":"","background-image":"","background-repeat":"repeat","background-position":"center center","background-size":"auto","background-attachment":"scroll","background-type":"","background-media":"","overlay-type":"","overlay-color":"","overlay-opacity":"","overlay-gradient":""},"mobile":{"background-color":"","background-image":"","background-repeat":"repeat","background-position":"center center","background-size":"auto","background-attachment":"scroll","background-type":"","background-media":"","overlay-type":"","overlay-color":"","overlay-opacity":"","overlay-gradient":""}},"ast-content-background-meta":{"desktop":{"background-color":"var(--ast-global-color-4)","background-image":"","background-repeat":"repeat","background-position":"center center","background-size":"auto","background-attachment":"scroll","background-type":"","background-media":"","overlay-type":"","overlay-color":"","overlay-opacity":"","overlay-gradient":""},"tablet":{"background-color":"var(--ast-global-color-4)","background-image":"","background-repeat":"repeat","background-position":"center center","background-size":"auto","background-attachment":"scroll","background-type":"","background-media":"","overlay-type":"","overlay-color":"","overlay-opacity":"","overlay-gradient":""},"mobile":{"background-color":"var(--ast-global-color-4)","background-image":"","background-repeat":"repeat","background-position":"center center","background-size":"auto","background-attachment":"scroll","background-type":"","background-media":"","overlay-type":"","overlay-color":"","overlay-opacity":"","overlay-gradient":""}}},"product_brand":[],"product_cat":[10325],"product_tag":[10374,10380,10379,10442,10424,10425,10426],"class_list":{"0":"post-74124","1":"product","2":"type-product","3":"status-publish","4":"has-post-thumbnail","6":"product_cat-bateaux-de-la-coupe-de-lamerica","7":"product_tag-abordage","8":"product_tag-americascup","9":"product_tag-boutique","10":"product_tag-colombie-1871","11":"product_tag-coupe-damerique","12":"product_tag-coupe-des-ameriques","13":"product_tag-replique","14":"desktop-align-center","15":"tablet-align-left","16":"mobile-align-left","17":"ast-product-gallery-layout-horizontal-slider","18":"ast-magnify-disabled","19":"ast-product-tabs-layout-accordion","20":"ast-qv-on-image","22":"first","23":"instock","24":"shipping-taxable","25":"purchasable","26":"product-type-simple"},"_links":{"self":[{"href":"https:\/\/abordage.com\/fr\/wp-json\/wp\/v2\/product\/74124","targetHints":{"allow":["GET"]}}],"collection":[{"href":"https:\/\/abordage.com\/fr\/wp-json\/wp\/v2\/product"}],"about":[{"href":"https:\/\/abordage.com\/fr\/wp-json\/wp\/v2\/types\/product"}],"replies":[{"embeddable":true,"href":"https:\/\/abordage.com\/fr\/wp-json\/wp\/v2\/comments?post=74124"}],"version-history":[{"count":0,"href":"https:\/\/abordage.com\/fr\/wp-json\/wp\/v2\/product\/74124\/revisions"}],"wp:featuredmedia":[{"embeddable":true,"href":"https:\/\/abordage.com\/fr\/wp-json\/wp\/v2\/media\/13383"}],"wp:attachment":[{"href":"https:\/\/abordage.com\/fr\/wp-json\/wp\/v2\/media?parent=74124"}],"wp:term":[{"taxonomy":"product_brand","embeddable":true,"href":"https:\/\/abordage.com\/fr\/wp-json\/wp\/v2\/product_brand?post=74124"},{"taxonomy":"product_cat","embeddable":true,"href":"https:\/\/abordage.com\/fr\/wp-json\/wp\/v2\/product_cat?post=74124"},{"taxonomy":"product_tag","embeddable":true,"href":"https:\/\/abordage.com\/fr\/wp-json\/wp\/v2\/product_tag?post=74124"}],"curies":[{"name":"wp","href":"https:\/\/api.w.org\/{rel}","templated":true}]}}