{"id":74137,"date":"2010-05-03T17:35:51","date_gmt":"2010-05-03T17:35:51","guid":{"rendered":"https:\/\/abordage.com\/shop\/non class\u00e9\/velsheda-1933\/"},"modified":"2026-02-01T16:32:33","modified_gmt":"2026-02-01T20:32:33","slug":"velsheda-1933","status":"publish","type":"product","link":"https:\/\/abordage.com\/fr\/shop\/boutique\/maquettes-de-bateau\/bateaux-de-la-coupe-de-lamerica\/velsheda-1933\/","title":{"rendered":"Velsheda 1933"},"content":{"rendered":"<p><span style=\"font-size: larger;\">Il s&rsquo;agit du deuxi\u00e8me projet de <strong>classe J de<\/strong> <strong>Nicholson<\/strong> et du deuxi\u00e8me grand yacht <strong>de Stephenson<\/strong>.<\/span><\/p>\n<p><span style=\"font-size: larger;\">  \u00ab\u00a0<strong>Velsheda<\/strong>\u00a0\u00bb a \u00e9t\u00e9 nomm\u00e9 d&rsquo;apr\u00e8s les trois filles de Stephenson, <strong>Velma<\/strong>, <strong>Sheila<\/strong>et <strong>Daphne<\/strong>. Elle a couru avec les plus grands noms du yachting classique, dont Britannia, Endeavour et Shamrock V entre 1933 et 1936.  <\/span><\/p>\n<p><span style=\"font-size: larger;\">Il a \u00e9t\u00e9 d\u00e9sarm\u00e9 en 1937 et a \u00e9t\u00e9 relanc\u00e9 apr\u00e8s une reconstruction compl\u00e8te en 1997-97.<\/span><\/p>\n<p><span style=\"font-size: larger;\">En 2010, elle appartient \u00e0 l&rsquo;homme d&rsquo;affaires n\u00e9erlandais <strong>Ronald de Waal<\/strong>, de la cha\u00eene de mode europ\u00e9enne WE (anciennement HIJ\/HEY\/ZIJ).  <\/span><\/p>\n<p><strong><span style=\"font-size: larger;\">Grand vainqueur<\/span><\/strong><span style=\"font-size: larger;\"> de l&rsquo;<strong>Antigua Classic Yacht Regatta 2009<\/strong>. <\/span> <\/p>\n<p><span style=\"font-size: larger;\">Extrait de Wikip\u00e9dia.<\/span><\/p>\n","protected":false},"excerpt":{"rendered":"<h4>Yacht de classe J Velsheda 1933. Con\u00e7u par Charles Ernest Nicholson et construit par Camper &amp; Nicholsons en 1933 pour M. W.L. Stephenson, directeur g\u00e9n\u00e9ral des magasins de d\u00e9tail Woolworth.<\/h4>\n","protected":false},"featured_media":12913,"comment_status":"open","ping_status":"closed","template":"","meta":{"site-sidebar-layout":"default","site-content-layout":"","ast-site-content-layout":"default","site-content-style":"default","site-sidebar-style":"default","ast-global-header-display":"","ast-banner-title-visibility":"","ast-main-header-display":"","ast-hfb-above-header-display":"","ast-hfb-below-header-display":"","ast-hfb-mobile-header-display":"","site-post-title":"","ast-breadcrumbs-content":"","ast-featured-img":"","footer-sml-layout":"","theme-transparent-header-meta":"","adv-header-id-meta":"","stick-header-meta":"","header-above-stick-meta":"","header-main-stick-meta":"","header-below-stick-meta":"","astra-migrate-meta-layouts":"default","ast-page-background-enabled":"default","ast-page-background-meta":{"desktop":{"background-color":"var(--ast-global-color-5)","background-image":"","background-repeat":"repeat","background-position":"center center","background-size":"auto","background-attachment":"scroll","background-type":"","background-media":"","overlay-type":"","overlay-color":"","overlay-opacity":"","overlay-gradient":""},"tablet":{"background-color":"","background-image":"","background-repeat":"repeat","background-position":"center center","background-size":"auto","background-attachment":"scroll","background-type":"","background-media":"","overlay-type":"","overlay-color":"","overlay-opacity":"","overlay-gradient":""},"mobile":{"background-color":"","background-image":"","background-repeat":"repeat","background-position":"center center","background-size":"auto","background-attachment":"scroll","background-type":"","background-media":"","overlay-type":"","overlay-color":"","overlay-opacity":"","overlay-gradient":""}},"ast-content-background-meta":{"desktop":{"background-color":"var(--ast-global-color-4)","background-image":"","background-repeat":"repeat","background-position":"center center","background-size":"auto","background-attachment":"scroll","background-type":"","background-media":"","overlay-type":"","overlay-color":"","overlay-opacity":"","overlay-gradient":""},"tablet":{"background-color":"var(--ast-global-color-4)","background-image":"","background-repeat":"repeat","background-position":"center center","background-size":"auto","background-attachment":"scroll","background-type":"","background-media":"","overlay-type":"","overlay-color":"","overlay-opacity":"","overlay-gradient":""},"mobile":{"background-color":"var(--ast-global-color-4)","background-image":"","background-repeat":"repeat","background-position":"center center","background-size":"auto","background-attachment":"scroll","background-type":"","background-media":"","overlay-type":"","overlay-color":"","overlay-opacity":"","overlay-gradient":""}}},"product_brand":[],"product_cat":[10325,10328],"product_tag":[10380,10379,10445,10444],"class_list":{"0":"post-74137","1":"product","2":"type-product","3":"status-publish","4":"has-post-thumbnail","6":"product_cat-bateaux-de-la-coupe-de-lamerica","7":"product_cat-yachts-classiques","8":"product_tag-americascup","9":"product_tag-boutique","10":"product_tag-velsheda-1933","11":"product_tag-yacht-classique","12":"desktop-align-center","13":"tablet-align-left","14":"mobile-align-left","15":"ast-product-gallery-layout-horizontal-slider","16":"ast-magnify-disabled","17":"ast-product-tabs-layout-accordion","18":"ast-qv-on-image","20":"first","21":"instock","22":"shipping-taxable","23":"purchasable","24":"product-type-simple"},"_links":{"self":[{"href":"https:\/\/abordage.com\/fr\/wp-json\/wp\/v2\/product\/74137","targetHints":{"allow":["GET"]}}],"collection":[{"href":"https:\/\/abordage.com\/fr\/wp-json\/wp\/v2\/product"}],"about":[{"href":"https:\/\/abordage.com\/fr\/wp-json\/wp\/v2\/types\/product"}],"replies":[{"embeddable":true,"href":"https:\/\/abordage.com\/fr\/wp-json\/wp\/v2\/comments?post=74137"}],"version-history":[{"count":0,"href":"https:\/\/abordage.com\/fr\/wp-json\/wp\/v2\/product\/74137\/revisions"}],"wp:featuredmedia":[{"embeddable":true,"href":"https:\/\/abordage.com\/fr\/wp-json\/wp\/v2\/media\/12913"}],"wp:attachment":[{"href":"https:\/\/abordage.com\/fr\/wp-json\/wp\/v2\/media?parent=74137"}],"wp:term":[{"taxonomy":"product_brand","embeddable":true,"href":"https:\/\/abordage.com\/fr\/wp-json\/wp\/v2\/product_brand?post=74137"},{"taxonomy":"product_cat","embeddable":true,"href":"https:\/\/abordage.com\/fr\/wp-json\/wp\/v2\/product_cat?post=74137"},{"taxonomy":"product_tag","embeddable":true,"href":"https:\/\/abordage.com\/fr\/wp-json\/wp\/v2\/product_tag?post=74137"}],"curies":[{"name":"wp","href":"https:\/\/api.w.org\/{rel}","templated":true}]}}