{"id":74182,"date":"2009-08-26T18:22:50","date_gmt":"2009-08-26T18:22:50","guid":{"rendered":"https:\/\/abordage.com\/shop\/non class\u00e9\/ranger-1937\/"},"modified":"2026-02-01T16:32:50","modified_gmt":"2026-02-01T20:32:50","slug":"ranger-1937","status":"publish","type":"product","link":"https:\/\/abordage.com\/fr\/shop\/boutique\/maquettes-de-bateau\/bateaux-de-la-coupe-de-lamerica\/ranger-1937\/","title":{"rendered":"Ranger 1937"},"content":{"rendered":"<p><strong>Le Ranger est une v\u00e9ritable \u0153uvre d&rsquo;art.<\/strong><\/p>\n<p>Construction artisanale exclusive, elle a \u00e9t\u00e9 r\u00e9alis\u00e9e \u00e0 partir des meilleures essences de bois et de mat\u00e9riaux innovants.<\/p>\n<p>Ce mod\u00e8le de Ranger allie l&rsquo;ex\u00e9cution soign\u00e9e de chaque d\u00e9tail \u00e0 la haute qualit\u00e9 des mat\u00e9riaux et de l&rsquo;artisanat. L&rsquo;accastillage est \u00e9tonnant et tr\u00e8s d\u00e9taill\u00e9.<\/p>\n<p>Le mod\u00e8le a des <strong>flancs<\/strong> <strong>blancs<\/strong>, une <strong>bande d&rsquo;<\/strong> <strong>anse<\/strong> <strong>dor\u00e9e<\/strong> et un <strong>fond<\/strong> <strong>rouge<\/strong> <strong>fonc\u00e9<\/strong>.<br \/>Peut \u00e9galement \u00eatre livr\u00e9 avec un <strong>fond verni sur demande.<br \/><\/strong>Le mod\u00e8le peut \u00eatre livr\u00e9 <strong>avec ou sans voiles en dacron et est pr\u00eat \u00e0 \u00eatre expos\u00e9.<\/strong> Il est mont\u00e9 avec des <strong>socles en laiton sur une base de pr\u00e9sentation en bois dur de haute qualit\u00e9 avec une garniture dor\u00e9e<\/strong>.<br \/>Le dessous doubl\u00e9 de feutre ne rayera pas vos meubles.<\/p>\n<p>Nous ne fabriquons que de petits lots de production de 10 unit\u00e9s.<\/p>\n","protected":false},"excerpt":{"rendered":"<h4>J Class Ranger 1937, Defender de la Coupe de l&rsquo;America. Con\u00e7u par William Starling Burgess.<\/h4>\n","protected":false},"featured_media":11751,"comment_status":"open","ping_status":"closed","template":"","meta":{"site-sidebar-layout":"default","site-content-layout":"","ast-site-content-layout":"default","site-content-style":"default","site-sidebar-style":"default","ast-global-header-display":"","ast-banner-title-visibility":"","ast-main-header-display":"","ast-hfb-above-header-display":"","ast-hfb-below-header-display":"","ast-hfb-mobile-header-display":"","site-post-title":"","ast-breadcrumbs-content":"","ast-featured-img":"","footer-sml-layout":"","theme-transparent-header-meta":"","adv-header-id-meta":"","stick-header-meta":"","header-above-stick-meta":"","header-main-stick-meta":"","header-below-stick-meta":"","astra-migrate-meta-layouts":"default","ast-page-background-enabled":"default","ast-page-background-meta":{"desktop":{"background-color":"var(--ast-global-color-5)","background-image":"","background-repeat":"repeat","background-position":"center center","background-size":"auto","background-attachment":"scroll","background-type":"","background-media":"","overlay-type":"","overlay-color":"","overlay-opacity":"","overlay-gradient":""},"tablet":{"background-color":"","background-image":"","background-repeat":"repeat","background-position":"center center","background-size":"auto","background-attachment":"scroll","background-type":"","background-media":"","overlay-type":"","overlay-color":"","overlay-opacity":"","overlay-gradient":""},"mobile":{"background-color":"","background-image":"","background-repeat":"repeat","background-position":"center center","background-size":"auto","background-attachment":"scroll","background-type":"","background-media":"","overlay-type":"","overlay-color":"","overlay-opacity":"","overlay-gradient":""}},"ast-content-background-meta":{"desktop":{"background-color":"var(--ast-global-color-4)","background-image":"","background-repeat":"repeat","background-position":"center center","background-size":"auto","background-attachment":"scroll","background-type":"","background-media":"","overlay-type":"","overlay-color":"","overlay-opacity":"","overlay-gradient":""},"tablet":{"background-color":"var(--ast-global-color-4)","background-image":"","background-repeat":"repeat","background-position":"center center","background-size":"auto","background-attachment":"scroll","background-type":"","background-media":"","overlay-type":"","overlay-color":"","overlay-opacity":"","overlay-gradient":""},"mobile":{"background-color":"var(--ast-global-color-4)","background-image":"","background-repeat":"repeat","background-position":"center center","background-size":"auto","background-attachment":"scroll","background-type":"","background-media":"","overlay-type":"","overlay-color":"","overlay-opacity":"","overlay-gradient":""}}},"product_brand":[],"product_cat":[10325],"product_tag":[10374,10380,10379,10424,10425,10455,10426],"class_list":{"0":"post-74182","1":"product","2":"type-product","3":"status-publish","4":"has-post-thumbnail","6":"product_cat-bateaux-de-la-coupe-de-lamerica","7":"product_tag-abordage","8":"product_tag-americascup","9":"product_tag-boutique","10":"product_tag-coupe-damerique","11":"product_tag-coupe-des-ameriques","12":"product_tag-ranger-1937","13":"product_tag-replique","14":"desktop-align-center","15":"tablet-align-left","16":"mobile-align-left","17":"ast-product-gallery-layout-horizontal-slider","18":"ast-magnify-disabled","19":"ast-product-tabs-layout-accordion","20":"ast-qv-on-image","22":"first","23":"instock","24":"shipping-taxable","25":"purchasable","26":"product-type-simple"},"_links":{"self":[{"href":"https:\/\/abordage.com\/fr\/wp-json\/wp\/v2\/product\/74182","targetHints":{"allow":["GET"]}}],"collection":[{"href":"https:\/\/abordage.com\/fr\/wp-json\/wp\/v2\/product"}],"about":[{"href":"https:\/\/abordage.com\/fr\/wp-json\/wp\/v2\/types\/product"}],"replies":[{"embeddable":true,"href":"https:\/\/abordage.com\/fr\/wp-json\/wp\/v2\/comments?post=74182"}],"version-history":[{"count":0,"href":"https:\/\/abordage.com\/fr\/wp-json\/wp\/v2\/product\/74182\/revisions"}],"wp:featuredmedia":[{"embeddable":true,"href":"https:\/\/abordage.com\/fr\/wp-json\/wp\/v2\/media\/11751"}],"wp:attachment":[{"href":"https:\/\/abordage.com\/fr\/wp-json\/wp\/v2\/media?parent=74182"}],"wp:term":[{"taxonomy":"product_brand","embeddable":true,"href":"https:\/\/abordage.com\/fr\/wp-json\/wp\/v2\/product_brand?post=74182"},{"taxonomy":"product_cat","embeddable":true,"href":"https:\/\/abordage.com\/fr\/wp-json\/wp\/v2\/product_cat?post=74182"},{"taxonomy":"product_tag","embeddable":true,"href":"https:\/\/abordage.com\/fr\/wp-json\/wp\/v2\/product_tag?post=74182"}],"curies":[{"name":"wp","href":"https:\/\/api.w.org\/{rel}","templated":true}]}}