{"id":74352,"date":"2009-09-07T20:17:06","date_gmt":"2009-09-07T20:17:06","guid":{"rendered":"https:\/\/abordage.com\/shop\/non class\u00e9\/tuiga-1909\/"},"modified":"2009-09-07T20:17:06","modified_gmt":"2009-09-08T00:17:06","slug":"tuiga-1909","status":"publish","type":"product","link":"https:\/\/abordage.com\/fr\/shop\/boutique\/maquettes-de-bateau\/yachts-classiques\/tuiga-1909\/","title":{"rendered":"Tuiga 1909"},"content":{"rendered":"<p> <span style=\"font-size: larger;\">Plus de quatre-vingt-dix ans d&rsquo;histoire ont accompagn\u00e9 cette \u00e9l\u00e9gante r\u00e8gle internationale <strong>William Fife<\/strong> de 15 m\u00e8tres dans son merveilleux voyage, du jour de sa mise \u00e0 l&rsquo;eau jusqu&rsquo;\u00e0 aujourd&rsquo;hui.  <\/span><\/p>\n<p><span style=\"font-size: larger;\">Aujourd&rsquo;hui, gr\u00e2ce \u00e0 la passion du <strong>Prince Albert<\/strong> pour la mer, <strong>Tuiga<\/strong> revit ses heures de gloire en concourant sous le pavillon du <strong>Yacht Club de Monaco<\/strong>.  <\/span><\/p>\n<p><span style=\"font-size: larger;\">Apr\u00e8s son lancement en <strong>1909<\/strong>, <strong>Tuiga<\/strong> est rapidement devenue l&rsquo;une des vedettes des grands rallyes, puis a subi toute une s\u00e9rie de modifications. Ses lignes \u00e9l\u00e9gantes sont l&rsquo;\u0153uvre du g\u00e9nie du design, William Fife, et ont \u00e9t\u00e9 command\u00e9es par le <strong>duc espagnol de Medinacelli<\/strong>.<br \/>Le duc \u00e9tait tr\u00e8s clair sur ce qu&rsquo;il voulait : \u00a0\u00bb un bateau capable de rivaliser sur un pied d&rsquo;\u00e9galit\u00e9 avec Hispania, l&#8217;embarcation du roi Alphonse XIII d&rsquo;Espagne \u00ab\u00a0. Et c&rsquo;est ce qui s&rsquo;est pass\u00e9.    <\/span><span style=\"font-size: larger;\">Pendant plus de quatre ans, les deux bateaux se sont affront\u00e9s dans les eaux espagnoles, fran\u00e7aises et anglaises.  <\/span><\/p>\n<p><span style=\"font-size: larger;\">En 1913, Tuiga est vendu, il passe de propri\u00e9taire en propri\u00e9taire, chacun apportant des modifications ici et l\u00e0 pour mieux l&rsquo;adapter \u00e0 ses besoins. Le premier installa l&rsquo;\u00e9lectricit\u00e9 et r\u00e9duisit sa surface de voilure de 20 % en 1923. En 1934, un autre propri\u00e9taire de Tuiga l&rsquo;a \u00e9quip\u00e9 d&rsquo;un moteur Bergius de 35 ch et a modifi\u00e9 son plan de voilure, passant de l&rsquo;avant \u00e0 l&rsquo;arri\u00e8re \u00e0 un plan de voilure Marconi. Le dernier acte de cette idiotie a eu lieu en 1970, lorsqu&rsquo;un autre propri\u00e9taire a d\u00e9cid\u00e9 de se d\u00e9barrasser de la merveilleuse inclinaison de sa poupe.   <br \/><\/span><\/p>\n<p><span style=\"font-size: larger;\">C&rsquo;est le d\u00e9but d&rsquo;un d\u00e9clin qui dure jusqu&rsquo;en 1989, date \u00e0 laquelle il est red\u00e9couvert par <strong>Albert Obrist<\/strong>, propri\u00e9taire d&rsquo;Altair. Tuiga passe alors quatre ans au chantier Fairline Restorations en Angleterre. Pendant cette p\u00e9riode, il a \u00e9t\u00e9 d\u00e9mont\u00e9 et m\u00e9ticuleusement <strong>reconstruit pi\u00e8ce par pi\u00e8ce en utilisant les plans originaux de Fife<\/strong>. Aujourd&rsquo;hui, il a \u00e9t\u00e9 enti\u00e8rement restaur\u00e9 et jouit d&rsquo;une nouvelle vie magique dans les eaux de la principaut\u00e9 avec son nouveau propri\u00e9taire, le<strong> Yacht Club de Monaco<\/strong>, pr\u00e9sid\u00e9 par le Prince Albert Grimaldi.   <\/span><\/p>\n","protected":false},"excerpt":{"rendered":"<h4>Mod\u00e8le de navire Tuiga con\u00e7u par William Fife en 1909 et restaur\u00e9 par le Yacht Club de Monaco.<\/h4>\n","protected":false},"featured_media":11953,"comment_status":"open","ping_status":"closed","template":"","meta":{"site-sidebar-layout":"default","site-content-layout":"","ast-site-content-layout":"default","site-content-style":"default","site-sidebar-style":"default","ast-global-header-display":"","ast-banner-title-visibility":"","ast-main-header-display":"","ast-hfb-above-header-display":"","ast-hfb-below-header-display":"","ast-hfb-mobile-header-display":"","site-post-title":"","ast-breadcrumbs-content":"","ast-featured-img":"","footer-sml-layout":"","theme-transparent-header-meta":"","adv-header-id-meta":"","stick-header-meta":"","header-above-stick-meta":"","header-main-stick-meta":"","header-below-stick-meta":"","astra-migrate-meta-layouts":"default","ast-page-background-enabled":"default","ast-page-background-meta":{"desktop":{"background-color":"var(--ast-global-color-5)","background-image":"","background-repeat":"repeat","background-position":"center center","background-size":"auto","background-attachment":"scroll","background-type":"","background-media":"","overlay-type":"","overlay-color":"","overlay-opacity":"","overlay-gradient":""},"tablet":{"background-color":"","background-image":"","background-repeat":"repeat","background-position":"center center","background-size":"auto","background-attachment":"scroll","background-type":"","background-media":"","overlay-type":"","overlay-color":"","overlay-opacity":"","overlay-gradient":""},"mobile":{"background-color":"","background-image":"","background-repeat":"repeat","background-position":"center center","background-size":"auto","background-attachment":"scroll","background-type":"","background-media":"","overlay-type":"","overlay-color":"","overlay-opacity":"","overlay-gradient":""}},"ast-content-background-meta":{"desktop":{"background-color":"var(--ast-global-color-4)","background-image":"","background-repeat":"repeat","background-position":"center center","background-size":"auto","background-attachment":"scroll","background-type":"","background-media":"","overlay-type":"","overlay-color":"","overlay-opacity":"","overlay-gradient":""},"tablet":{"background-color":"var(--ast-global-color-4)","background-image":"","background-repeat":"repeat","background-position":"center center","background-size":"auto","background-attachment":"scroll","background-type":"","background-media":"","overlay-type":"","overlay-color":"","overlay-opacity":"","overlay-gradient":""},"mobile":{"background-color":"var(--ast-global-color-4)","background-image":"","background-repeat":"repeat","background-position":"center center","background-size":"auto","background-attachment":"scroll","background-type":"","background-media":"","overlay-type":"","overlay-color":"","overlay-opacity":"","overlay-gradient":""}}},"product_brand":[],"product_cat":[10328],"product_tag":[10374,10379,10468,10444],"class_list":{"0":"post-74352","1":"product","2":"type-product","3":"status-publish","4":"has-post-thumbnail","6":"product_cat-yachts-classiques","7":"product_tag-abordage","8":"product_tag-boutique","9":"product_tag-tuiga-1909","10":"product_tag-yacht-classique","11":"desktop-align-center","12":"tablet-align-left","13":"mobile-align-left","14":"ast-product-gallery-layout-horizontal-slider","15":"ast-magnify-disabled","16":"ast-product-tabs-layout-accordion","17":"ast-qv-on-image","19":"first","20":"instock","21":"shipping-taxable","22":"purchasable","23":"product-type-simple"},"_links":{"self":[{"href":"https:\/\/abordage.com\/fr\/wp-json\/wp\/v2\/product\/74352","targetHints":{"allow":["GET"]}}],"collection":[{"href":"https:\/\/abordage.com\/fr\/wp-json\/wp\/v2\/product"}],"about":[{"href":"https:\/\/abordage.com\/fr\/wp-json\/wp\/v2\/types\/product"}],"replies":[{"embeddable":true,"href":"https:\/\/abordage.com\/fr\/wp-json\/wp\/v2\/comments?post=74352"}],"version-history":[{"count":0,"href":"https:\/\/abordage.com\/fr\/wp-json\/wp\/v2\/product\/74352\/revisions"}],"wp:featuredmedia":[{"embeddable":true,"href":"https:\/\/abordage.com\/fr\/wp-json\/wp\/v2\/media\/11953"}],"wp:attachment":[{"href":"https:\/\/abordage.com\/fr\/wp-json\/wp\/v2\/media?parent=74352"}],"wp:term":[{"taxonomy":"product_brand","embeddable":true,"href":"https:\/\/abordage.com\/fr\/wp-json\/wp\/v2\/product_brand?post=74352"},{"taxonomy":"product_cat","embeddable":true,"href":"https:\/\/abordage.com\/fr\/wp-json\/wp\/v2\/product_cat?post=74352"},{"taxonomy":"product_tag","embeddable":true,"href":"https:\/\/abordage.com\/fr\/wp-json\/wp\/v2\/product_tag?post=74352"}],"curies":[{"name":"wp","href":"https:\/\/api.w.org\/{rel}","templated":true}]}}