{"id":74365,"date":"2009-09-07T19:54:02","date_gmt":"2009-09-07T19:54:02","guid":{"rendered":"https:\/\/abordage.com\/shop\/non class\u00e9\/dragon-1929\/"},"modified":"2009-09-07T19:54:02","modified_gmt":"2009-09-07T23:54:02","slug":"dragon-1929","status":"publish","type":"product","link":"https:\/\/abordage.com\/fr\/shop\/boutique\/maquettes-de-bateau\/yachts-classiques\/dragon-1929\/","title":{"rendered":"Dragon 1929"},"content":{"rendered":"<p> <span style=\"font-size: larger;\">Le premier<strong> Dragon<\/strong> a \u00e9t\u00e9 construit en 1929 \u00e0 G\u00f6teborg, en Su\u00e8de. Les <strong>qualit\u00e9s de navigation du Dragon<\/strong> sont telles que le bateau est pratiquement utilis\u00e9 pour la croisi\u00e8re et la r\u00e9gate dans le monde entier, et en particulier en Europe, o\u00f9 il est devenu extr\u00eamement populaire. Au fil du temps, <strong>le Dragon a \u00e9t\u00e9 progressivement transform\u00e9 en bateau de r\u00e9gate<\/strong> et n&rsquo;est plus construit conform\u00e9ment aux sp\u00e9cifications d&rsquo;origine.<br \/>La cabine et la toile ont \u00e9t\u00e9 modifi\u00e9es, de sorte qu&rsquo;aujourd&rsquo;hui, seule la coque est d&rsquo;origine. En 1948, le <strong>Dragon est devenu une classe olympique de bateaux<\/strong>, et toutes les mesures ont \u00e9t\u00e9 stipul\u00e9es par l&rsquo;<strong>Union internationale de yachting<\/strong>. Depuis 1929, ce type de bateau a particip\u00e9 \u00e0 de nombreuses r\u00e9gates scandinaves et internationales et il est toujours l&rsquo;un des bateaux les plus populaires.    <\/span><\/p>\n","protected":false},"excerpt":{"rendered":"<h4>Mod\u00e8le Dragon ( 1929 )<\/h4>\n","protected":false},"featured_media":11922,"comment_status":"open","ping_status":"closed","template":"","meta":{"site-sidebar-layout":"default","site-content-layout":"","ast-site-content-layout":"default","site-content-style":"default","site-sidebar-style":"default","ast-global-header-display":"","ast-banner-title-visibility":"","ast-main-header-display":"","ast-hfb-above-header-display":"","ast-hfb-below-header-display":"","ast-hfb-mobile-header-display":"","site-post-title":"","ast-breadcrumbs-content":"","ast-featured-img":"","footer-sml-layout":"","theme-transparent-header-meta":"","adv-header-id-meta":"","stick-header-meta":"","header-above-stick-meta":"","header-main-stick-meta":"","header-below-stick-meta":"","astra-migrate-meta-layouts":"default","ast-page-background-enabled":"default","ast-page-background-meta":{"desktop":{"background-color":"var(--ast-global-color-5)","background-image":"","background-repeat":"repeat","background-position":"center center","background-size":"auto","background-attachment":"scroll","background-type":"","background-media":"","overlay-type":"","overlay-color":"","overlay-opacity":"","overlay-gradient":""},"tablet":{"background-color":"","background-image":"","background-repeat":"repeat","background-position":"center center","background-size":"auto","background-attachment":"scroll","background-type":"","background-media":"","overlay-type":"","overlay-color":"","overlay-opacity":"","overlay-gradient":""},"mobile":{"background-color":"","background-image":"","background-repeat":"repeat","background-position":"center center","background-size":"auto","background-attachment":"scroll","background-type":"","background-media":"","overlay-type":"","overlay-color":"","overlay-opacity":"","overlay-gradient":""}},"ast-content-background-meta":{"desktop":{"background-color":"var(--ast-global-color-4)","background-image":"","background-repeat":"repeat","background-position":"center center","background-size":"auto","background-attachment":"scroll","background-type":"","background-media":"","overlay-type":"","overlay-color":"","overlay-opacity":"","overlay-gradient":""},"tablet":{"background-color":"var(--ast-global-color-4)","background-image":"","background-repeat":"repeat","background-position":"center center","background-size":"auto","background-attachment":"scroll","background-type":"","background-media":"","overlay-type":"","overlay-color":"","overlay-opacity":"","overlay-gradient":""},"mobile":{"background-color":"var(--ast-global-color-4)","background-image":"","background-repeat":"repeat","background-position":"center center","background-size":"auto","background-attachment":"scroll","background-type":"","background-media":"","overlay-type":"","overlay-color":"","overlay-opacity":"","overlay-gradient":""}}},"product_brand":[],"product_cat":[10328],"product_tag":[10379,10470,10444],"class_list":{"0":"post-74365","1":"product","2":"type-product","3":"status-publish","4":"has-post-thumbnail","6":"product_cat-yachts-classiques","7":"product_tag-boutique","8":"product_tag-dragon-1929","9":"product_tag-yacht-classique","10":"desktop-align-center","11":"tablet-align-left","12":"mobile-align-left","13":"ast-product-gallery-layout-horizontal-slider","14":"ast-magnify-disabled","15":"ast-product-tabs-layout-accordion","16":"ast-qv-on-image","18":"first","19":"instock","20":"shipping-taxable","21":"purchasable","22":"product-type-simple"},"_links":{"self":[{"href":"https:\/\/abordage.com\/fr\/wp-json\/wp\/v2\/product\/74365","targetHints":{"allow":["GET"]}}],"collection":[{"href":"https:\/\/abordage.com\/fr\/wp-json\/wp\/v2\/product"}],"about":[{"href":"https:\/\/abordage.com\/fr\/wp-json\/wp\/v2\/types\/product"}],"replies":[{"embeddable":true,"href":"https:\/\/abordage.com\/fr\/wp-json\/wp\/v2\/comments?post=74365"}],"version-history":[{"count":0,"href":"https:\/\/abordage.com\/fr\/wp-json\/wp\/v2\/product\/74365\/revisions"}],"wp:featuredmedia":[{"embeddable":true,"href":"https:\/\/abordage.com\/fr\/wp-json\/wp\/v2\/media\/11922"}],"wp:attachment":[{"href":"https:\/\/abordage.com\/fr\/wp-json\/wp\/v2\/media?parent=74365"}],"wp:term":[{"taxonomy":"product_brand","embeddable":true,"href":"https:\/\/abordage.com\/fr\/wp-json\/wp\/v2\/product_brand?post=74365"},{"taxonomy":"product_cat","embeddable":true,"href":"https:\/\/abordage.com\/fr\/wp-json\/wp\/v2\/product_cat?post=74365"},{"taxonomy":"product_tag","embeddable":true,"href":"https:\/\/abordage.com\/fr\/wp-json\/wp\/v2\/product_tag?post=74365"}],"curies":[{"name":"wp","href":"https:\/\/api.w.org\/{rel}","templated":true}]}}