{"id":74374,"date":"2009-09-07T19:39:54","date_gmt":"2009-09-07T19:39:54","guid":{"rendered":"https:\/\/abordage.com\/shop\/non class\u00e9\/bonite-a-ventre-raye-1880\/"},"modified":"2009-09-07T19:39:54","modified_gmt":"2009-09-07T23:39:54","slug":"bonite-a-ventre-raye-1880","status":"publish","type":"product","link":"https:\/\/abordage.com\/fr\/shop\/boutique\/maquettes-de-bateau\/yachts-classiques\/bonite-a-ventre-raye-1880\/","title":{"rendered":"Bonite \u00e0 ventre ray\u00e9 1880"},"content":{"rendered":"<p> <strong> M. Webster<\/strong> a d\u00e9fini un <strong>listao<\/strong> comme un <strong>poisson<\/strong> <strong>bleu<\/strong> ou une autre esp\u00e8ce de poisson qui saute hors de l&rsquo;eau ou joue \u00e0 la surface de l&rsquo;eau, mais l&rsquo;origine du mot appliqu\u00e9 au bateau de dragage d&rsquo;hu\u00eetres \u00e0 voile \u00e0 fond en V de la baie de Chesapeake n&rsquo;est pas connue. Le nom semble avoir \u00e9t\u00e9 associ\u00e9 au d\u00e9veloppement de l&#8217;embarcation \u00e0 fond en V en g\u00e9n\u00e9ral. <\/p>\n<p><strong>Le listao \u00e0 fond en V<\/strong> a \u00e9t\u00e9 d\u00e9velopp\u00e9 \u00e0 partir de skiffs et de bateaux \u00e0 fond plat autour de la baie de Chesapeake dans les ann\u00e9es 1880. Le d\u00e9veloppement intensif de ce type de bateau a eu lieu dans les pays du sud, sur la c\u00f4te est du Maryland, et la baie a rapidement \u00e9t\u00e9 consid\u00e9r\u00e9e comme le berceau du listao \u00e0 fond en V. \u00c0 l&rsquo;apog\u00e9e de la construction, vers 1910, quelque 2 000 bateaux de type \u00ab\u00a0Skipjack\u00a0\u00bb naviguaient dans la baie. <\/p>\n<p>Le <strong>Skipjack<\/strong> a \u00e9volu\u00e9 parce qu&rsquo;il \u00e9tait plus simple et moins co\u00fbteux \u00e0 construire qu&rsquo;un bateau \u00e0 fond rond comme le Bugeye. La structure de la coque de la plupart des Skipjack est assez typique, mais comme aucun plan de construction n&rsquo;\u00e9tait utilis\u00e9, il y avait de l\u00e9g\u00e8res variations. Une autre caract\u00e9ristique du Skipjack, ainsi que de nombreux autres voiliers de baie, est la proue de type clipper, avec sa longue \u00e9trave, son beaupr\u00e9 et ses planches d\u00e9coratives. Le Skipjack est le dernier voilier d\u00e9velopp\u00e9 sur la baie \u00e0 des fins commerciales. Bien que la grande flotte des d\u00e9buts se soit r\u00e9duite \u00e0 environ 39 bateaux, ils sont toujours en activit\u00e9 pour une bonne raison.    <\/p>\n","protected":false},"excerpt":{"rendered":"<h4><span style=\"font-size:larger;\"><strong>Skipjack ( 1880 ), c\u00e9l\u00e8bre yole de Chesapeake.<\/strong><\/span><\/h4>\n","protected":false},"featured_media":11916,"comment_status":"open","ping_status":"closed","template":"","meta":{"site-sidebar-layout":"default","site-content-layout":"","ast-site-content-layout":"default","site-content-style":"default","site-sidebar-style":"default","ast-global-header-display":"","ast-banner-title-visibility":"","ast-main-header-display":"","ast-hfb-above-header-display":"","ast-hfb-below-header-display":"","ast-hfb-mobile-header-display":"","site-post-title":"","ast-breadcrumbs-content":"","ast-featured-img":"","footer-sml-layout":"","theme-transparent-header-meta":"","adv-header-id-meta":"","stick-header-meta":"","header-above-stick-meta":"","header-main-stick-meta":"","header-below-stick-meta":"","astra-migrate-meta-layouts":"default","ast-page-background-enabled":"default","ast-page-background-meta":{"desktop":{"background-color":"var(--ast-global-color-5)","background-image":"","background-repeat":"repeat","background-position":"center center","background-size":"auto","background-attachment":"scroll","background-type":"","background-media":"","overlay-type":"","overlay-color":"","overlay-opacity":"","overlay-gradient":""},"tablet":{"background-color":"","background-image":"","background-repeat":"repeat","background-position":"center center","background-size":"auto","background-attachment":"scroll","background-type":"","background-media":"","overlay-type":"","overlay-color":"","overlay-opacity":"","overlay-gradient":""},"mobile":{"background-color":"","background-image":"","background-repeat":"repeat","background-position":"center center","background-size":"auto","background-attachment":"scroll","background-type":"","background-media":"","overlay-type":"","overlay-color":"","overlay-opacity":"","overlay-gradient":""}},"ast-content-background-meta":{"desktop":{"background-color":"var(--ast-global-color-4)","background-image":"","background-repeat":"repeat","background-position":"center center","background-size":"auto","background-attachment":"scroll","background-type":"","background-media":"","overlay-type":"","overlay-color":"","overlay-opacity":"","overlay-gradient":""},"tablet":{"background-color":"var(--ast-global-color-4)","background-image":"","background-repeat":"repeat","background-position":"center center","background-size":"auto","background-attachment":"scroll","background-type":"","background-media":"","overlay-type":"","overlay-color":"","overlay-opacity":"","overlay-gradient":""},"mobile":{"background-color":"var(--ast-global-color-4)","background-image":"","background-repeat":"repeat","background-position":"center center","background-size":"auto","background-attachment":"scroll","background-type":"","background-media":"","overlay-type":"","overlay-color":"","overlay-opacity":"","overlay-gradient":""}}},"product_brand":[],"product_cat":[10328],"product_tag":[10374,10472,10379,10444],"class_list":{"0":"post-74374","1":"product","2":"type-product","3":"status-publish","4":"has-post-thumbnail","6":"product_cat-yachts-classiques","7":"product_tag-abordage","8":"product_tag-bonite-a-ventre-raye-1880","9":"product_tag-boutique","10":"product_tag-yacht-classique","11":"desktop-align-center","12":"tablet-align-left","13":"mobile-align-left","14":"ast-product-gallery-layout-horizontal-slider","15":"ast-magnify-disabled","16":"ast-product-tabs-layout-accordion","17":"ast-qv-on-image","19":"first","20":"instock","21":"shipping-taxable","22":"purchasable","23":"product-type-simple"},"_links":{"self":[{"href":"https:\/\/abordage.com\/fr\/wp-json\/wp\/v2\/product\/74374","targetHints":{"allow":["GET"]}}],"collection":[{"href":"https:\/\/abordage.com\/fr\/wp-json\/wp\/v2\/product"}],"about":[{"href":"https:\/\/abordage.com\/fr\/wp-json\/wp\/v2\/types\/product"}],"replies":[{"embeddable":true,"href":"https:\/\/abordage.com\/fr\/wp-json\/wp\/v2\/comments?post=74374"}],"version-history":[{"count":0,"href":"https:\/\/abordage.com\/fr\/wp-json\/wp\/v2\/product\/74374\/revisions"}],"wp:featuredmedia":[{"embeddable":true,"href":"https:\/\/abordage.com\/fr\/wp-json\/wp\/v2\/media\/11916"}],"wp:attachment":[{"href":"https:\/\/abordage.com\/fr\/wp-json\/wp\/v2\/media?parent=74374"}],"wp:term":[{"taxonomy":"product_brand","embeddable":true,"href":"https:\/\/abordage.com\/fr\/wp-json\/wp\/v2\/product_brand?post=74374"},{"taxonomy":"product_cat","embeddable":true,"href":"https:\/\/abordage.com\/fr\/wp-json\/wp\/v2\/product_cat?post=74374"},{"taxonomy":"product_tag","embeddable":true,"href":"https:\/\/abordage.com\/fr\/wp-json\/wp\/v2\/product_tag?post=74374"}],"curies":[{"name":"wp","href":"https:\/\/api.w.org\/{rel}","templated":true}]}}