{"id":74434,"date":"2009-07-30T21:19:19","date_gmt":"2009-07-30T21:19:19","guid":{"rendered":"https:\/\/abordage.com\/shop\/non class\u00e9\/yole-concordia-1950\/"},"modified":"2009-07-30T21:19:19","modified_gmt":"2009-07-31T01:19:19","slug":"yole-concordia-1950","status":"publish","type":"product","link":"https:\/\/abordage.com\/fr\/shop\/boutique\/maquettes-de-bateau\/yachts-classiques\/yole-concordia-1950\/","title":{"rendered":"Yole Concordia 1950"},"content":{"rendered":"<p>Ce mod\u00e8le de la Yole Concordia est une r\u00e9plique exacte de la premi\u00e8re Yole Concordia.<\/p>\n<p>La coque est peinte en blanc sur le dessus et en vert sur le fond avec une bande noire.<\/p>\n<p><strong>Construction<\/strong> &#8211; construction en planches sur cloison avec des planches en acajou, des garnitures de pont en acajou brillant, un rouf et des \u00e9coutilles.<\/p>\n<p>Le pont est en teck avec des joints noirs.<\/p>\n<p><strong>Gr\u00e9ement<\/strong> &#8211; Espars en bois, y compris le tangon, gr\u00e9ement en acier inoxydable, accastillage et treuils en laiton.<\/p>\n<p><strong>Voiles<\/strong> &#8211; Grand-voile, artimon et foc en option, Dacron.<\/p>\n","protected":false},"excerpt":{"rendered":"<h4>Mod\u00e8le de navire de la classe Yawl Concordia, con\u00e7u en 1938.<\/h4>\n","protected":false},"featured_media":11725,"comment_status":"open","ping_status":"closed","template":"","meta":{"site-sidebar-layout":"default","site-content-layout":"","ast-site-content-layout":"default","site-content-style":"default","site-sidebar-style":"default","ast-global-header-display":"","ast-banner-title-visibility":"","ast-main-header-display":"","ast-hfb-above-header-display":"","ast-hfb-below-header-display":"","ast-hfb-mobile-header-display":"","site-post-title":"","ast-breadcrumbs-content":"","ast-featured-img":"","footer-sml-layout":"","theme-transparent-header-meta":"","adv-header-id-meta":"","stick-header-meta":"","header-above-stick-meta":"","header-main-stick-meta":"","header-below-stick-meta":"","astra-migrate-meta-layouts":"default","ast-page-background-enabled":"default","ast-page-background-meta":{"desktop":{"background-color":"var(--ast-global-color-5)","background-image":"","background-repeat":"repeat","background-position":"center center","background-size":"auto","background-attachment":"scroll","background-type":"","background-media":"","overlay-type":"","overlay-color":"","overlay-opacity":"","overlay-gradient":""},"tablet":{"background-color":"","background-image":"","background-repeat":"repeat","background-position":"center center","background-size":"auto","background-attachment":"scroll","background-type":"","background-media":"","overlay-type":"","overlay-color":"","overlay-opacity":"","overlay-gradient":""},"mobile":{"background-color":"","background-image":"","background-repeat":"repeat","background-position":"center center","background-size":"auto","background-attachment":"scroll","background-type":"","background-media":"","overlay-type":"","overlay-color":"","overlay-opacity":"","overlay-gradient":""}},"ast-content-background-meta":{"desktop":{"background-color":"var(--ast-global-color-4)","background-image":"","background-repeat":"repeat","background-position":"center center","background-size":"auto","background-attachment":"scroll","background-type":"","background-media":"","overlay-type":"","overlay-color":"","overlay-opacity":"","overlay-gradient":""},"tablet":{"background-color":"var(--ast-global-color-4)","background-image":"","background-repeat":"repeat","background-position":"center center","background-size":"auto","background-attachment":"scroll","background-type":"","background-media":"","overlay-type":"","overlay-color":"","overlay-opacity":"","overlay-gradient":""},"mobile":{"background-color":"var(--ast-global-color-4)","background-image":"","background-repeat":"repeat","background-position":"center center","background-size":"auto","background-attachment":"scroll","background-type":"","background-media":"","overlay-type":"","overlay-color":"","overlay-opacity":"","overlay-gradient":""}}},"product_brand":[],"product_cat":[10328],"product_tag":[10374,10379,10444,10480],"class_list":{"0":"post-74434","1":"product","2":"type-product","3":"status-publish","4":"has-post-thumbnail","6":"product_cat-yachts-classiques","7":"product_tag-abordage","8":"product_tag-boutique","9":"product_tag-yacht-classique","10":"product_tag-yawl-concordia-1950","11":"desktop-align-center","12":"tablet-align-left","13":"mobile-align-left","14":"ast-product-gallery-layout-horizontal-slider","15":"ast-magnify-disabled","16":"ast-product-tabs-layout-accordion","17":"ast-qv-on-image","19":"first","20":"instock","21":"shipping-taxable","22":"purchasable","23":"product-type-simple"},"_links":{"self":[{"href":"https:\/\/abordage.com\/fr\/wp-json\/wp\/v2\/product\/74434","targetHints":{"allow":["GET"]}}],"collection":[{"href":"https:\/\/abordage.com\/fr\/wp-json\/wp\/v2\/product"}],"about":[{"href":"https:\/\/abordage.com\/fr\/wp-json\/wp\/v2\/types\/product"}],"replies":[{"embeddable":true,"href":"https:\/\/abordage.com\/fr\/wp-json\/wp\/v2\/comments?post=74434"}],"version-history":[{"count":0,"href":"https:\/\/abordage.com\/fr\/wp-json\/wp\/v2\/product\/74434\/revisions"}],"wp:featuredmedia":[{"embeddable":true,"href":"https:\/\/abordage.com\/fr\/wp-json\/wp\/v2\/media\/11725"}],"wp:attachment":[{"href":"https:\/\/abordage.com\/fr\/wp-json\/wp\/v2\/media?parent=74434"}],"wp:term":[{"taxonomy":"product_brand","embeddable":true,"href":"https:\/\/abordage.com\/fr\/wp-json\/wp\/v2\/product_brand?post=74434"},{"taxonomy":"product_cat","embeddable":true,"href":"https:\/\/abordage.com\/fr\/wp-json\/wp\/v2\/product_cat?post=74434"},{"taxonomy":"product_tag","embeddable":true,"href":"https:\/\/abordage.com\/fr\/wp-json\/wp\/v2\/product_tag?post=74434"}],"curies":[{"name":"wp","href":"https:\/\/api.w.org\/{rel}","templated":true}]}}