{"id":74478,"date":"2009-09-07T19:23:48","date_gmt":"2009-09-07T19:23:48","guid":{"rendered":"https:\/\/abordage.com\/shop\/non class\u00e9\/yacht-royal-britannia-1893\/"},"modified":"2009-09-07T19:23:48","modified_gmt":"2009-09-07T23:23:48","slug":"yacht-royal-britannia-1893","status":"publish","type":"product","link":"https:\/\/abordage.com\/fr\/shop\/boutique\/maquettes-de-bateau\/yachts-classiques\/yacht-royal-britannia-1893\/","title":{"rendered":"Yacht royal Britannia 1893"},"content":{"rendered":"<p>  Le yacht de Sa Majest\u00e9 Britannia \u00e9tait un cotre \u00e0 gr\u00e9ement \u00e0 corne construit en 1893 pour le commodore Albert Edward, prince de Galles. Il lui a servi, ainsi qu&rsquo;\u00e0 son fils, le roi George V, une longue carri\u00e8re de r\u00e9gatier. <\/p>\n<p>  Apr\u00e8s que le neveu du Prince de Galles, le Kaiser Wilhelm II, eut acquis le cotre de course Thistle en 1891, son concepteur \u00e9cossais George Lennox Watson re\u00e7ut une commande d&rsquo;\u00c9douard VII pour un voilier en 1892. Il con\u00e7oit le His Royal Highness&rsquo; Yacht Britannia selon la r\u00e8gle de la longueur et de la surface de voile, en tant que cotre de premi\u00e8re classe, et le fait construire aux c\u00f4t\u00e9s de son challenger de la Coupe de l&rsquo;America, Valkyrie II, au chantier naval D &amp; W Henderson, sur la rivi\u00e8re Clyde. Il est lanc\u00e9 le 20 avril 1893, une semaine avant Valkyrie II.  <\/p>\n<p>  \u00c0 la fin de sa premi\u00e8re ann\u00e9e de course, le Britannia a remport\u00e9 trente-trois victoires sur quarante-trois d\u00e9parts. Au cours de sa deuxi\u00e8me saison, il remporte les sept courses des grands yachts sur la C\u00f4te d&rsquo;Azur, puis bat Vigilant, le defender de l&rsquo;America&rsquo;s Cup de 1893, dans ses eaux territoriales. <\/p>\n<p>  La derni\u00e8re volont\u00e9 du roi George V \u00e9tait que son yacht bien-aim\u00e9 le suive dans la tombe. Le 10 juillet 1936, apr\u00e8s que le Britannia eut \u00e9t\u00e9 d\u00e9pouill\u00e9 de ses espars et de son accastillage, sa coque fut remorqu\u00e9e jusqu&rsquo;\u00e0 St Catherine Deep, pr\u00e8s de l&rsquo;\u00eele de Wight, et il fut coul\u00e9 par le HMS Winchester. <\/p>\n","protected":false},"excerpt":{"rendered":"<h4>Mod\u00e8le r\u00e9duit du Royal Yacht Britannia ( 1893 ), construction en planches sur cloisons.<\/h4>\n","protected":false},"featured_media":11914,"comment_status":"open","ping_status":"closed","template":"","meta":{"site-sidebar-layout":"default","site-content-layout":"","ast-site-content-layout":"default","site-content-style":"default","site-sidebar-style":"default","ast-global-header-display":"","ast-banner-title-visibility":"","ast-main-header-display":"","ast-hfb-above-header-display":"","ast-hfb-below-header-display":"","ast-hfb-mobile-header-display":"","site-post-title":"","ast-breadcrumbs-content":"","ast-featured-img":"","footer-sml-layout":"","theme-transparent-header-meta":"","adv-header-id-meta":"","stick-header-meta":"","header-above-stick-meta":"","header-main-stick-meta":"","header-below-stick-meta":"","astra-migrate-meta-layouts":"default","ast-page-background-enabled":"default","ast-page-background-meta":{"desktop":{"background-color":"var(--ast-global-color-5)","background-image":"","background-repeat":"repeat","background-position":"center center","background-size":"auto","background-attachment":"scroll","background-type":"","background-media":"","overlay-type":"","overlay-color":"","overlay-opacity":"","overlay-gradient":""},"tablet":{"background-color":"","background-image":"","background-repeat":"repeat","background-position":"center center","background-size":"auto","background-attachment":"scroll","background-type":"","background-media":"","overlay-type":"","overlay-color":"","overlay-opacity":"","overlay-gradient":""},"mobile":{"background-color":"","background-image":"","background-repeat":"repeat","background-position":"center center","background-size":"auto","background-attachment":"scroll","background-type":"","background-media":"","overlay-type":"","overlay-color":"","overlay-opacity":"","overlay-gradient":""}},"ast-content-background-meta":{"desktop":{"background-color":"var(--ast-global-color-4)","background-image":"","background-repeat":"repeat","background-position":"center center","background-size":"auto","background-attachment":"scroll","background-type":"","background-media":"","overlay-type":"","overlay-color":"","overlay-opacity":"","overlay-gradient":""},"tablet":{"background-color":"var(--ast-global-color-4)","background-image":"","background-repeat":"repeat","background-position":"center center","background-size":"auto","background-attachment":"scroll","background-type":"","background-media":"","overlay-type":"","overlay-color":"","overlay-opacity":"","overlay-gradient":""},"mobile":{"background-color":"var(--ast-global-color-4)","background-image":"","background-repeat":"repeat","background-position":"center center","background-size":"auto","background-attachment":"scroll","background-type":"","background-media":"","overlay-type":"","overlay-color":"","overlay-opacity":"","overlay-gradient":""}}},"product_brand":[],"product_cat":[10328],"product_tag":[10374,10379,10444,10484],"class_list":{"0":"post-74478","1":"product","2":"type-product","3":"status-publish","4":"has-post-thumbnail","6":"product_cat-yachts-classiques","7":"product_tag-abordage","8":"product_tag-boutique","9":"product_tag-yacht-classique","10":"product_tag-yacht-royal-britannia-1893","11":"desktop-align-center","12":"tablet-align-left","13":"mobile-align-left","14":"ast-product-gallery-layout-horizontal-slider","15":"ast-magnify-disabled","16":"ast-product-tabs-layout-accordion","17":"ast-qv-on-image","19":"first","20":"instock","21":"shipping-taxable","22":"purchasable","23":"product-type-simple"},"_links":{"self":[{"href":"https:\/\/abordage.com\/fr\/wp-json\/wp\/v2\/product\/74478","targetHints":{"allow":["GET"]}}],"collection":[{"href":"https:\/\/abordage.com\/fr\/wp-json\/wp\/v2\/product"}],"about":[{"href":"https:\/\/abordage.com\/fr\/wp-json\/wp\/v2\/types\/product"}],"replies":[{"embeddable":true,"href":"https:\/\/abordage.com\/fr\/wp-json\/wp\/v2\/comments?post=74478"}],"version-history":[{"count":0,"href":"https:\/\/abordage.com\/fr\/wp-json\/wp\/v2\/product\/74478\/revisions"}],"wp:featuredmedia":[{"embeddable":true,"href":"https:\/\/abordage.com\/fr\/wp-json\/wp\/v2\/media\/11914"}],"wp:attachment":[{"href":"https:\/\/abordage.com\/fr\/wp-json\/wp\/v2\/media?parent=74478"}],"wp:term":[{"taxonomy":"product_brand","embeddable":true,"href":"https:\/\/abordage.com\/fr\/wp-json\/wp\/v2\/product_brand?post=74478"},{"taxonomy":"product_cat","embeddable":true,"href":"https:\/\/abordage.com\/fr\/wp-json\/wp\/v2\/product_cat?post=74478"},{"taxonomy":"product_tag","embeddable":true,"href":"https:\/\/abordage.com\/fr\/wp-json\/wp\/v2\/product_tag?post=74478"}],"curies":[{"name":"wp","href":"https:\/\/api.w.org\/{rel}","templated":true}]}}