{"id":74569,"date":"2021-04-25T23:20:01","date_gmt":"2021-04-25T23:20:01","guid":{"rendered":"https:\/\/abordage.com\/shop\/non class\u00e9\/modele-de-bureau-sailgp-nouvelle-zelande\/"},"modified":"2021-04-25T23:20:01","modified_gmt":"2021-04-26T03:20:01","slug":"modele-de-bureau-sailgp-nouvelle-zelande","status":"publish","type":"product","link":"https:\/\/abordage.com\/fr\/shop\/boutique\/maquettes-de-bateau\/modeles-de-bureaux\/modele-de-bureau-sailgp-nouvelle-zelande\/","title":{"rendered":"Mod\u00e8le de bureau SailGP Nouvelle-Z\u00e9lande"},"content":{"rendered":"<p align=\"justify\">Les fans peuvent d\u00e9sormais mettre la main sur leur propre F50, le catamaran volant r\u00e9volutionnaire utilis\u00e9 dans le nouveau championnat sportif mondial SailGP.<\/p>\n<p align=\"justify\">\n<p align=\"justify\">Avec plus de 30 ans d&rsquo;exp\u00e9rience, Abordage est parfaitement plac\u00e9 pour travailler avec SailGP, en cr\u00e9ant une gamme de mod\u00e8les de bureau SailGP F50 fabriqu\u00e9s \u00e0 la main et sur mesure &#8211; des r\u00e9pliques exactes des bateaux les plus rapides et les plus avanc\u00e9s technologiquement au monde.<\/p>\n<p align=\"justify\">\n<p align=\"justify\">Les mod\u00e8les sont disponibles \u00e0 l&rsquo;\u00e9chelle 1\/64 et sont livr\u00e9s dans une vitrine.  <\/p>\n<p align=\"justify\">R\u00e9put\u00e9 pour construire des mod\u00e8les de qualit\u00e9, notamment des r\u00e9pliques de l&rsquo;America&rsquo;s Cup, des yachts classiques, des navires historiques et des bateaux \u00e0 moteur, il consacre des centaines d&rsquo;heures \u00e0 la fabrication de chaque mod\u00e8le \u00e0 la main, de la planification initiale aux touches finales. En utilisant les meilleurs mat\u00e9riaux et des artisans hautement qualifi\u00e9s, les mod\u00e8les sont des r\u00e9pliques exactes jusque dans les moindres d\u00e9tails. <\/p>\n<p align=\"justify\">Ces mod\u00e8les de bureau haut de gamme F50 sont fabriqu\u00e9s en r\u00e9sine, avec des pi\u00e8ces photod\u00e9coup\u00e9es, une base acrylique et des tissus North Sails. Ils sont livr\u00e9s avec un support et un couvercle en plexiglas.<\/p>\n","protected":false},"excerpt":{"rendered":"<p align=\"justify\">Les fans peuvent d\u00e9sormais mettre la main sur leur propre F50, le catamaran volant r\u00e9volutionnaire utilis\u00e9 dans le nouveau championnat sportif mondial SailGP.<\/p>\n<p>Mod\u00e8le \u00e0 l&rsquo;\u00e9chelle 1\/64 ou 9-10&Prime; LOA.<\/p>\n<div class=\"gmail_default\">Vitrine :<\/div>\n<div class=\"gmail_default\">11,25 \u00ab\u00a0L x 7,75 \u00ab\u00a0L x 18 \u00ab\u00a0H<\/div>\n<div class=\"gmail_default\">28 cm de long x 19 cm de large x 45 cm de haut.<\/div>\n","protected":false},"featured_media":18450,"comment_status":"open","ping_status":"closed","template":"","meta":{"site-sidebar-layout":"default","site-content-layout":"","ast-site-content-layout":"default","site-content-style":"default","site-sidebar-style":"default","ast-global-header-display":"","ast-banner-title-visibility":"","ast-main-header-display":"","ast-hfb-above-header-display":"","ast-hfb-below-header-display":"","ast-hfb-mobile-header-display":"","site-post-title":"","ast-breadcrumbs-content":"","ast-featured-img":"","footer-sml-layout":"","theme-transparent-header-meta":"","adv-header-id-meta":"","stick-header-meta":"","header-above-stick-meta":"","header-main-stick-meta":"","header-below-stick-meta":"","astra-migrate-meta-layouts":"default","ast-page-background-enabled":"default","ast-page-background-meta":{"desktop":{"background-color":"var(--ast-global-color-5)","background-image":"","background-repeat":"repeat","background-position":"center center","background-size":"auto","background-attachment":"scroll","background-type":"","background-media":"","overlay-type":"","overlay-color":"","overlay-opacity":"","overlay-gradient":""},"tablet":{"background-color":"","background-image":"","background-repeat":"repeat","background-position":"center center","background-size":"auto","background-attachment":"scroll","background-type":"","background-media":"","overlay-type":"","overlay-color":"","overlay-opacity":"","overlay-gradient":""},"mobile":{"background-color":"","background-image":"","background-repeat":"repeat","background-position":"center center","background-size":"auto","background-attachment":"scroll","background-type":"","background-media":"","overlay-type":"","overlay-color":"","overlay-opacity":"","overlay-gradient":""}},"ast-content-background-meta":{"desktop":{"background-color":"var(--ast-global-color-4)","background-image":"","background-repeat":"repeat","background-position":"center center","background-size":"auto","background-attachment":"scroll","background-type":"","background-media":"","overlay-type":"","overlay-color":"","overlay-opacity":"","overlay-gradient":""},"tablet":{"background-color":"var(--ast-global-color-4)","background-image":"","background-repeat":"repeat","background-position":"center center","background-size":"auto","background-attachment":"scroll","background-type":"","background-media":"","overlay-type":"","overlay-color":"","overlay-opacity":"","overlay-gradient":""},"mobile":{"background-color":"var(--ast-global-color-4)","background-image":"","background-repeat":"repeat","background-position":"center center","background-size":"auto","background-attachment":"scroll","background-type":"","background-media":"","overlay-type":"","overlay-color":"","overlay-opacity":"","overlay-gradient":""}}},"product_brand":[],"product_cat":[10322,10331],"product_tag":[10374,10381,10498,10494],"class_list":{"0":"post-74569","1":"product","2":"type-product","3":"status-publish","4":"has-post-thumbnail","6":"product_cat-maquettes-de-bateau","7":"product_cat-modeles-de-bureaux","8":"product_tag-abordage","9":"product_tag-modele-de-bureau","10":"product_tag-modele-de-bureau-sail-gp-new-zealand","11":"product_tag-sailgp","12":"desktop-align-center","13":"tablet-align-left","14":"mobile-align-left","15":"ast-product-gallery-layout-horizontal-slider","16":"ast-magnify-disabled","17":"ast-product-tabs-layout-accordion","18":"ast-qv-on-image","20":"first","21":"instock","22":"shipping-taxable","23":"purchasable","24":"product-type-simple"},"_links":{"self":[{"href":"https:\/\/abordage.com\/fr\/wp-json\/wp\/v2\/product\/74569","targetHints":{"allow":["GET"]}}],"collection":[{"href":"https:\/\/abordage.com\/fr\/wp-json\/wp\/v2\/product"}],"about":[{"href":"https:\/\/abordage.com\/fr\/wp-json\/wp\/v2\/types\/product"}],"replies":[{"embeddable":true,"href":"https:\/\/abordage.com\/fr\/wp-json\/wp\/v2\/comments?post=74569"}],"version-history":[{"count":0,"href":"https:\/\/abordage.com\/fr\/wp-json\/wp\/v2\/product\/74569\/revisions"}],"wp:featuredmedia":[{"embeddable":true,"href":"https:\/\/abordage.com\/fr\/wp-json\/wp\/v2\/media\/18450"}],"wp:attachment":[{"href":"https:\/\/abordage.com\/fr\/wp-json\/wp\/v2\/media?parent=74569"}],"wp:term":[{"taxonomy":"product_brand","embeddable":true,"href":"https:\/\/abordage.com\/fr\/wp-json\/wp\/v2\/product_brand?post=74569"},{"taxonomy":"product_cat","embeddable":true,"href":"https:\/\/abordage.com\/fr\/wp-json\/wp\/v2\/product_cat?post=74569"},{"taxonomy":"product_tag","embeddable":true,"href":"https:\/\/abordage.com\/fr\/wp-json\/wp\/v2\/product_tag?post=74569"}],"curies":[{"name":"wp","href":"https:\/\/api.w.org\/{rel}","templated":true}]}}