{"id":74857,"date":"2013-01-24T13:22:08","date_gmt":"2013-01-24T13:22:08","guid":{"rendered":"https:\/\/abordage.com\/shop\/non class\u00e9\/crochet-de-galway\/"},"modified":"2026-02-01T18:00:25","modified_gmt":"2026-02-01T22:00:25","slug":"crochet-de-galway","status":"publish","type":"product","link":"https:\/\/abordage.com\/fr\/shop\/boutique\/maquettes-de-bateau\/modeles-de-bureaux\/crochet-de-galway\/","title":{"rendered":"Crochet de Galway"},"content":{"rendered":"<p>Abordage est fier de vous pr\u00e9senter ce nouvel article de sa s\u00e9rie de mod\u00e8les de bureau, le Galway Hooker.<\/p>\n<p>Le Galway hooker (irlandais : b\u00e1d m\u00f3r ou h\u00faic\u00e9ir) est un bateau de p\u00eache traditionnel utilis\u00e9 dans la baie de Galway, au large de la c\u00f4te ouest de l&rsquo;Irlande. Le hooker a \u00e9t\u00e9 d\u00e9velopp\u00e9 pour les mers fortes de cette r\u00e9gion. Il est reconnaissable \u00e0 la forme particuli\u00e8re de ses voiles. Il se compose d&rsquo;un seul m\u00e2t avec une grande voile et deux voiles d&rsquo;avant. Traditionnellement, le bateau est noir (il est enduit de poix) et les voiles sont d&rsquo;un rouge-brun fonc\u00e9.    <\/p>\n<p>R\u00e9cemment, le hooker de Galway a connu une renaissance et un regain d&rsquo;int\u00e9r\u00eat, et les bateaux continuent d&rsquo;\u00eatre construits avec beaucoup de soin. Le festival de Cruinni\u00fa na mB\u00e1d a lieu chaque ann\u00e9e, lorsque les bateaux traversent la baie de Galway depuis le Connemara jusqu&rsquo;\u00e0 Kinvara, \u00e0 la fronti\u00e8re entre Galway et le comt\u00e9 de Claire. <\/p>\n<div class=\"gmail_default\">Galway Dimensions du crochet :<\/div>\n<div class=\"gmail_default\">sans la vitrine 11&Prime; L x 3&Prime; L x 9 75&Prime; H. L x 9,75&Prime; H.<\/div>\n<div class=\"gmail_default\">\n<div>avec la vitrine 11.25&Prime; L x 3.25&Prime; L x 10&Prime; H<\/div>\n<\/p><\/div>\n","protected":false},"excerpt":{"rendered":"<h4>La r\u00e9plique du Galway Hooker est d&rsquo;une qualit\u00e9 artisanale remarquable compte tenu de l&rsquo;\u00e9chelle de construction.<\/h4>\n<h4>Il est livr\u00e9 avec une vitrine de protection qui mettra en valeur votre pi\u00e8ce. La coque est noire avec une bande blanche et les voiles sont d&rsquo;un rouge classique. <\/h4>\n<div class=\"gmail_default\"><\/div><\/p>\n","protected":false},"featured_media":13299,"comment_status":"open","ping_status":"closed","template":"","meta":{"site-sidebar-layout":"default","site-content-layout":"","ast-site-content-layout":"default","site-content-style":"default","site-sidebar-style":"default","ast-global-header-display":"","ast-banner-title-visibility":"","ast-main-header-display":"","ast-hfb-above-header-display":"","ast-hfb-below-header-display":"","ast-hfb-mobile-header-display":"","site-post-title":"","ast-breadcrumbs-content":"","ast-featured-img":"","footer-sml-layout":"","theme-transparent-header-meta":"","adv-header-id-meta":"","stick-header-meta":"","header-above-stick-meta":"","header-main-stick-meta":"","header-below-stick-meta":"","astra-migrate-meta-layouts":"default","ast-page-background-enabled":"default","ast-page-background-meta":{"desktop":{"background-color":"var(--ast-global-color-5)","background-image":"","background-repeat":"repeat","background-position":"center center","background-size":"auto","background-attachment":"scroll","background-type":"","background-media":"","overlay-type":"","overlay-color":"","overlay-opacity":"","overlay-gradient":""},"tablet":{"background-color":"","background-image":"","background-repeat":"repeat","background-position":"center center","background-size":"auto","background-attachment":"scroll","background-type":"","background-media":"","overlay-type":"","overlay-color":"","overlay-opacity":"","overlay-gradient":""},"mobile":{"background-color":"","background-image":"","background-repeat":"repeat","background-position":"center center","background-size":"auto","background-attachment":"scroll","background-type":"","background-media":"","overlay-type":"","overlay-color":"","overlay-opacity":"","overlay-gradient":""}},"ast-content-background-meta":{"desktop":{"background-color":"var(--ast-global-color-4)","background-image":"","background-repeat":"repeat","background-position":"center center","background-size":"auto","background-attachment":"scroll","background-type":"","background-media":"","overlay-type":"","overlay-color":"","overlay-opacity":"","overlay-gradient":""},"tablet":{"background-color":"var(--ast-global-color-4)","background-image":"","background-repeat":"repeat","background-position":"center center","background-size":"auto","background-attachment":"scroll","background-type":"","background-media":"","overlay-type":"","overlay-color":"","overlay-opacity":"","overlay-gradient":""},"mobile":{"background-color":"var(--ast-global-color-4)","background-image":"","background-repeat":"repeat","background-position":"center center","background-size":"auto","background-attachment":"scroll","background-type":"","background-media":"","overlay-type":"","overlay-color":"","overlay-opacity":"","overlay-gradient":""}}},"product_brand":[],"product_cat":[10331],"product_tag":[10374,10379,10544,10381],"class_list":{"0":"post-74857","1":"product","2":"type-product","3":"status-publish","4":"has-post-thumbnail","6":"product_cat-modeles-de-bureaux","7":"product_tag-abordage","8":"product_tag-boutique","9":"product_tag-crochet-de-galway","10":"product_tag-modele-de-bureau","11":"desktop-align-center","12":"tablet-align-left","13":"mobile-align-left","14":"ast-product-gallery-layout-horizontal-slider","15":"ast-magnify-disabled","16":"ast-product-tabs-layout-accordion","17":"ast-qv-on-image","19":"first","20":"instock","21":"shipping-taxable","22":"purchasable","23":"product-type-simple"},"_links":{"self":[{"href":"https:\/\/abordage.com\/fr\/wp-json\/wp\/v2\/product\/74857","targetHints":{"allow":["GET"]}}],"collection":[{"href":"https:\/\/abordage.com\/fr\/wp-json\/wp\/v2\/product"}],"about":[{"href":"https:\/\/abordage.com\/fr\/wp-json\/wp\/v2\/types\/product"}],"replies":[{"embeddable":true,"href":"https:\/\/abordage.com\/fr\/wp-json\/wp\/v2\/comments?post=74857"}],"version-history":[{"count":0,"href":"https:\/\/abordage.com\/fr\/wp-json\/wp\/v2\/product\/74857\/revisions"}],"wp:featuredmedia":[{"embeddable":true,"href":"https:\/\/abordage.com\/fr\/wp-json\/wp\/v2\/media\/13299"}],"wp:attachment":[{"href":"https:\/\/abordage.com\/fr\/wp-json\/wp\/v2\/media?parent=74857"}],"wp:term":[{"taxonomy":"product_brand","embeddable":true,"href":"https:\/\/abordage.com\/fr\/wp-json\/wp\/v2\/product_brand?post=74857"},{"taxonomy":"product_cat","embeddable":true,"href":"https:\/\/abordage.com\/fr\/wp-json\/wp\/v2\/product_cat?post=74857"},{"taxonomy":"product_tag","embeddable":true,"href":"https:\/\/abordage.com\/fr\/wp-json\/wp\/v2\/product_tag?post=74857"}],"curies":[{"name":"wp","href":"https:\/\/api.w.org\/{rel}","templated":true}]}}