{"id":74944,"date":"2014-12-02T14:40:03","date_gmt":"2014-12-02T14:40:03","guid":{"rendered":"https:\/\/abordage.com\/shop\/non class\u00e9\/la-pinta-1492\/"},"modified":"2014-12-02T14:40:03","modified_gmt":"2014-12-02T18:40:03","slug":"la-pinta-1492","status":"publish","type":"product","link":"https:\/\/abordage.com\/fr\/shop\/boutique\/maquettes-de-bateau\/modeles-de-bureaux\/la-pinta-1492\/","title":{"rendered":"La Pinta 1492"},"content":{"rendered":"<p>La Pinta est le plus rapide des trois navires utilis\u00e9s par Christophe Colomb lors de son premier voyage transatlantique en 1492.<\/p>\n<p>Le Nouveau Monde a \u00e9t\u00e9 aper\u00e7u pour la premi\u00e8re fois par Rodrigo de Triana sur la Pinta le 12 octobre 1492. Le propri\u00e9taire de la Pinta \u00e9tait Cristobal Quintero. Les fr\u00e8res Quintero \u00e9taient des armateurs de Palos.<\/p>\n<p>Le propri\u00e9taire du navire a permis \u00e0 Martin Alonso Pinzon de prendre en charge le navire afin qu&rsquo;il puisse le surveiller. Le Pinta \u00e9tait un navire de type caravelle. La tradition veut que les navires espagnols soient nomm\u00e9s d&rsquo;apr\u00e8s des saints et re\u00e7oivent g\u00e9n\u00e9ralement des surnoms. Ainsi, la Pinta, comme la Ni\u00f1a, n&rsquo;\u00e9tait pas le nom r\u00e9el du navire.<\/p>\n<p>Le nom actuel de la Pinta n&rsquo;est pas connu. L&rsquo;origine du navire est controvers\u00e9e, mais on pense qu&rsquo;il a \u00e9t\u00e9 construit en Espagne en 1441. Il a ensuite \u00e9t\u00e9 reconstruit pour \u00eatre utilis\u00e9 par Christophe Colomb. Extrait de Wikip\u00e9dia.<\/p>\n","protected":false},"excerpt":{"rendered":"<p>D\u00e9couvrez la Pinta, l&rsquo;une des trois caravelles utilis\u00e9es par Christophe Colomb lors de son voyage en Am\u00e9rique.<\/p>\n<p>Livr\u00e9 avec un \u00e9tui de protection.<\/p>\n","protected":false},"featured_media":13598,"comment_status":"open","ping_status":"closed","template":"","meta":{"site-sidebar-layout":"default","site-content-layout":"","ast-site-content-layout":"default","site-content-style":"default","site-sidebar-style":"default","ast-global-header-display":"","ast-banner-title-visibility":"","ast-main-header-display":"","ast-hfb-above-header-display":"","ast-hfb-below-header-display":"","ast-hfb-mobile-header-display":"","site-post-title":"","ast-breadcrumbs-content":"","ast-featured-img":"","footer-sml-layout":"","theme-transparent-header-meta":"","adv-header-id-meta":"","stick-header-meta":"","header-above-stick-meta":"","header-main-stick-meta":"","header-below-stick-meta":"","astra-migrate-meta-layouts":"default","ast-page-background-enabled":"default","ast-page-background-meta":{"desktop":{"background-color":"var(--ast-global-color-5)","background-image":"","background-repeat":"repeat","background-position":"center center","background-size":"auto","background-attachment":"scroll","background-type":"","background-media":"","overlay-type":"","overlay-color":"","overlay-opacity":"","overlay-gradient":""},"tablet":{"background-color":"","background-image":"","background-repeat":"repeat","background-position":"center center","background-size":"auto","background-attachment":"scroll","background-type":"","background-media":"","overlay-type":"","overlay-color":"","overlay-opacity":"","overlay-gradient":""},"mobile":{"background-color":"","background-image":"","background-repeat":"repeat","background-position":"center center","background-size":"auto","background-attachment":"scroll","background-type":"","background-media":"","overlay-type":"","overlay-color":"","overlay-opacity":"","overlay-gradient":""}},"ast-content-background-meta":{"desktop":{"background-color":"var(--ast-global-color-4)","background-image":"","background-repeat":"repeat","background-position":"center center","background-size":"auto","background-attachment":"scroll","background-type":"","background-media":"","overlay-type":"","overlay-color":"","overlay-opacity":"","overlay-gradient":""},"tablet":{"background-color":"var(--ast-global-color-4)","background-image":"","background-repeat":"repeat","background-position":"center center","background-size":"auto","background-attachment":"scroll","background-type":"","background-media":"","overlay-type":"","overlay-color":"","overlay-opacity":"","overlay-gradient":""},"mobile":{"background-color":"var(--ast-global-color-4)","background-image":"","background-repeat":"repeat","background-position":"center center","background-size":"auto","background-attachment":"scroll","background-type":"","background-media":"","overlay-type":"","overlay-color":"","overlay-opacity":"","overlay-gradient":""}}},"product_brand":[],"product_cat":[10331],"product_tag":[10374,10379,10561,10381],"class_list":{"0":"post-74944","1":"product","2":"type-product","3":"status-publish","4":"has-post-thumbnail","6":"product_cat-modeles-de-bureaux","7":"product_tag-abordage","8":"product_tag-boutique","9":"product_tag-la-pinta-1492","10":"product_tag-modele-de-bureau","11":"desktop-align-center","12":"tablet-align-left","13":"mobile-align-left","14":"ast-product-gallery-layout-horizontal-slider","15":"ast-magnify-disabled","16":"ast-product-tabs-layout-accordion","17":"ast-qv-on-image","19":"first","20":"instock","21":"shipping-taxable","22":"purchasable","23":"product-type-simple"},"_links":{"self":[{"href":"https:\/\/abordage.com\/fr\/wp-json\/wp\/v2\/product\/74944","targetHints":{"allow":["GET"]}}],"collection":[{"href":"https:\/\/abordage.com\/fr\/wp-json\/wp\/v2\/product"}],"about":[{"href":"https:\/\/abordage.com\/fr\/wp-json\/wp\/v2\/types\/product"}],"replies":[{"embeddable":true,"href":"https:\/\/abordage.com\/fr\/wp-json\/wp\/v2\/comments?post=74944"}],"version-history":[{"count":0,"href":"https:\/\/abordage.com\/fr\/wp-json\/wp\/v2\/product\/74944\/revisions"}],"wp:featuredmedia":[{"embeddable":true,"href":"https:\/\/abordage.com\/fr\/wp-json\/wp\/v2\/media\/13598"}],"wp:attachment":[{"href":"https:\/\/abordage.com\/fr\/wp-json\/wp\/v2\/media?parent=74944"}],"wp:term":[{"taxonomy":"product_brand","embeddable":true,"href":"https:\/\/abordage.com\/fr\/wp-json\/wp\/v2\/product_brand?post=74944"},{"taxonomy":"product_cat","embeddable":true,"href":"https:\/\/abordage.com\/fr\/wp-json\/wp\/v2\/product_cat?post=74944"},{"taxonomy":"product_tag","embeddable":true,"href":"https:\/\/abordage.com\/fr\/wp-json\/wp\/v2\/product_tag?post=74944"}],"curies":[{"name":"wp","href":"https:\/\/api.w.org\/{rel}","templated":true}]}}