{"id":74998,"date":"2016-11-27T16:51:26","date_gmt":"2016-11-27T16:51:26","guid":{"rendered":"https:\/\/abordage.com\/shop\/non class\u00e9\/stars-stripes-87\/"},"modified":"2016-11-27T16:51:26","modified_gmt":"2016-11-27T20:51:26","slug":"stars-stripes-87","status":"publish","type":"product","link":"https:\/\/abordage.com\/fr\/shop\/boutique\/demi-coques-et-demi-maquettes\/demi-coques\/stars-stripes-87\/","title":{"rendered":"Stars &amp; Stripes 87"},"content":{"rendered":"<p>Coque en bois fabriqu\u00e9e \u00e0 la main.  <\/p>\n<p>Taille de la coque : 60cm.<\/p>\n<p>Taille du tableau : 75cm X 20cm<\/p><\/p>\n","protected":false},"excerpt":{"rendered":"<h4>Stars &amp; Stripes ( 1986 ) demi-coque en bois fabriqu\u00e9e \u00e0 la main. Con\u00e7u par <a title=\"Britton Chance, Jr.\" href=\"https:\/\/en.wikipedia.org\/wiki\/Britton_Chance,_Jr.\">Britton Chance Jr<\/a>, Bruce Nelson, David Pedrick. Commandez en ligne, livraison dans le monde entier.  <\/h4>\n<p><em><strong>Stars &amp; Stripes 87<\/strong><\/em> (US 55) \u00e9tait le bateau d\u00e9fi de <a title=\"Classe 12 m\u00e8tres\" href=\"https:\/\/en.wikipedia.org\/wiki\/12-metre_class\">12 m\u00e8tres<\/a> navigu\u00e9 par <a title=\"Dennis Conner\" href=\"https:\/\/en.wikipedia.org\/wiki\/Dennis_Conner\">Dennis Conner<\/a> dans sa tentative de r\u00e9cup\u00e9rer la <a class=\"gmail-mw-redirect\" title=\"Coupe de l'America\" href=\"https:\/\/en.wikipedia.org\/wiki\/America%E2%80%99s_Cup\">Coupe de l&rsquo;America<\/a> au Royal Perth Yacht Club d&rsquo;Australie en 1987.<\/p>\n","protected":false},"featured_media":14849,"comment_status":"open","ping_status":"closed","template":"","meta":{"site-sidebar-layout":"default","site-content-layout":"","ast-site-content-layout":"default","site-content-style":"default","site-sidebar-style":"default","ast-global-header-display":"","ast-banner-title-visibility":"","ast-main-header-display":"","ast-hfb-above-header-display":"","ast-hfb-below-header-display":"","ast-hfb-mobile-header-display":"","site-post-title":"","ast-breadcrumbs-content":"","ast-featured-img":"","footer-sml-layout":"","theme-transparent-header-meta":"","adv-header-id-meta":"","stick-header-meta":"","header-above-stick-meta":"","header-main-stick-meta":"","header-below-stick-meta":"","astra-migrate-meta-layouts":"default","ast-page-background-enabled":"default","ast-page-background-meta":{"desktop":{"background-color":"var(--ast-global-color-5)","background-image":"","background-repeat":"repeat","background-position":"center center","background-size":"auto","background-attachment":"scroll","background-type":"","background-media":"","overlay-type":"","overlay-color":"","overlay-opacity":"","overlay-gradient":""},"tablet":{"background-color":"","background-image":"","background-repeat":"repeat","background-position":"center center","background-size":"auto","background-attachment":"scroll","background-type":"","background-media":"","overlay-type":"","overlay-color":"","overlay-opacity":"","overlay-gradient":""},"mobile":{"background-color":"","background-image":"","background-repeat":"repeat","background-position":"center center","background-size":"auto","background-attachment":"scroll","background-type":"","background-media":"","overlay-type":"","overlay-color":"","overlay-opacity":"","overlay-gradient":""}},"ast-content-background-meta":{"desktop":{"background-color":"var(--ast-global-color-4)","background-image":"","background-repeat":"repeat","background-position":"center center","background-size":"auto","background-attachment":"scroll","background-type":"","background-media":"","overlay-type":"","overlay-color":"","overlay-opacity":"","overlay-gradient":""},"tablet":{"background-color":"var(--ast-global-color-4)","background-image":"","background-repeat":"repeat","background-position":"center center","background-size":"auto","background-attachment":"scroll","background-type":"","background-media":"","overlay-type":"","overlay-color":"","overlay-opacity":"","overlay-gradient":""},"mobile":{"background-color":"var(--ast-global-color-4)","background-image":"","background-repeat":"repeat","background-position":"center center","background-size":"auto","background-attachment":"scroll","background-type":"","background-media":"","overlay-type":"","overlay-color":"","overlay-opacity":"","overlay-gradient":""}}},"product_brand":[],"product_cat":[10340,10343],"product_tag":[10379],"class_list":{"0":"post-74998","1":"product","2":"type-product","3":"status-publish","4":"has-post-thumbnail","6":"product_cat-demi-coques-et-demi-maquettes","7":"product_cat-demi-coques","8":"product_tag-boutique","9":"desktop-align-center","10":"tablet-align-left","11":"mobile-align-left","12":"ast-product-gallery-layout-horizontal-slider","13":"ast-magnify-disabled","14":"ast-product-tabs-layout-accordion","15":"ast-qv-on-image","17":"first","18":"instock","19":"shipping-taxable","20":"purchasable","21":"product-type-simple"},"_links":{"self":[{"href":"https:\/\/abordage.com\/fr\/wp-json\/wp\/v2\/product\/74998","targetHints":{"allow":["GET"]}}],"collection":[{"href":"https:\/\/abordage.com\/fr\/wp-json\/wp\/v2\/product"}],"about":[{"href":"https:\/\/abordage.com\/fr\/wp-json\/wp\/v2\/types\/product"}],"replies":[{"embeddable":true,"href":"https:\/\/abordage.com\/fr\/wp-json\/wp\/v2\/comments?post=74998"}],"version-history":[{"count":0,"href":"https:\/\/abordage.com\/fr\/wp-json\/wp\/v2\/product\/74998\/revisions"}],"wp:featuredmedia":[{"embeddable":true,"href":"https:\/\/abordage.com\/fr\/wp-json\/wp\/v2\/media\/14849"}],"wp:attachment":[{"href":"https:\/\/abordage.com\/fr\/wp-json\/wp\/v2\/media?parent=74998"}],"wp:term":[{"taxonomy":"product_brand","embeddable":true,"href":"https:\/\/abordage.com\/fr\/wp-json\/wp\/v2\/product_brand?post=74998"},{"taxonomy":"product_cat","embeddable":true,"href":"https:\/\/abordage.com\/fr\/wp-json\/wp\/v2\/product_cat?post=74998"},{"taxonomy":"product_tag","embeddable":true,"href":"https:\/\/abordage.com\/fr\/wp-json\/wp\/v2\/product_tag?post=74998"}],"curies":[{"name":"wp","href":"https:\/\/api.w.org\/{rel}","templated":true}]}}