{"id":75024,"date":"2009-11-16T15:50:01","date_gmt":"2009-11-16T15:50:01","guid":{"rendered":"https:\/\/abordage.com\/shop\/non class\u00e9\/weatherly-1962\/"},"modified":"2026-02-01T18:04:05","modified_gmt":"2026-02-01T22:04:05","slug":"weatherly-1962","status":"publish","type":"product","link":"https:\/\/abordage.com\/fr\/shop\/boutique\/demi-coques-et-demi-maquettes\/demi-coques\/weatherly-1962\/","title":{"rendered":"Weatherly 1962"},"content":{"rendered":"<h3 class=\"page-subheading\"><strong>Une r\u00e9plique sur mesure<\/strong><\/h3>\n<p>Abordage a construit plus de <strong>3 000 mod\u00e8les de bateaux personnalis\u00e9s<\/strong> au cours des 30 derni\u00e8res<strong> ann\u00e9es<\/strong>, avec encore plus de <strong>propri\u00e9taires satisfaits dans le monde entier.<\/strong><br \/>Notre \u00e9quipe a une grande exp\u00e9rience dans la construction de mod\u00e8les de bateaux personnalis\u00e9s pour les propri\u00e9taires priv\u00e9s, les concepteurs de yachts et les chantiers navals.<br \/>Le mod\u00e8le de n&rsquo;importe quel navire, de n&rsquo;importe quelle p\u00e9riode, peut \u00eatre command\u00e9 gr\u00e2ce \u00e0 notre longue exp\u00e9rience dans la construction de mod\u00e8les personnalis\u00e9s uniques.<\/p>\n<p><strong>    <\/strong><\/p>\n<p><a title=\"Obtenez votre devis gratuit\" href=\"https:\/\/forms.zohopublic.com\/people443\/form\/GetYourfreeQuote\/formperma\/wC-bOBvv7QsQrPA1r0HwbXppBwC6JFMS7jfeubY7kOw\" target=\"_blank\" rel=\"noopener\">N&rsquo;h\u00e9sitez pas \u00e0 nous contacter pour un devis personnalis\u00e9.<\/a><\/p>\n","protected":false},"excerpt":{"rendered":"<h4>Weatherly 1962 con\u00e7u par Philip Leonard Rhodes. Demi-coque construite par Abordage. <\/h4>\n","protected":false},"featured_media":12756,"comment_status":"open","ping_status":"closed","template":"","meta":{"site-sidebar-layout":"default","site-content-layout":"","ast-site-content-layout":"default","site-content-style":"default","site-sidebar-style":"default","ast-global-header-display":"","ast-banner-title-visibility":"","ast-main-header-display":"","ast-hfb-above-header-display":"","ast-hfb-below-header-display":"","ast-hfb-mobile-header-display":"","site-post-title":"","ast-breadcrumbs-content":"","ast-featured-img":"","footer-sml-layout":"","theme-transparent-header-meta":"","adv-header-id-meta":"","stick-header-meta":"","header-above-stick-meta":"","header-main-stick-meta":"","header-below-stick-meta":"","astra-migrate-meta-layouts":"default","ast-page-background-enabled":"default","ast-page-background-meta":{"desktop":{"background-color":"var(--ast-global-color-5)","background-image":"","background-repeat":"repeat","background-position":"center center","background-size":"auto","background-attachment":"scroll","background-type":"","background-media":"","overlay-type":"","overlay-color":"","overlay-opacity":"","overlay-gradient":""},"tablet":{"background-color":"","background-image":"","background-repeat":"repeat","background-position":"center center","background-size":"auto","background-attachment":"scroll","background-type":"","background-media":"","overlay-type":"","overlay-color":"","overlay-opacity":"","overlay-gradient":""},"mobile":{"background-color":"","background-image":"","background-repeat":"repeat","background-position":"center center","background-size":"auto","background-attachment":"scroll","background-type":"","background-media":"","overlay-type":"","overlay-color":"","overlay-opacity":"","overlay-gradient":""}},"ast-content-background-meta":{"desktop":{"background-color":"var(--ast-global-color-4)","background-image":"","background-repeat":"repeat","background-position":"center center","background-size":"auto","background-attachment":"scroll","background-type":"","background-media":"","overlay-type":"","overlay-color":"","overlay-opacity":"","overlay-gradient":""},"tablet":{"background-color":"var(--ast-global-color-4)","background-image":"","background-repeat":"repeat","background-position":"center center","background-size":"auto","background-attachment":"scroll","background-type":"","background-media":"","overlay-type":"","overlay-color":"","overlay-opacity":"","overlay-gradient":""},"mobile":{"background-color":"var(--ast-global-color-4)","background-image":"","background-repeat":"repeat","background-position":"center center","background-size":"auto","background-attachment":"scroll","background-type":"","background-media":"","overlay-type":"","overlay-color":"","overlay-opacity":"","overlay-gradient":""}}},"product_brand":[],"product_cat":[10340,10343],"product_tag":[10374,10375,10377,10376,10570],"class_list":{"0":"post-75024","1":"product","2":"type-product","3":"status-publish","4":"has-post-thumbnail","6":"product_cat-demi-coques-et-demi-maquettes","7":"product_cat-demi-coques","8":"product_tag-abordage","9":"product_tag-bateau-a-moteur","10":"product_tag-modele-de-bateau-a-moteur-personnalise","11":"product_tag-sur-mesure","12":"product_tag-weatherly-1962","13":"desktop-align-center","14":"tablet-align-left","15":"mobile-align-left","16":"ast-product-gallery-layout-horizontal-slider","17":"ast-magnify-disabled","18":"ast-product-tabs-layout-accordion","19":"ast-qv-on-image","21":"first","22":"instock","23":"shipping-taxable","24":"purchasable","25":"product-type-simple"},"_links":{"self":[{"href":"https:\/\/abordage.com\/fr\/wp-json\/wp\/v2\/product\/75024","targetHints":{"allow":["GET"]}}],"collection":[{"href":"https:\/\/abordage.com\/fr\/wp-json\/wp\/v2\/product"}],"about":[{"href":"https:\/\/abordage.com\/fr\/wp-json\/wp\/v2\/types\/product"}],"replies":[{"embeddable":true,"href":"https:\/\/abordage.com\/fr\/wp-json\/wp\/v2\/comments?post=75024"}],"version-history":[{"count":0,"href":"https:\/\/abordage.com\/fr\/wp-json\/wp\/v2\/product\/75024\/revisions"}],"wp:featuredmedia":[{"embeddable":true,"href":"https:\/\/abordage.com\/fr\/wp-json\/wp\/v2\/media\/12756"}],"wp:attachment":[{"href":"https:\/\/abordage.com\/fr\/wp-json\/wp\/v2\/media?parent=75024"}],"wp:term":[{"taxonomy":"product_brand","embeddable":true,"href":"https:\/\/abordage.com\/fr\/wp-json\/wp\/v2\/product_brand?post=75024"},{"taxonomy":"product_cat","embeddable":true,"href":"https:\/\/abordage.com\/fr\/wp-json\/wp\/v2\/product_cat?post=75024"},{"taxonomy":"product_tag","embeddable":true,"href":"https:\/\/abordage.com\/fr\/wp-json\/wp\/v2\/product_tag?post=75024"}],"curies":[{"name":"wp","href":"https:\/\/api.w.org\/{rel}","templated":true}]}}